{"id":2920,"date":"2025-01-22T03:15:23","date_gmt":"2025-01-22T03:15:23","guid":{"rendered":"https:\/\/congnghebangtai.com\/?page_id=2920"},"modified":"2025-02-13T04:25:16","modified_gmt":"2025-02-13T04:25:16","slug":"con-lan-chong-lech-bang-tai-tru-trac","status":"publish","type":"page","link":"https:\/\/congnghebangtai.com\/?page_id=2920","title":{"rendered":"CON L\u0102N CH\u1ed0NG L\u1ec6CH B\u0102NG T\u1ea2I TRU-TRAC"},"content":{"rendered":"<style>.kadence-column2920_874e89-cb > .kt-inside-inner-col,.kadence-column2920_874e89-cb > .kt-inside-inner-col:before{border-top-left-radius:0px;border-top-right-radius:0px;border-bottom-right-radius:0px;border-bottom-left-radius:0px;}.kadence-column2920_874e89-cb > .kt-inside-inner-col:before{opacity:0.3;}.kadence-column2920_874e89-cb{position:relative;}<\/style>\n<div class=\"wp-block-kadence-column kadence-column2920_874e89-cb\"><div class=\"kt-inside-inner-col\">\n<div class=\"wp-block-columns is-layout-flex wp-container-core-columns-is-layout-9d6595d7 wp-block-columns-is-layout-flex\">\n<div class=\"wp-block-column is-layout-flow wp-block-column-is-layout-flow\"><style>.kb-image2920_1eac34-a5.kb-image-is-ratio-size, .kb-image2920_1eac34-a5 .kb-image-is-ratio-size{max-width:428px;width:100%;}.kb-image2920_1eac34-a5 figure{max-width:428px;}.kb-image2920_1eac34-a5 .image-is-svg, .kb-image2920_1eac34-a5 .image-is-svg img{width:100%;}.kb-image2920_1eac34-a5 .kb-image-has-overlay:after{opacity:0.3;}<\/style>\n<div class=\"wp-block-kadence-image kb-image2920_1eac34-a5\"><figure class=\"aligncenter size-full\"><a href=\"https:\/\/congnghebangtai.com\/?page_id=2942\" class=\"kb-advanced-image-link\"><img fetchpriority=\"high\" decoding=\"async\" width=\"500\" height=\"380\" src=\"https:\/\/congnghebangtai.com\/wp-content\/uploads\/2025\/02\/taper-trough-min-1.png\" alt=\"\" class=\"kb-img wp-image-3535\" srcset=\"https:\/\/congnghebangtai.com\/wp-content\/uploads\/2025\/02\/taper-trough-min-1.png 500w, https:\/\/congnghebangtai.com\/wp-content\/uploads\/2025\/02\/taper-trough-min-1-300x228.png 300w\" sizes=\"(max-width: 500px) 100vw, 500px\" \/><\/a><\/figure><\/div>\n\n\n\n<h2 class=\"wp-block-heading has-text-align-center\"><a href=\"https:\/\/congnghebangtai.com\/?page_id=2942\">Con L\u0103n Ch\u1ed1ng L\u1ec7ch Nh\u00e1nh C\u00f3 T\u1ea3i <br>D\u1ea1ng H\u00ecnh C\u00f4n<\/a><\/h2>\n\n\n\n<p><\/p>\n<\/div>\n\n\n\n<div class=\"wp-block-column is-layout-flow wp-block-column-is-layout-flow\"><style>.kb-image2920_b6fca3-47.kb-image-is-ratio-size, .kb-image2920_b6fca3-47 .kb-image-is-ratio-size{max-width:431px;width:100%;}.kb-image2920_b6fca3-47 figure{max-width:431px;}.kb-image2920_b6fca3-47 .image-is-svg, .kb-image2920_b6fca3-47 .image-is-svg img{width:100%;}.kb-image2920_b6fca3-47 .kb-image-has-overlay:after{opacity:0.3;}<\/style>\n<div class=\"wp-block-kadence-image kb-image2920_b6fca3-47\"><figure class=\"aligncenter size-full\"><a href=\"https:\/\/congnghebangtai.com\/?page_id=2952\" class=\"kb-advanced-image-link\"><img decoding=\"async\" width=\"500\" height=\"380\" src=\"https:\/\/congnghebangtai.com\/wp-content\/uploads\/2025\/01\/03-min-1-1.png\" alt=\"\" class=\"kb-img wp-image-3043\" srcset=\"https:\/\/congnghebangtai.com\/wp-content\/uploads\/2025\/01\/03-min-1-1.png 500w, https:\/\/congnghebangtai.com\/wp-content\/uploads\/2025\/01\/03-min-1-1-300x228.png 300w\" sizes=\"(max-width: 500px) 100vw, 500px\" \/><\/a><\/figure><\/div>\n\n\n\n<h2 class=\"wp-block-heading has-text-align-center\"><a href=\"https:\/\/congnghebangtai.com\/?page_id=2952\">Con L\u0103n Ch\u1ed1ng L\u1ec7ch Nh\u00e1nh C\u00f3 T\u1ea3i <br>Chuy\u00ean D\u1ee5ng D\u1ea1ng H\u00ecnh C\u00f4n<\/a><\/h2>\n\n\n\n<p><\/p>\n<\/div>\n<\/div>\n<\/div><\/div>\n\n\n<style>.kadence-column2920_b5ad21-99 > .kt-inside-inner-col,.kadence-column2920_b5ad21-99 > .kt-inside-inner-col:before{border-top-left-radius:0px;border-top-right-radius:0px;border-bottom-right-radius:0px;border-bottom-left-radius:0px;}.kadence-column2920_b5ad21-99 > .kt-inside-inner-col:before{opacity:0.3;}.kadence-column2920_b5ad21-99{position:relative;}<\/style>\n<div class=\"wp-block-kadence-column kadence-column2920_b5ad21-99\"><div class=\"kt-inside-inner-col\">\n<div class=\"wp-block-columns is-layout-flex wp-container-core-columns-is-layout-9d6595d7 wp-block-columns-is-layout-flex\">\n<div class=\"wp-block-column is-layout-flow wp-block-column-is-layout-flow\"><style>.kb-image2920_32841b-13.kb-image-is-ratio-size, .kb-image2920_32841b-13 .kb-image-is-ratio-size{max-width:483px;width:100%;}.kb-image2920_32841b-13 figure{max-width:483px;}.kb-image2920_32841b-13 .image-is-svg, .kb-image2920_32841b-13 .image-is-svg img{width:100%;}.kb-image2920_32841b-13 .kb-image-has-overlay:after{opacity:0.3;}<\/style>\n<div class=\"wp-block-kadence-image kb-image2920_32841b-13\"><figure class=\"aligncenter size-full\"><a href=\"https:\/\/congnghebangtai.com\/?page_id=2956\" class=\"kb-advanced-image-link\"><img decoding=\"async\" width=\"500\" height=\"380\" src=\"https:\/\/congnghebangtai.com\/wp-content\/uploads\/2025\/01\/flat-return-tracker-min-1.png\" alt=\"\" class=\"kb-img wp-image-3046\" srcset=\"https:\/\/congnghebangtai.com\/wp-content\/uploads\/2025\/01\/flat-return-tracker-min-1.png 500w, https:\/\/congnghebangtai.com\/wp-content\/uploads\/2025\/01\/flat-return-tracker-min-1-300x228.png 300w\" sizes=\"(max-width: 500px) 100vw, 500px\" \/><\/a><\/figure><\/div>\n\n\n\n<h2 class=\"wp-block-heading has-text-align-center\"><a href=\"https:\/\/congnghebangtai.com\/?page_id=2956\">Con L\u0103n Ch\u1ed1ng L\u1ec7ch Nh\u00e1nh H\u1ed3i <br>D\u1ea1ng Ph\u1eb3ng<\/a><\/h2>\n\n\n\n<p><\/p>\n<\/div>\n\n\n\n<div class=\"wp-block-column is-layout-flow wp-block-column-is-layout-flow\"><style>.kb-image2920_c032db-4e .kb-image-has-overlay:after{opacity:0.3;}<\/style>\n<figure class=\"wp-block-kadence-image kb-image2920_c032db-4e size-full\"><a href=\"https:\/\/congnghebangtai.com\/?page_id=2962\" class=\"kb-advanced-image-link\"><img loading=\"lazy\" decoding=\"async\" width=\"500\" height=\"380\" src=\"https:\/\/congnghebangtai.com\/wp-content\/uploads\/2025\/01\/06-min.png\" alt=\"\" class=\"kb-img wp-image-3045\" srcset=\"https:\/\/congnghebangtai.com\/wp-content\/uploads\/2025\/01\/06-min.png 500w, https:\/\/congnghebangtai.com\/wp-content\/uploads\/2025\/01\/06-min-300x228.png 300w\" sizes=\"(max-width: 500px) 100vw, 500px\" \/><\/a><\/figure>\n\n\n\n<h2 class=\"wp-block-heading has-text-align-center\"><a href=\"https:\/\/congnghebangtai.com\/?page_id=2962\">Con L\u0103n Ch\u1ed1ng L\u1ec7ch <br>C\u00f4ng Nghi\u1ec7p<\/a> Nh\u1eb9<\/h2>\n\n\n\n<p><\/p>\n<\/div>\n<\/div>\n<\/div><\/div>\n\n\n<style>.kadence-column2920_aa419b-0c > .kt-inside-inner-col,.kadence-column2920_aa419b-0c > .kt-inside-inner-col:before{border-top-left-radius:0px;border-top-right-radius:0px;border-bottom-right-radius:0px;border-bottom-left-radius:0px;}.kadence-column2920_aa419b-0c > .kt-inside-inner-col:before{opacity:0.3;}.kadence-column2920_aa419b-0c{position:relative;}<\/style>\n<div class=\"wp-block-kadence-column kadence-column2920_aa419b-0c\"><div class=\"kt-inside-inner-col\">\n<div class=\"wp-block-columns is-layout-flex wp-container-core-columns-is-layout-9d6595d7 wp-block-columns-is-layout-flex\">\n<div class=\"wp-block-column is-layout-flow wp-block-column-is-layout-flow\"><style>.kb-image2920_a47c5c-ae .kb-image-has-overlay:after{opacity:0.3;}<\/style>\n<figure class=\"wp-block-kadence-image kb-image2920_a47c5c-ae size-full\"><a href=\"https:\/\/congnghebangtai.com\/?page_id=2966\" class=\"kb-advanced-image-link\"><img loading=\"lazy\" decoding=\"async\" width=\"500\" height=\"380\" src=\"https:\/\/congnghebangtai.com\/wp-content\/uploads\/2025\/01\/dual-return-min-2.png\" alt=\"\" class=\"kb-img wp-image-3047\" srcset=\"https:\/\/congnghebangtai.com\/wp-content\/uploads\/2025\/01\/dual-return-min-2.png 500w, https:\/\/congnghebangtai.com\/wp-content\/uploads\/2025\/01\/dual-return-min-2-300x228.png 300w\" sizes=\"(max-width: 500px) 100vw, 500px\" \/><\/a><\/figure>\n\n\n\n<h5 class=\"wp-block-heading has-text-align-center\"><a href=\"https:\/\/congnghebangtai.com\/?page_id=2966\">Con L\u0103n Ch\u1ed1ng L\u1ec7ch <br>Nh\u00e1nh H\u1ed3i D\u1ea1ng K\u00e9p<\/a><\/h5>\n\n\n\n<p><\/p>\n<\/div>\n\n\n\n<div class=\"wp-block-column is-layout-flow wp-block-column-is-layout-flow\"><style>.kb-image2920_e7d562-89 .kb-image-has-overlay:after{opacity:0.3;}<\/style>\n<figure class=\"wp-block-kadence-image kb-image2920_e7d562-89 size-full\"><a href=\"https:\/\/congnghebangtai.com\/?page_id=2971\" class=\"kb-advanced-image-link\"><img loading=\"lazy\" decoding=\"async\" width=\"500\" height=\"380\" src=\"https:\/\/congnghebangtai.com\/wp-content\/uploads\/2025\/01\/compact-dual-return-min.png\" alt=\"\" class=\"kb-img wp-image-3048\" srcset=\"https:\/\/congnghebangtai.com\/wp-content\/uploads\/2025\/01\/compact-dual-return-min.png 500w, https:\/\/congnghebangtai.com\/wp-content\/uploads\/2025\/01\/compact-dual-return-min-300x228.png 300w\" sizes=\"(max-width: 500px) 100vw, 500px\" \/><\/a><\/figure>\n\n\n\n<h5 class=\"wp-block-heading has-text-align-center\"><a href=\"https:\/\/congnghebangtai.com\/?page_id=2971\">Con L\u0103n Ch\u1ed1ng L\u1ec7ch Nh\u00e1nh H\u1ed3i D\u1ea1ng K\u00e9p G\u1ecdn Nh\u1eb9<\/a><\/h5>\n\n\n\n<p><\/p>\n<\/div>\n\n\n\n<div class=\"wp-block-column is-layout-flow wp-block-column-is-layout-flow\"><style>.kb-image2920_ef40f3-9d .kb-image-has-overlay:after{opacity:0.3;}<\/style>\n<figure class=\"wp-block-kadence-image kb-image2920_ef40f3-9d size-full\"><a href=\"https:\/\/congnghebangtai.com\/?page_id=2976\" class=\"kb-advanced-image-link\"><img loading=\"lazy\" decoding=\"async\" width=\"500\" height=\"380\" src=\"https:\/\/congnghebangtai.com\/wp-content\/uploads\/2025\/01\/v-return-min-1-1.png\" alt=\"\" class=\"kb-img wp-image-3049\" srcset=\"https:\/\/congnghebangtai.com\/wp-content\/uploads\/2025\/01\/v-return-min-1-1.png 500w, https:\/\/congnghebangtai.com\/wp-content\/uploads\/2025\/01\/v-return-min-1-1-300x228.png 300w\" sizes=\"(max-width: 500px) 100vw, 500px\" \/><\/a><\/figure>\n\n\n\n<h5 class=\"wp-block-heading has-text-align-center\"><a href=\"https:\/\/congnghebangtai.com\/?page_id=2976\">Con L\u0103n Ch\u1ed1ng L\u1ec7ch <br>Nh\u00e1nh H\u1ed3i D\u1ea1ng Ch\u1eef V<\/a><\/h5>\n\n\n\n<p><\/p>\n<\/div>\n\n\n\n<div class=\"wp-block-column is-layout-flow wp-block-column-is-layout-flow\"><style>.kb-image2920_4367bb-bf.kb-image-is-ratio-size, .kb-image2920_4367bb-bf .kb-image-is-ratio-size{max-width:270px;width:100%;}.kb-image2920_4367bb-bf{max-width:270px;}.image-is-svg.kb-image2920_4367bb-bf{-webkit-flex:0 1 100%;flex:0 1 100%;}.image-is-svg.kb-image2920_4367bb-bf img{width:100%;}.kb-image2920_4367bb-bf .kb-image-has-overlay:after{opacity:0.3;}<\/style>\n<figure class=\"wp-block-kadence-image kb-image2920_4367bb-bf size-full\"><a href=\"https:\/\/congnghebangtai.com\/?page_id=2981\" class=\"kb-advanced-image-link\"><img loading=\"lazy\" decoding=\"async\" width=\"500\" height=\"380\" src=\"https:\/\/congnghebangtai.com\/wp-content\/uploads\/2025\/01\/compact-v-return-min-min-1-1.png\" alt=\"\" class=\"kb-img wp-image-3052\" srcset=\"https:\/\/congnghebangtai.com\/wp-content\/uploads\/2025\/01\/compact-v-return-min-min-1-1.png 500w, https:\/\/congnghebangtai.com\/wp-content\/uploads\/2025\/01\/compact-v-return-min-min-1-1-300x228.png 300w\" sizes=\"(max-width: 500px) 100vw, 500px\" \/><\/a><\/figure>\n\n\n\n<h5 class=\"wp-block-heading has-text-align-center\"><a href=\"https:\/\/congnghebangtai.com\/?page_id=2981\">Con L\u0103n Ch\u1ed1ng L\u1ec7ch Nh\u00e1nh H\u1ed3i D\u1ea1ng Ch\u1eef V G\u1ecdn Nh\u1eb9<\/a><\/h5>\n\n\n\n<p><\/p>\n<\/div>\n<\/div>\n<\/div><\/div>\n\n\n\n<p><\/p>\n","protected":false},"excerpt":{"rendered":"<p>Con L\u0103n Ch\u1ed1ng L\u1ec7ch Nh\u00e1nh C\u00f3 T\u1ea3i D\u1ea1ng H\u00ecnh C\u00f4n Con L\u0103n Ch\u1ed1ng L\u1ec7ch Nh\u00e1nh C\u00f3 T\u1ea3i Chuy\u00ean D\u1ee5ng D\u1ea1ng H\u00ecnh C\u00f4n Con L\u0103n Ch\u1ed1ng L\u1ec7ch Nh\u00e1nh H\u1ed3i D\u1ea1ng Ph\u1eb3ng Con L\u0103n Ch\u1ed1ng L\u1ec7ch C\u00f4ng Nghi\u1ec7p Nh\u1eb9 Con L\u0103n Ch\u1ed1ng L\u1ec7ch Nh\u00e1nh H\u1ed3i D\u1ea1ng K\u00e9p Con L\u0103n Ch\u1ed1ng L\u1ec7ch Nh\u00e1nh H\u1ed3i D\u1ea1ng K\u00e9p G\u1ecdn Nh\u1eb9&#8230;<\/p>\n","protected":false},"author":1,"featured_media":0,"parent":0,"menu_order":0,"comment_status":"closed","ping_status":"closed","template":"","meta":{"_kad_blocks_custom_css":"","_kad_blocks_head_custom_js":"","_kad_blocks_body_custom_js":"","_kad_blocks_footer_custom_js":"","_kad_post_transparent":"","_kad_post_title":"","_kad_post_layout":"","_kad_post_sidebar_id":"","_kad_post_content_style":"","_kad_post_vertical_padding":"","_kad_post_feature":"","_kad_post_feature_position":"","_kad_post_header":false,"_kad_post_footer":false,"footnotes":""},"class_list":["post-2920","page","type-page","status-publish","hentry"],"taxonomy_info":[],"featured_image_src_large":false,"author_info":{"display_name":"admin","author_link":"https:\/\/congnghebangtai.com\/?author=1"},"comment_info":0,"_links":{"self":[{"href":"https:\/\/congnghebangtai.com\/index.php?rest_route=\/wp\/v2\/pages\/2920","targetHints":{"allow":["GET"]}}],"collection":[{"href":"https:\/\/congnghebangtai.com\/index.php?rest_route=\/wp\/v2\/pages"}],"about":[{"href":"https:\/\/congnghebangtai.com\/index.php?rest_route=\/wp\/v2\/types\/page"}],"author":[{"embeddable":true,"href":"https:\/\/congnghebangtai.com\/index.php?rest_route=\/wp\/v2\/users\/1"}],"replies":[{"embeddable":true,"href":"https:\/\/congnghebangtai.com\/index.php?rest_route=%2Fwp%2Fv2%2Fcomments&post=2920"}],"version-history":[{"count":16,"href":"https:\/\/congnghebangtai.com\/index.php?rest_route=\/wp\/v2\/pages\/2920\/revisions"}],"predecessor-version":[{"id":3708,"href":"https:\/\/congnghebangtai.com\/index.php?rest_route=\/wp\/v2\/pages\/2920\/revisions\/3708"}],"wp:attachment":[{"href":"https:\/\/congnghebangtai.com\/index.php?rest_route=%2Fwp%2Fv2%2Fmedia&parent=2920"}],"curies":[{"name":"wp","href":"https:\/\/api.w.org\/{rel}","templated":true}]}}