{"id":2942,"date":"2025-01-22T03:31:58","date_gmt":"2025-01-22T03:31:58","guid":{"rendered":"https:\/\/congnghebangtai.com\/?page_id=2942"},"modified":"2025-02-28T02:58:17","modified_gmt":"2025-02-28T02:58:17","slug":"con-lan-chong-lech-nhanh-co-tai-dang-hinh-con","status":"publish","type":"page","link":"https:\/\/congnghebangtai.com\/?page_id=2942","title":{"rendered":"Con L\u0103n Ch\u1ed1ng L\u1ec7ch Nh\u00e1nh C\u00f3 T\u1ea3i D\u1ea1ng H\u00ecnh C\u00f4n"},"content":{"rendered":"<style>.kadence-column2942_a7da69-97 > .kt-inside-inner-col,.kadence-column2942_a7da69-97 > .kt-inside-inner-col:before{border-top-left-radius:0px;border-top-right-radius:0px;border-bottom-right-radius:0px;border-bottom-left-radius:0px;}.kadence-column2942_a7da69-97 > .kt-inside-inner-col:before{opacity:0.3;}.kadence-column2942_a7da69-97{position:relative;}<\/style>\n<div class=\"wp-block-kadence-column kadence-column2942_a7da69-97\"><div class=\"kt-inside-inner-col\">\n<div class=\"wp-block-columns is-layout-flex wp-container-core-columns-is-layout-9d6595d7 wp-block-columns-is-layout-flex\">\n<div class=\"wp-block-column is-layout-flow wp-block-column-is-layout-flow\" style=\"flex-basis:66.66%\">\n<p><strong>Con L\u0103n Ch\u1ed1ng L\u1ec7ch Nh\u00e1nh C\u00f3 T\u1ea3i<\/strong> &#8211; Taper Trough Tracker \u0111\u01b0\u1ee3c c\u1ea5p b\u1eb1ng s\u00e1ng ch\u1ebf mang l\u1ea1i hi\u1ec7u su\u1ea5t theo d\u00f5i t\u1ed1i \u01b0u cho m\u1eb7t b\u0103ng t\u1ea3i c\u00f3 t\u1ea3i. \u0110\u01b0\u1ee3c ho\u00e0n thi\u1ec7n qua 15 n\u0103m thi\u1ebft k\u1ebf v\u00e0 \u0111\u1ed5i m\u1edbi, thi\u1ebft k\u1ebf n\u00e0y c\u00f3 \u0111\u1ed9 nh\u1ea1y cao v\u00e0 k\u00edch ho\u1ea1t nhanh ch\u00f3ng tr\u00ean c\u1ea3 h\u1ec7 th\u1ed1ng b\u0103ng t\u1ea3i c\u00f3 t\u1ea3i v\u00e0 kh\u00f4ng t\u1ea3i.<\/p>\n\n\n\n<p>Nh\u1edd nh\u1eefng thi\u1ebft k\u1ebf \u0111\u1eb7c bi\u1ec7t, <strong><strong>Con L\u0103n Ch\u1ed1ng L\u1ec7ch Nh\u00e1nh C\u00f3 T\u1ea3i<\/strong><\/strong> c\u00f3 th\u1ec3 \u0111i\u1ec1u ch\u1ec9nh tr\u00ean c\u1ea3 b\u0103ng t\u1ea3i m\u1ed9t chi\u1ec1u ho\u1eb7c hai chi\u1ec1u. Vi\u1ec7c theo d\u00f5i v\u00e0 \u0111i\u1ec1u ch\u1ec9nh \u0111\u01b0\u1ee3c th\u1ef1c hi\u1ec7n ngay khi b\u0103ng t\u1ea3i b\u1ecb l\u1ec7ch nh\u1eb9, \u0111\u01b0\u1ee3c thi\u1ebft k\u1ebf t\u01b0\u01a1ng th\u00edch v\u1edbi t\u1ea5t c\u1ea3 c\u00e1c lo\u1ea1i b\u0103ng t\u1ea3i. C\u00e1c con l\u0103n c\u00e1nh d\u1ea1ng c\u00f4n k\u00edch ho\u1ea1t b\u1ed9 theo d\u00f5i v\u00e0 ch\u1ec9nh l\u1ec7ch ngay l\u1eadp t\u1ee9c khi b\u0103ng t\u1ea3i l\u1ec7ch kh\u1ecfi trung t\u00e2m, \u0111\u1ea3m b\u1ea3o kh\u00f4ng c\u00f3 ti\u1ebfp x\u00fac g\u00f3c 90 \u0111\u1ed9 v\u1edbi c\u00e1c c\u1ea1nh c\u1ee7a b\u0103ng t\u1ea3i.<\/p>\n<\/div>\n\n\n\n<div class=\"wp-block-column is-layout-flow wp-block-column-is-layout-flow\" style=\"flex-basis:33.33%\">\n<figure class=\"wp-block-embed aligncenter is-type-video is-provider-youtube wp-block-embed-youtube wp-embed-aspect-16-9 wp-has-aspect-ratio\"><div class=\"wp-block-embed__wrapper\">\n<iframe title=\"TRU-TRAC TAPER TROUGH TRACKERS\" width=\"720\" height=\"405\" src=\"https:\/\/www.youtube.com\/embed\/4ZjePB1xPig?feature=oembed\" frameborder=\"0\" allow=\"accelerometer; autoplay; clipboard-write; encrypted-media; gyroscope; picture-in-picture; web-share\" referrerpolicy=\"strict-origin-when-cross-origin\" allowfullscreen><\/iframe>\n<\/div><\/figure>\n<\/div>\n<\/div>\n<\/div><\/div>\n\n\n<style>.kadence-column2942_544f56-6d > .kt-inside-inner-col,.kadence-column2942_544f56-6d > .kt-inside-inner-col:before{border-top-left-radius:0px;border-top-right-radius:0px;border-bottom-right-radius:0px;border-bottom-left-radius:0px;}.kadence-column2942_544f56-6d > .kt-inside-inner-col:before{opacity:0.3;}.kadence-column2942_544f56-6d{position:relative;}<\/style>\n<div class=\"wp-block-kadence-column kadence-column2942_544f56-6d\"><div class=\"kt-inside-inner-col\">\n<p><\/p>\n\n\n\n<h2 class=\"wp-block-heading has-text-align-center\">C\u00e1c Ch\u1ee7ng Lo\u1ea1i<\/h2>\n<\/div><\/div>\n\n\n<style>.kadence-column2942_deb9cb-c9 > .kt-inside-inner-col,.kadence-column2942_deb9cb-c9 > .kt-inside-inner-col:before{border-top-left-radius:0px;border-top-right-radius:0px;border-bottom-right-radius:0px;border-bottom-left-radius:0px;}.kadence-column2942_deb9cb-c9 > .kt-inside-inner-col:before{opacity:0.3;}.kadence-column2942_deb9cb-c9{position:relative;}<\/style>\n<div class=\"wp-block-kadence-column kadence-column2942_deb9cb-c9\"><div class=\"kt-inside-inner-col\">\n<div class=\"wp-block-columns is-layout-flex wp-container-core-columns-is-layout-9d6595d7 wp-block-columns-is-layout-flex\">\n<div class=\"wp-block-column is-layout-flow wp-block-column-is-layout-flow\"><style>.kb-image2942_81cb3b-73.kb-image-is-ratio-size, .kb-image2942_81cb3b-73 .kb-image-is-ratio-size{max-width:501px;width:100%;}.kb-image2942_81cb3b-73 figure{max-width:501px;}.kb-image2942_81cb3b-73 .image-is-svg, .kb-image2942_81cb3b-73 .image-is-svg img{width:100%;}.kb-image2942_81cb3b-73 .kb-image-has-overlay:after{opacity:0.3;}<\/style>\n<div class=\"wp-block-kadence-image kb-image2942_81cb3b-73\"><figure class=\"aligncenter size-full\"><a href=\"https:\/\/congnghebangtai.com\/?page_id=3621\" class=\"kb-advanced-image-link\"><img fetchpriority=\"high\" decoding=\"async\" width=\"500\" height=\"380\" src=\"https:\/\/congnghebangtai.com\/wp-content\/uploads\/2025\/02\/taper-trough-min-1.png\" alt=\"\" class=\"kb-img wp-image-3535\" srcset=\"https:\/\/congnghebangtai.com\/wp-content\/uploads\/2025\/02\/taper-trough-min-1.png 500w, https:\/\/congnghebangtai.com\/wp-content\/uploads\/2025\/02\/taper-trough-min-1-300x228.png 300w\" sizes=\"(max-width: 500px) 100vw, 500px\" \/><\/a><\/figure><\/div>\n\n\n\n<h2 class=\"wp-block-heading has-text-align-center\"><a href=\"https:\/\/congnghebangtai.com\/?page_id=3621\">Con L\u0103n Ch\u1ed1ng L\u1ec7ch Nh\u00e1nh C\u00f3 T\u1ea3i <br>D\u1ea1ng H\u00ecnh C\u00f4n Ti\u00eau Chu\u1ea9n<\/a><\/h2>\n<\/div>\n\n\n\n<div class=\"wp-block-column is-layout-flow wp-block-column-is-layout-flow\"><style>.kb-image2942_1283ba-5c.kb-image-is-ratio-size, .kb-image2942_1283ba-5c .kb-image-is-ratio-size{max-width:566px;width:100%;}.kb-image2942_1283ba-5c figure{max-width:566px;}.kb-image2942_1283ba-5c .image-is-svg, .kb-image2942_1283ba-5c .image-is-svg img{width:100%;}.kb-image2942_1283ba-5c .kb-image-has-overlay:after{opacity:0.3;}<\/style>\n<div class=\"wp-block-kadence-image kb-image2942_1283ba-5c\"><figure class=\"aligncenter size-full\"><a href=\"https:\/\/congnghebangtai.com\/?page_id=3668\" class=\"kb-advanced-image-link\"><img decoding=\"async\" width=\"1024\" height=\"685\" src=\"https:\/\/congnghebangtai.com\/wp-content\/uploads\/2025\/01\/1200-Taper-Trough-HD-PU-red0000-1024x685-1.png\" alt=\"\" class=\"kb-img wp-image-3065\" srcset=\"https:\/\/congnghebangtai.com\/wp-content\/uploads\/2025\/01\/1200-Taper-Trough-HD-PU-red0000-1024x685-1.png 1024w, https:\/\/congnghebangtai.com\/wp-content\/uploads\/2025\/01\/1200-Taper-Trough-HD-PU-red0000-1024x685-1-300x201.png 300w, https:\/\/congnghebangtai.com\/wp-content\/uploads\/2025\/01\/1200-Taper-Trough-HD-PU-red0000-1024x685-1-768x514.png 768w, https:\/\/congnghebangtai.com\/wp-content\/uploads\/2025\/01\/1200-Taper-Trough-HD-PU-red0000-1024x685-1-700x468.png 700w\" sizes=\"(max-width: 1024px) 100vw, 1024px\" \/><\/a><\/figure><\/div>\n\n\n\n<h2 class=\"wp-block-heading has-text-align-center\"><a href=\"https:\/\/congnghebangtai.com\/?page_id=3668\">Con L\u0103n Ch\u1ed1ng L\u1ec7ch Nh\u00e1nh C\u00f3 T\u1ea3i <br>D\u1ea1ng H\u00ecnh C\u00f4n H\u1ea1ng N\u1eb7ng<\/a><\/h2>\n<\/div>\n<\/div>\n<\/div><\/div>\n\n\n<style>.kadence-column2942_927cba-a1 > .kt-inside-inner-col,.kadence-column2942_927cba-a1 > .kt-inside-inner-col:before{border-top-left-radius:0px;border-top-right-radius:0px;border-bottom-right-radius:0px;border-bottom-left-radius:0px;}.kadence-column2942_927cba-a1 > .kt-inside-inner-col:before{opacity:0.3;}.kadence-column2942_927cba-a1{position:relative;}<\/style>\n<div class=\"wp-block-kadence-column kadence-column2942_927cba-a1\"><div class=\"kt-inside-inner-col\">\n<div class=\"wp-block-columns is-layout-flex wp-container-core-columns-is-layout-9d6595d7 wp-block-columns-is-layout-flex\">\n<div class=\"wp-block-column is-layout-flow wp-block-column-is-layout-flow\"><style>.kb-image2942_166599-26 .kb-image-has-overlay:after{opacity:0.3;}<\/style>\n<div class=\"wp-block-kadence-image kb-image2942_166599-26\"><figure class=\"aligncenter size-full\"><a href=\"https:\/\/congnghebangtai.com\/?page_id=3684\" class=\"kb-advanced-image-link\"><img decoding=\"async\" width=\"1024\" height=\"612\" src=\"https:\/\/congnghebangtai.com\/wp-content\/uploads\/2025\/01\/1800-Taper-Trough-XHD0000-1024x612-1.png\" alt=\"\" class=\"kb-img wp-image-3067\" srcset=\"https:\/\/congnghebangtai.com\/wp-content\/uploads\/2025\/01\/1800-Taper-Trough-XHD0000-1024x612-1.png 1024w, https:\/\/congnghebangtai.com\/wp-content\/uploads\/2025\/01\/1800-Taper-Trough-XHD0000-1024x612-1-300x179.png 300w, https:\/\/congnghebangtai.com\/wp-content\/uploads\/2025\/01\/1800-Taper-Trough-XHD0000-1024x612-1-768x459.png 768w, https:\/\/congnghebangtai.com\/wp-content\/uploads\/2025\/01\/1800-Taper-Trough-XHD0000-1024x612-1-700x418.png 700w\" sizes=\"(max-width: 1024px) 100vw, 1024px\" \/><\/a><\/figure><\/div>\n\n\n\n<h2 class=\"wp-block-heading has-text-align-center\"><a href=\"https:\/\/congnghebangtai.com\/?page_id=3684\">Con L\u0103n Ch\u1ed1ng L\u1ec7ch Nh\u00e1nh C\u00f3 T\u1ea3i <br>D\u1ea1ng H\u00ecnh C\u00f4n Si\u00eau N\u1eb7ng<\/a><\/h2>\n<\/div>\n\n\n\n<div class=\"wp-block-column is-layout-flow wp-block-column-is-layout-flow\"><style>.kb-image2942_d9151f-ab.kb-image-is-ratio-size, .kb-image2942_d9151f-ab .kb-image-is-ratio-size{max-width:528px;width:100%;}.kb-image2942_d9151f-ab figure{max-width:528px;}.kb-image2942_d9151f-ab .image-is-svg, .kb-image2942_d9151f-ab .image-is-svg img{width:100%;}.kb-image2942_d9151f-ab .kb-image-has-overlay:after{opacity:0.3;}<\/style>\n<div class=\"wp-block-kadence-image kb-image2942_d9151f-ab\"><figure class=\"aligncenter size-full\"><a href=\"https:\/\/congnghebangtai.com\/?page_id=3704\" class=\"kb-advanced-image-link\"><img loading=\"lazy\" decoding=\"async\" width=\"1024\" height=\"663\" src=\"https:\/\/congnghebangtai.com\/wp-content\/uploads\/2025\/01\/2100-NND-Taper-Trough-EXHD0000-1024x663-1.png\" alt=\"\" class=\"kb-img wp-image-3068\" srcset=\"https:\/\/congnghebangtai.com\/wp-content\/uploads\/2025\/01\/2100-NND-Taper-Trough-EXHD0000-1024x663-1.png 1024w, https:\/\/congnghebangtai.com\/wp-content\/uploads\/2025\/01\/2100-NND-Taper-Trough-EXHD0000-1024x663-1-300x194.png 300w, https:\/\/congnghebangtai.com\/wp-content\/uploads\/2025\/01\/2100-NND-Taper-Trough-EXHD0000-1024x663-1-768x497.png 768w, https:\/\/congnghebangtai.com\/wp-content\/uploads\/2025\/01\/2100-NND-Taper-Trough-EXHD0000-1024x663-1-700x453.png 700w\" sizes=\"(max-width: 1024px) 100vw, 1024px\" \/><\/a><\/figure><\/div>\n\n\n\n<h2 class=\"wp-block-heading has-text-align-center\"><a href=\"https:\/\/congnghebangtai.com\/?page_id=3704\">Con L\u0103n Ch\u1ed1ng L\u1ec7ch Nh\u00e1nh C\u00f3 T\u1ea3i <br>D\u1ea1ng H\u00ecnh C\u00f4n C\u1ef1c N\u1eb7ng<\/a><\/h2>\n<\/div>\n<\/div>\n<\/div><\/div>\n","protected":false},"excerpt":{"rendered":"<p>Con L\u0103n Ch\u1ed1ng L\u1ec7ch Nh\u00e1nh C\u00f3 T\u1ea3i &#8211; Taper Trough Tracker \u0111\u01b0\u1ee3c c\u1ea5p b\u1eb1ng s\u00e1ng ch\u1ebf mang l\u1ea1i hi\u1ec7u su\u1ea5t theo d\u00f5i t\u1ed1i \u01b0u cho m\u1eb7t b\u0103ng t\u1ea3i c\u00f3 t\u1ea3i. \u0110\u01b0\u1ee3c ho\u00e0n thi\u1ec7n qua 15 n\u0103m thi\u1ebft k\u1ebf v\u00e0 \u0111\u1ed5i m\u1edbi, thi\u1ebft k\u1ebf n\u00e0y c\u00f3 \u0111\u1ed9 nh\u1ea1y cao v\u00e0 k\u00edch ho\u1ea1t nhanh ch\u00f3ng tr\u00ean c\u1ea3&#8230;<\/p>\n","protected":false},"author":1,"featured_media":0,"parent":0,"menu_order":0,"comment_status":"closed","ping_status":"closed","template":"","meta":{"_kad_blocks_custom_css":"","_kad_blocks_head_custom_js":"","_kad_blocks_body_custom_js":"","_kad_blocks_footer_custom_js":"","_kad_post_transparent":"","_kad_post_title":"","_kad_post_layout":"","_kad_post_sidebar_id":"","_kad_post_content_style":"","_kad_post_vertical_padding":"","_kad_post_feature":"","_kad_post_feature_position":"","_kad_post_header":false,"_kad_post_footer":false,"footnotes":""},"class_list":["post-2942","page","type-page","status-publish","hentry"],"taxonomy_info":[],"featured_image_src_large":false,"author_info":{"display_name":"admin","author_link":"https:\/\/congnghebangtai.com\/?author=1"},"comment_info":0,"_links":{"self":[{"href":"https:\/\/congnghebangtai.com\/index.php?rest_route=\/wp\/v2\/pages\/2942","targetHints":{"allow":["GET"]}}],"collection":[{"href":"https:\/\/congnghebangtai.com\/index.php?rest_route=\/wp\/v2\/pages"}],"about":[{"href":"https:\/\/congnghebangtai.com\/index.php?rest_route=\/wp\/v2\/types\/page"}],"author":[{"embeddable":true,"href":"https:\/\/congnghebangtai.com\/index.php?rest_route=\/wp\/v2\/users\/1"}],"replies":[{"embeddable":true,"href":"https:\/\/congnghebangtai.com\/index.php?rest_route=%2Fwp%2Fv2%2Fcomments&post=2942"}],"version-history":[{"count":9,"href":"https:\/\/congnghebangtai.com\/index.php?rest_route=\/wp\/v2\/pages\/2942\/revisions"}],"predecessor-version":[{"id":3877,"href":"https:\/\/congnghebangtai.com\/index.php?rest_route=\/wp\/v2\/pages\/2942\/revisions\/3877"}],"wp:attachment":[{"href":"https:\/\/congnghebangtai.com\/index.php?rest_route=%2Fwp%2Fv2%2Fmedia&parent=2942"}],"curies":[{"name":"wp","href":"https:\/\/api.w.org\/{rel}","templated":true}]}}