{"id":2956,"date":"2025-01-22T03:56:42","date_gmt":"2025-01-22T03:56:42","guid":{"rendered":"https:\/\/congnghebangtai.com\/?page_id=2956"},"modified":"2025-02-28T03:01:13","modified_gmt":"2025-02-28T03:01:13","slug":"con-lan-chong-lech-nhanh-hoi-dang-phang","status":"publish","type":"page","link":"https:\/\/congnghebangtai.com\/?page_id=2956","title":{"rendered":"Con L\u0103n Ch\u1ed1ng L\u1ec7ch Nh\u00e1nh Kh\u00f4ng T\u1ea3i D\u1ea1ng Ph\u1eb3ng"},"content":{"rendered":"<style>.kadence-column2956_bcbff6-75 > .kt-inside-inner-col,.kadence-column2956_bcbff6-75 > .kt-inside-inner-col:before{border-top-left-radius:0px;border-top-right-radius:0px;border-bottom-right-radius:0px;border-bottom-left-radius:0px;}.kadence-column2956_bcbff6-75 > .kt-inside-inner-col:before{opacity:0.3;}.kadence-column2956_bcbff6-75{position:relative;}<\/style>\n<div class=\"wp-block-kadence-column kadence-column2956_bcbff6-75\"><div class=\"kt-inside-inner-col\">\n<div class=\"wp-block-columns is-layout-flex wp-container-core-columns-is-layout-9d6595d7 wp-block-columns-is-layout-flex\">\n<div class=\"wp-block-column is-layout-flow wp-block-column-is-layout-flow\" style=\"flex-basis:66.66%\">\n<p><br><strong>Con L\u0103n Ch\u1ed1ng L\u1ec7ch Nh\u00e1nh Kh\u00f4ng T\u1ea3i D\u1ea1ng Ph\u1eb3ng<\/strong> l\u00e0 m\u1ed9t thi\u1ebft k\u1ebf \u0111\u01b0\u1ee3c c\u1ea5p b\u1eb1ng s\u00e1ng ch\u1ebf, cung c\u1ea5p h\u1ec7 th\u1ed1ng \u0111i\u1ec1u ch\u1ec9nh l\u1ec7ch b\u0103ng t\u1ea3i \u0111\u00e1ng tin c\u1eady v\u00e0 hi\u1ec7u qu\u1ea3 nh\u1ea5t c\u00f3 s\u1eb5n tr\u00ean th\u1ecb tr\u01b0\u1eddng to\u00e0n c\u1ea7u.<\/p>\n\n\n\n<p>Trung t\u00e2m b\u1ea3n l\u1ec1 c\u1ee7a n\u00f3 c\u00f3 thi\u1ebft k\u1ebf \u0111\u1ed9c \u0111\u00e1o v\u00e0 \u0111\u01a1n gi\u1ea3n, bao g\u1ed3m m\u1ed9t ch\u1ed1t th\u00e9p kh\u00f4ng g\u1ec9 trong tr\u1ee5c th\u00e9p th\u00f4ng th\u01b0\u1eddng, vu\u00f4ng g\u00f3c v\u1edbi m\u1eb7t ph\u1eb3ng c\u1ee7a b\u0103ng t\u1ea3i, v\u00e0 m\u1ed9t tr\u1ed1ng c\u00f3 l\u1edbp cao su b\u1ecdc b\u00ean ngo\u00e0i c\u00f9ng v\u1edbi c\u1ea1nh c\u00f4n, \u0111\u1ea3m b\u1ea3o con l\u0103n s\u1ebd \u0111i\u1ec1u ch\u1ec9nh l\u1ec7ch b\u0103ng s\u1ebd k\u00edch ho\u1ea1t ngay l\u1eadp t\u1ee9c khi b\u0103ng t\u1ea3i l\u1ec7ch kh\u1ecfi trung t\u00e2m. Con l\u0103n \u0111i\u1ec1u ch\u1ec9nh li\u00ean t\u1ee5c ph\u1ea3n \u1ee9ng \u0111\u1ec3 gi\u1eef cho b\u0103ng t\u1ea3i lu\u00f4n \u1edf v\u1ecb tr\u00ed trung t\u00e2m.<\/p>\n<\/div>\n\n\n\n<div class=\"wp-block-column is-layout-flow wp-block-column-is-layout-flow\" style=\"flex-basis:33.33%\">\n<figure class=\"wp-block-embed aligncenter is-type-video is-provider-youtube wp-block-embed-youtube wp-embed-aspect-16-9 wp-has-aspect-ratio\"><div class=\"wp-block-embed__wrapper\">\n<iframe title=\"Aligning Conveyor Belts with Tru-Trac\" width=\"720\" height=\"405\" src=\"https:\/\/www.youtube.com\/embed\/TblxEUg5o5M?feature=oembed\" frameborder=\"0\" allow=\"accelerometer; autoplay; clipboard-write; encrypted-media; gyroscope; picture-in-picture; web-share\" referrerpolicy=\"strict-origin-when-cross-origin\" allowfullscreen><\/iframe>\n<\/div><\/figure>\n<\/div>\n<\/div>\n<\/div><\/div>\n\n\n<style>.kadence-column2956_a701fb-5e > .kt-inside-inner-col,.kadence-column2956_a701fb-5e > .kt-inside-inner-col:before{border-top-left-radius:0px;border-top-right-radius:0px;border-bottom-right-radius:0px;border-bottom-left-radius:0px;}.kadence-column2956_a701fb-5e > .kt-inside-inner-col:before{opacity:0.3;}.kadence-column2956_a701fb-5e{position:relative;}<\/style>\n<div class=\"wp-block-kadence-column kadence-column2956_a701fb-5e\"><div class=\"kt-inside-inner-col\">\n<p><\/p>\n\n\n\n<h2 class=\"wp-block-heading has-text-align-center\">C\u00e1c Ch\u1ee7ng Lo\u1ea1i<\/h2>\n<\/div><\/div>\n\n\n<style>.kadence-column2956_0349ae-47 > .kt-inside-inner-col,.kadence-column2956_0349ae-47 > .kt-inside-inner-col:before{border-top-left-radius:0px;border-top-right-radius:0px;border-bottom-right-radius:0px;border-bottom-left-radius:0px;}.kadence-column2956_0349ae-47 > .kt-inside-inner-col:before{opacity:0.3;}.kadence-column2956_0349ae-47{position:relative;}<\/style>\n<div class=\"wp-block-kadence-column kadence-column2956_0349ae-47\"><div class=\"kt-inside-inner-col\">\n<div class=\"wp-block-columns is-layout-flex wp-container-core-columns-is-layout-9d6595d7 wp-block-columns-is-layout-flex\">\n<div class=\"wp-block-column is-layout-flow wp-block-column-is-layout-flow\"><style>.kb-image2956_911400-6c.kb-image-is-ratio-size, .kb-image2956_911400-6c .kb-image-is-ratio-size{max-width:510px;width:100%;}.kb-image2956_911400-6c figure{max-width:510px;}.kb-image2956_911400-6c .image-is-svg, .kb-image2956_911400-6c .image-is-svg img{width:100%;}.kb-image2956_911400-6c .kb-image-has-overlay:after{opacity:0.3;}<\/style>\n<div class=\"wp-block-kadence-image kb-image2956_911400-6c\"><figure class=\"aligncenter size-full\"><a href=\"https:\/\/congnghebangtai.com\/?page_id=3716\" class=\"kb-advanced-image-link\"><img fetchpriority=\"high\" decoding=\"async\" width=\"1024\" height=\"698\" src=\"https:\/\/congnghebangtai.com\/wp-content\/uploads\/2025\/01\/900-Flat-Return-Standard-Rubber0000-1-1024x698-2.png\" alt=\"\" class=\"kb-img wp-image-3086\" srcset=\"https:\/\/congnghebangtai.com\/wp-content\/uploads\/2025\/01\/900-Flat-Return-Standard-Rubber0000-1-1024x698-2.png 1024w, https:\/\/congnghebangtai.com\/wp-content\/uploads\/2025\/01\/900-Flat-Return-Standard-Rubber0000-1-1024x698-2-300x204.png 300w, https:\/\/congnghebangtai.com\/wp-content\/uploads\/2025\/01\/900-Flat-Return-Standard-Rubber0000-1-1024x698-2-768x524.png 768w, https:\/\/congnghebangtai.com\/wp-content\/uploads\/2025\/01\/900-Flat-Return-Standard-Rubber0000-1-1024x698-2-700x477.png 700w\" sizes=\"(max-width: 1024px) 100vw, 1024px\" \/><\/a><\/figure><\/div>\n\n\n\n<h2 class=\"wp-block-heading has-text-align-center\"><a href=\"https:\/\/congnghebangtai.com\/?page_id=3716\">Con L\u0103n Ch\u1ed1ng L\u1ec7ch Nh\u00e1nh H\u1ed3i <br>D\u1ea1ng Ph\u1eb3ng Ti\u00eau Chu\u1ea9n<\/a><\/h2>\n<\/div>\n\n\n\n<div class=\"wp-block-column is-layout-flow wp-block-column-is-layout-flow\"><style>.kb-image2956_a26e67-f1 .kb-image-has-overlay:after{opacity:0.3;}<\/style>\n<figure class=\"wp-block-kadence-image kb-image2956_a26e67-f1 size-full\"><a href=\"https:\/\/congnghebangtai.com\/?page_id=3718\" class=\"kb-advanced-image-link\"><img decoding=\"async\" width=\"1024\" height=\"637\" src=\"https:\/\/congnghebangtai.com\/wp-content\/uploads\/2025\/01\/1500-Flat-Return-HD-PU-Red0000-1024x637-1.png\" alt=\"\" class=\"kb-img wp-image-3085\" srcset=\"https:\/\/congnghebangtai.com\/wp-content\/uploads\/2025\/01\/1500-Flat-Return-HD-PU-Red0000-1024x637-1.png 1024w, https:\/\/congnghebangtai.com\/wp-content\/uploads\/2025\/01\/1500-Flat-Return-HD-PU-Red0000-1024x637-1-300x187.png 300w, https:\/\/congnghebangtai.com\/wp-content\/uploads\/2025\/01\/1500-Flat-Return-HD-PU-Red0000-1024x637-1-768x478.png 768w, https:\/\/congnghebangtai.com\/wp-content\/uploads\/2025\/01\/1500-Flat-Return-HD-PU-Red0000-1024x637-1-700x435.png 700w\" sizes=\"(max-width: 1024px) 100vw, 1024px\" \/><\/a><\/figure>\n\n\n\n<h2 class=\"wp-block-heading has-text-align-center\"><a href=\"https:\/\/congnghebangtai.com\/?page_id=3718\">Con L\u0103n Ch\u1ed1ng L\u1ec7ch Nh\u00e1nh H\u1ed3i <br>D\u1ea1ng Ph\u1eb3ng H\u1ea1ng N\u1eb7ng<\/a><\/h2>\n<\/div>\n<\/div>\n<\/div><\/div>\n\n\n<style>.kadence-column2956_50c2fb-5f > .kt-inside-inner-col,.kadence-column2956_50c2fb-5f > .kt-inside-inner-col:before{border-top-left-radius:0px;border-top-right-radius:0px;border-bottom-right-radius:0px;border-bottom-left-radius:0px;}.kadence-column2956_50c2fb-5f > .kt-inside-inner-col:before{opacity:0.3;}.kadence-column2956_50c2fb-5f{position:relative;}<\/style>\n<div class=\"wp-block-kadence-column kadence-column2956_50c2fb-5f\"><div class=\"kt-inside-inner-col\">\n<div class=\"wp-block-columns is-layout-flex wp-container-core-columns-is-layout-9d6595d7 wp-block-columns-is-layout-flex\">\n<div class=\"wp-block-column is-layout-flow wp-block-column-is-layout-flow\"><style>.kb-image2956_a1ea93-47.kb-image-is-ratio-size, .kb-image2956_a1ea93-47 .kb-image-is-ratio-size{max-width:335px;width:100%;}.kb-image2956_a1ea93-47 figure{max-width:335px;}.kb-image2956_a1ea93-47 .image-is-svg, .kb-image2956_a1ea93-47 .image-is-svg img{width:100%;}.kb-image2956_a1ea93-47 .kb-image-has-overlay:after{opacity:0.3;}<\/style>\n<div class=\"wp-block-kadence-image kb-image2956_a1ea93-47\"><figure class=\"aligncenter size-full\"><a href=\"https:\/\/congnghebangtai.com\/?page_id=3720\" class=\"kb-advanced-image-link\"><img decoding=\"async\" width=\"500\" height=\"380\" src=\"https:\/\/congnghebangtai.com\/wp-content\/uploads\/2025\/01\/1200-flat-return-low-speed-rubber-2-1.png\" alt=\"\" class=\"kb-img wp-image-3083\" srcset=\"https:\/\/congnghebangtai.com\/wp-content\/uploads\/2025\/01\/1200-flat-return-low-speed-rubber-2-1.png 500w, https:\/\/congnghebangtai.com\/wp-content\/uploads\/2025\/01\/1200-flat-return-low-speed-rubber-2-1-300x228.png 300w\" sizes=\"(max-width: 500px) 100vw, 500px\" \/><\/a><\/figure><\/div>\n\n\n\n<h2 class=\"wp-block-heading has-text-align-center\"><a href=\"https:\/\/congnghebangtai.com\/?page_id=3720\">Con L\u0103n Ch\u1ed1ng L\u1ec7ch Nh\u00e1nh H\u1ed3i <br>D\u1ea1ng Ph\u1eb3ng T\u1ed1c \u0110\u1ed9 Th\u1ea5p<\/a><\/h2>\n<\/div>\n\n\n\n<div class=\"wp-block-column is-layout-flow wp-block-column-is-layout-flow\"><style>.kb-image2956_e0bec3-30 .kb-image-has-overlay:after{opacity:0.3;}<\/style>\n<figure class=\"wp-block-kadence-image kb-image2956_e0bec3-30 size-full\"><a href=\"https:\/\/congnghebangtai.com\/?page_id=3722\" class=\"kb-advanced-image-link\"><img loading=\"lazy\" decoding=\"async\" width=\"1024\" height=\"459\" src=\"https:\/\/congnghebangtai.com\/wp-content\/uploads\/2025\/01\/Low-Sped-HD-Flat-Return-Tracker-1024x459-1.png\" alt=\"\" class=\"kb-img wp-image-3081\" srcset=\"https:\/\/congnghebangtai.com\/wp-content\/uploads\/2025\/01\/Low-Sped-HD-Flat-Return-Tracker-1024x459-1.png 1024w, https:\/\/congnghebangtai.com\/wp-content\/uploads\/2025\/01\/Low-Sped-HD-Flat-Return-Tracker-1024x459-1-300x134.png 300w, https:\/\/congnghebangtai.com\/wp-content\/uploads\/2025\/01\/Low-Sped-HD-Flat-Return-Tracker-1024x459-1-768x344.png 768w, https:\/\/congnghebangtai.com\/wp-content\/uploads\/2025\/01\/Low-Sped-HD-Flat-Return-Tracker-1024x459-1-700x314.png 700w\" sizes=\"(max-width: 1024px) 100vw, 1024px\" \/><\/a><\/figure>\n\n\n\n<h2 class=\"wp-block-heading has-text-align-center\"><a href=\"https:\/\/congnghebangtai.com\/?page_id=3722\">Con L\u0103n Ch\u1ed1ng L\u1ec7ch Nh\u00e1nh H\u1ed3i <br>D\u1ea1ng Ph\u1eb3ng H\u1ea1ng N\u1eb7ng T\u1ed1c \u0110\u1ed9 Th\u1ea5p<\/a><\/h2>\n<\/div>\n<\/div>\n<\/div><\/div>\n","protected":false},"excerpt":{"rendered":"<p>Con L\u0103n Ch\u1ed1ng L\u1ec7ch Nh\u00e1nh Kh\u00f4ng T\u1ea3i D\u1ea1ng Ph\u1eb3ng l\u00e0 m\u1ed9t thi\u1ebft k\u1ebf \u0111\u01b0\u1ee3c c\u1ea5p b\u1eb1ng s\u00e1ng ch\u1ebf, cung c\u1ea5p h\u1ec7 th\u1ed1ng \u0111i\u1ec1u ch\u1ec9nh l\u1ec7ch b\u0103ng t\u1ea3i \u0111\u00e1ng tin c\u1eady v\u00e0 hi\u1ec7u qu\u1ea3 nh\u1ea5t c\u00f3 s\u1eb5n tr\u00ean th\u1ecb tr\u01b0\u1eddng to\u00e0n c\u1ea7u. Trung t\u00e2m b\u1ea3n l\u1ec1 c\u1ee7a n\u00f3 c\u00f3 thi\u1ebft k\u1ebf \u0111\u1ed9c \u0111\u00e1o v\u00e0 \u0111\u01a1n gi\u1ea3n,&#8230;<\/p>\n","protected":false},"author":1,"featured_media":0,"parent":0,"menu_order":0,"comment_status":"closed","ping_status":"closed","template":"","meta":{"_kad_blocks_custom_css":"","_kad_blocks_head_custom_js":"","_kad_blocks_body_custom_js":"","_kad_blocks_footer_custom_js":"","_kad_post_transparent":"","_kad_post_title":"","_kad_post_layout":"","_kad_post_sidebar_id":"","_kad_post_content_style":"","_kad_post_vertical_padding":"","_kad_post_feature":"","_kad_post_feature_position":"","_kad_post_header":false,"_kad_post_footer":false,"footnotes":""},"class_list":["post-2956","page","type-page","status-publish","hentry"],"taxonomy_info":[],"featured_image_src_large":false,"author_info":{"display_name":"admin","author_link":"https:\/\/congnghebangtai.com\/?author=1"},"comment_info":0,"_links":{"self":[{"href":"https:\/\/congnghebangtai.com\/index.php?rest_route=\/wp\/v2\/pages\/2956","targetHints":{"allow":["GET"]}}],"collection":[{"href":"https:\/\/congnghebangtai.com\/index.php?rest_route=\/wp\/v2\/pages"}],"about":[{"href":"https:\/\/congnghebangtai.com\/index.php?rest_route=\/wp\/v2\/types\/page"}],"author":[{"embeddable":true,"href":"https:\/\/congnghebangtai.com\/index.php?rest_route=\/wp\/v2\/users\/1"}],"replies":[{"embeddable":true,"href":"https:\/\/congnghebangtai.com\/index.php?rest_route=%2Fwp%2Fv2%2Fcomments&post=2956"}],"version-history":[{"count":6,"href":"https:\/\/congnghebangtai.com\/index.php?rest_route=\/wp\/v2\/pages\/2956\/revisions"}],"predecessor-version":[{"id":3879,"href":"https:\/\/congnghebangtai.com\/index.php?rest_route=\/wp\/v2\/pages\/2956\/revisions\/3879"}],"wp:attachment":[{"href":"https:\/\/congnghebangtai.com\/index.php?rest_route=%2Fwp%2Fv2%2Fmedia&parent=2956"}],"curies":[{"name":"wp","href":"https:\/\/api.w.org\/{rel}","templated":true}]}}