{"id":2962,"date":"2025-01-22T04:01:33","date_gmt":"2025-01-22T04:01:33","guid":{"rendered":"https:\/\/congnghebangtai.com\/?page_id=2962"},"modified":"2025-02-14T02:16:47","modified_gmt":"2025-02-14T02:16:47","slug":"con-lan-chong-lech-cong-nghiep","status":"publish","type":"page","link":"https:\/\/congnghebangtai.com\/?page_id=2962","title":{"rendered":"Con L\u0103n Ch\u1ed1ng L\u1ec7ch C\u00f4ng Nghi\u1ec7p"},"content":{"rendered":"<style>.kadence-column2962_f48632-0b > .kt-inside-inner-col,.kadence-column2962_f48632-0b > .kt-inside-inner-col:before{border-top-left-radius:0px;border-top-right-radius:0px;border-bottom-right-radius:0px;border-bottom-left-radius:0px;}.kadence-column2962_f48632-0b > .kt-inside-inner-col:before{opacity:0.3;}.kadence-column2962_f48632-0b{position:relative;}<\/style>\n<div class=\"wp-block-kadence-column kadence-column2962_f48632-0b\"><div class=\"kt-inside-inner-col\">\n<div class=\"wp-block-columns is-layout-flex wp-container-core-columns-is-layout-9d6595d7 wp-block-columns-is-layout-flex\">\n<div class=\"wp-block-column is-layout-flow wp-block-column-is-layout-flow\" style=\"flex-basis:66.66%\">\n<p><strong>Con L\u0103n Ch\u1ed1ng L\u1ec7ch C\u00f4ng Nghi\u1ec7p<\/strong> l\u00e0 m\u1ed9t thi\u1ebft k\u1ebf \u0111\u01b0\u1ee3c c\u1ea5p b\u1eb1ng s\u00e1ng ch\u1ebf, cung c\u1ea5p h\u1ec7 th\u1ed1ng theo d\u00f5i b\u0103ng t\u1ea3i \u0111\u00e1ng tin c\u1eady v\u00e0 hi\u1ec7u qu\u1ea3 nh\u1ea5t cho vi\u1ec7c \u0111\u1ecbnh v\u1ecb ch\u00ednh x\u00e1c b\u0103ng t\u1ea3i c\u00f4ng nghi\u1ec7p nh\u1eb9. Trung t\u00e2m b\u1ea3n l\u1ec1 c\u1ee7a n\u00f3 c\u00f3 thi\u1ebft k\u1ebf \u0111\u1ed9c \u0111\u00e1o v\u00e0 \u0111\u01a1n gi\u1ea3n, bao g\u1ed3m m\u1ed9t ch\u1ed1t th\u00e9p kh\u00f4ng g\u1ec9 vu\u00f4ng g\u00f3c v\u1edbi m\u1eb7t ph\u1eb3ng c\u1ee7a b\u0103ng t\u1ea3i, v\u00e0 l\u1edbp cao su n\u00f3ng c\u00f9ng v\u1edbi c\u00e1c c\u1ea1nh c\u00f4n, \u0111\u1ea3m b\u1ea3o b\u1ed9 theo d\u00f5i s\u1ebd k\u00edch ho\u1ea1t ngay l\u1eadp t\u1ee9c khi b\u0103ng t\u1ea3i l\u1ec7ch kh\u1ecfi trung t\u00e2m. N\u00f3 li\u00ean t\u1ee5c ph\u1ea3n \u1ee9ng \u0111\u1ec3 gi\u1eef cho b\u0103ng t\u1ea3i lu\u00f4n \u1edf v\u1ecb tr\u00ed trung t\u00e2m.<\/p>\n\n\n\n<p><strong>Thi\u1ebft k\u1ebf v\u00e0 \u0111\u00e3 \u0111\u01b0\u1ee3c ch\u1ee9ng minh cho vi\u1ec7c theo d\u00f5i b\u0103ng t\u1ea3i<\/strong><\/p>\n\n\n\n<ul class=\"wp-block-list\">\n<li>B\u1ea3n l\u1ec1 n\u1ed9i b\u1ed9 cung c\u1ea5p ph\u1ea3n \u1ee9ng nhanh ch\u00f3ng &#8211; \u0111\u1ec3 theo d\u00f5i b\u0103ng t\u1ea3i \u0111\u1ebfn trung t\u00e2m h\u1ec7 th\u1ed1ng.<\/li>\n\n\n\n<li>L\u1eafp \u0111\u1eb7t d\u1ec5 d\u00e0ng &#8211; kh\u00f4ng c\u1ea7n b\u1ea3o tr\u00ec<\/li>\n\n\n\n<li>Kh\u00f4ng c\u00f3 \u0111\u1ed9 rung &#8211; chuy\u1ec3n \u0111\u1ed9ng l\u0103n<\/li>\n\n\n\n<li>Thi\u1ebft k\u1ebf \u0111\u01a1n gi\u1ea3n &#8211; \u00edt b\u1ed9 ph\u1eadn chuy\u1ec3n \u0111\u1ed9ng<\/li>\n\n\n\n<li>Kh\u00f4ng ti\u1ebfp x\u00fac v\u1edbi c\u1ea1nh b\u0103ng t\u1ea3i<\/li>\n\n\n\n<li>Ho\u1ea1t \u0111\u1ed9ng trong m\u1ecdi \u0111i\u1ec1u ki\u1ec7n &#8211; b\u0103ng t\u1ea3i \u01b0\u1edbt v\u00e0 kh\u00f4<\/li>\n<\/ul>\n<\/div>\n\n\n\n<div class=\"wp-block-column is-layout-flow wp-block-column-is-layout-flow\" style=\"flex-basis:33.33%\">\n<figure class=\"wp-block-embed is-type-video is-provider-youtube wp-block-embed-youtube wp-embed-aspect-4-3 wp-has-aspect-ratio\"><div class=\"wp-block-embed__wrapper\">\n<iframe title=\"TRU-TRAC FOOD INDUSTRY TRACKER\" width=\"720\" height=\"540\" src=\"https:\/\/www.youtube.com\/embed\/wHNEjSjghWg?feature=oembed\" frameborder=\"0\" allow=\"accelerometer; autoplay; clipboard-write; encrypted-media; gyroscope; picture-in-picture; web-share\" referrerpolicy=\"strict-origin-when-cross-origin\" allowfullscreen><\/iframe>\n<\/div><\/figure>\n<\/div>\n<\/div>\n<\/div><\/div>\n\n\n<style>.kadence-column2962_7ba44a-90 > .kt-inside-inner-col,.kadence-column2962_7ba44a-90 > .kt-inside-inner-col:before{border-top-left-radius:0px;border-top-right-radius:0px;border-bottom-right-radius:0px;border-bottom-left-radius:0px;}.kadence-column2962_7ba44a-90 > .kt-inside-inner-col:before{opacity:0.3;}.kadence-column2962_7ba44a-90{position:relative;}<\/style>\n<div class=\"wp-block-kadence-column kadence-column2962_7ba44a-90\"><div class=\"kt-inside-inner-col\">\n<p><\/p>\n\n\n\n<h2 class=\"wp-block-heading has-text-align-center\">C\u00e1c Ch\u1ee7ng Lo\u1ea1i<\/h2>\n<\/div><\/div>\n\n\n<style>.kadence-column2962_68bf66-d6 > .kt-inside-inner-col,.kadence-column2962_68bf66-d6 > .kt-inside-inner-col:before{border-top-left-radius:0px;border-top-right-radius:0px;border-bottom-right-radius:0px;border-bottom-left-radius:0px;}.kadence-column2962_68bf66-d6 > .kt-inside-inner-col:before{opacity:0.3;}.kadence-column2962_68bf66-d6{position:relative;}<\/style>\n<div class=\"wp-block-kadence-column kadence-column2962_68bf66-d6\"><div class=\"kt-inside-inner-col\">\n<div class=\"wp-block-columns is-layout-flex wp-container-core-columns-is-layout-9d6595d7 wp-block-columns-is-layout-flex\">\n<div class=\"wp-block-column is-layout-flow wp-block-column-is-layout-flow\"><style>.kb-image2962_c4e225-8c .kb-image-has-overlay:after{opacity:0.3;}<\/style>\n<figure class=\"wp-block-kadence-image kb-image2962_c4e225-8c size-full\"><a href=\"https:\/\/congnghebangtai.com\/?page_id=3727\" class=\"kb-advanced-image-link\"><img fetchpriority=\"high\" decoding=\"async\" width=\"1024\" height=\"1024\" src=\"https:\/\/congnghebangtai.com\/wp-content\/uploads\/2025\/01\/Package-Industry-Tracker-Trackers-Product-Image-1024x1024-1.png\" alt=\"\" class=\"kb-img wp-image-3055\" srcset=\"https:\/\/congnghebangtai.com\/wp-content\/uploads\/2025\/01\/Package-Industry-Tracker-Trackers-Product-Image-1024x1024-1.png 1024w, https:\/\/congnghebangtai.com\/wp-content\/uploads\/2025\/01\/Package-Industry-Tracker-Trackers-Product-Image-1024x1024-1-300x300.png 300w, https:\/\/congnghebangtai.com\/wp-content\/uploads\/2025\/01\/Package-Industry-Tracker-Trackers-Product-Image-1024x1024-1-150x150.png 150w, https:\/\/congnghebangtai.com\/wp-content\/uploads\/2025\/01\/Package-Industry-Tracker-Trackers-Product-Image-1024x1024-1-768x768.png 768w, https:\/\/congnghebangtai.com\/wp-content\/uploads\/2025\/01\/Package-Industry-Tracker-Trackers-Product-Image-1024x1024-1-800x800.png 800w, https:\/\/congnghebangtai.com\/wp-content\/uploads\/2025\/01\/Package-Industry-Tracker-Trackers-Product-Image-1024x1024-1-700x700.png 700w, https:\/\/congnghebangtai.com\/wp-content\/uploads\/2025\/01\/Package-Industry-Tracker-Trackers-Product-Image-1024x1024-1-100x100.png 100w\" sizes=\"(max-width: 1024px) 100vw, 1024px\" \/><\/a><\/figure>\n\n\n\n<h2 class=\"wp-block-heading has-text-align-center\"><a href=\"https:\/\/congnghebangtai.com\/?page_id=3727\">Con L\u0103n Ch\u1ed1ng L\u1ec7ch Nh\u00e1nh H\u1ed3i <br>Ng\u00e0nh C\u00f4ng Nghi\u1ec7p Bao B\u00ec<\/a><\/h2>\n<\/div>\n\n\n\n<div class=\"wp-block-column is-layout-flow wp-block-column-is-layout-flow\"><style>.kb-image2962_71e83b-6c .kb-image-has-overlay:after{opacity:0.3;}<\/style>\n<figure class=\"wp-block-kadence-image kb-image2962_71e83b-6c size-full\"><a href=\"https:\/\/congnghebangtai.com\/?page_id=3730\" class=\"kb-advanced-image-link\"><img decoding=\"async\" width=\"1024\" height=\"1024\" src=\"https:\/\/congnghebangtai.com\/wp-content\/uploads\/2025\/01\/Food-Grade-Tru-Trainer-rev10-14_4-1024x1024-1.png\" alt=\"\" class=\"kb-img wp-image-3054\" srcset=\"https:\/\/congnghebangtai.com\/wp-content\/uploads\/2025\/01\/Food-Grade-Tru-Trainer-rev10-14_4-1024x1024-1.png 1024w, https:\/\/congnghebangtai.com\/wp-content\/uploads\/2025\/01\/Food-Grade-Tru-Trainer-rev10-14_4-1024x1024-1-300x300.png 300w, https:\/\/congnghebangtai.com\/wp-content\/uploads\/2025\/01\/Food-Grade-Tru-Trainer-rev10-14_4-1024x1024-1-150x150.png 150w, https:\/\/congnghebangtai.com\/wp-content\/uploads\/2025\/01\/Food-Grade-Tru-Trainer-rev10-14_4-1024x1024-1-768x768.png 768w, https:\/\/congnghebangtai.com\/wp-content\/uploads\/2025\/01\/Food-Grade-Tru-Trainer-rev10-14_4-1024x1024-1-800x800.png 800w, https:\/\/congnghebangtai.com\/wp-content\/uploads\/2025\/01\/Food-Grade-Tru-Trainer-rev10-14_4-1024x1024-1-700x700.png 700w, https:\/\/congnghebangtai.com\/wp-content\/uploads\/2025\/01\/Food-Grade-Tru-Trainer-rev10-14_4-1024x1024-1-100x100.png 100w\" sizes=\"(max-width: 1024px) 100vw, 1024px\" \/><\/a><\/figure>\n\n\n\n<h2 class=\"wp-block-heading has-text-align-center\"><a href=\"https:\/\/congnghebangtai.com\/?page_id=3730\">Con L\u0103n Ch\u1ed1ng L\u1ec7ch Nh\u00e1nh H\u1ed3i<br>Ng\u00e0nh C\u00f4ng Nghi\u1ec7p Th\u1ef1c Ph\u1ea9m<\/a><\/h2>\n<\/div>\n<\/div>\n<\/div><\/div>\n","protected":false},"excerpt":{"rendered":"<p>Con L\u0103n Ch\u1ed1ng L\u1ec7ch C\u00f4ng Nghi\u1ec7p l\u00e0 m\u1ed9t thi\u1ebft k\u1ebf \u0111\u01b0\u1ee3c c\u1ea5p b\u1eb1ng s\u00e1ng ch\u1ebf, cung c\u1ea5p h\u1ec7 th\u1ed1ng theo d\u00f5i b\u0103ng t\u1ea3i \u0111\u00e1ng tin c\u1eady v\u00e0 hi\u1ec7u qu\u1ea3 nh\u1ea5t cho vi\u1ec7c \u0111\u1ecbnh v\u1ecb ch\u00ednh x\u00e1c b\u0103ng t\u1ea3i c\u00f4ng nghi\u1ec7p nh\u1eb9. Trung t\u00e2m b\u1ea3n l\u1ec1 c\u1ee7a n\u00f3 c\u00f3 thi\u1ebft k\u1ebf \u0111\u1ed9c \u0111\u00e1o v\u00e0 \u0111\u01a1n gi\u1ea3n,&#8230;<\/p>\n","protected":false},"author":1,"featured_media":0,"parent":0,"menu_order":0,"comment_status":"closed","ping_status":"closed","template":"","meta":{"_kad_blocks_custom_css":"","_kad_blocks_head_custom_js":"","_kad_blocks_body_custom_js":"","_kad_blocks_footer_custom_js":"","_kad_post_transparent":"","_kad_post_title":"","_kad_post_layout":"","_kad_post_sidebar_id":"","_kad_post_content_style":"","_kad_post_vertical_padding":"","_kad_post_feature":"","_kad_post_feature_position":"","_kad_post_header":false,"_kad_post_footer":false,"footnotes":""},"class_list":["post-2962","page","type-page","status-publish","hentry"],"taxonomy_info":[],"featured_image_src_large":false,"author_info":{"display_name":"admin","author_link":"https:\/\/congnghebangtai.com\/?author=1"},"comment_info":0,"_links":{"self":[{"href":"https:\/\/congnghebangtai.com\/index.php?rest_route=\/wp\/v2\/pages\/2962","targetHints":{"allow":["GET"]}}],"collection":[{"href":"https:\/\/congnghebangtai.com\/index.php?rest_route=\/wp\/v2\/pages"}],"about":[{"href":"https:\/\/congnghebangtai.com\/index.php?rest_route=\/wp\/v2\/types\/page"}],"author":[{"embeddable":true,"href":"https:\/\/congnghebangtai.com\/index.php?rest_route=\/wp\/v2\/users\/1"}],"replies":[{"embeddable":true,"href":"https:\/\/congnghebangtai.com\/index.php?rest_route=%2Fwp%2Fv2%2Fcomments&post=2962"}],"version-history":[{"count":4,"href":"https:\/\/congnghebangtai.com\/index.php?rest_route=\/wp\/v2\/pages\/2962\/revisions"}],"predecessor-version":[{"id":3733,"href":"https:\/\/congnghebangtai.com\/index.php?rest_route=\/wp\/v2\/pages\/2962\/revisions\/3733"}],"wp:attachment":[{"href":"https:\/\/congnghebangtai.com\/index.php?rest_route=%2Fwp%2Fv2%2Fmedia&parent=2962"}],"curies":[{"name":"wp","href":"https:\/\/api.w.org\/{rel}","templated":true}]}}