{"id":2966,"date":"2025-01-22T04:20:54","date_gmt":"2025-01-22T04:20:54","guid":{"rendered":"https:\/\/congnghebangtai.com\/?page_id=2966"},"modified":"2025-02-14T02:59:03","modified_gmt":"2025-02-14T02:59:03","slug":"con-lan-chong-lech-nhanh-hoi-dang-kep","status":"publish","type":"page","link":"https:\/\/congnghebangtai.com\/?page_id=2966","title":{"rendered":"Con L\u0103n Ch\u1ed1ng L\u1ec7ch Nh\u00e1nh H\u1ed3i D\u1ea1ng K\u00e9p"},"content":{"rendered":"<style>.kadence-column2966_7bd03b-fd > .kt-inside-inner-col,.kadence-column2966_7bd03b-fd > .kt-inside-inner-col:before{border-top-left-radius:0px;border-top-right-radius:0px;border-bottom-right-radius:0px;border-bottom-left-radius:0px;}.kadence-column2966_7bd03b-fd > .kt-inside-inner-col:before{opacity:0.3;}.kadence-column2966_7bd03b-fd{position:relative;}<\/style>\n<div class=\"wp-block-kadence-column kadence-column2966_7bd03b-fd\"><div class=\"kt-inside-inner-col\">\n<div class=\"wp-block-columns is-layout-flex wp-container-core-columns-is-layout-9d6595d7 wp-block-columns-is-layout-flex\">\n<div class=\"wp-block-column is-layout-flow wp-block-column-is-layout-flow\" style=\"flex-basis:66.66%\">\n<p><br><strong>Con L\u0103n Ch\u1ed1ng L\u1ec7ch Nh\u00e1nh H\u1ed3i D\u1ea1ng K\u00e9p<\/strong> &#8211; Tru-Trac\u00ae Dual Return Trackers \u0111\u00e3 \u0111\u01b0\u1ee3c c\u1ea5p b\u1eb1ng s\u00e1ng ch\u1ebf to\u00e0n c\u1ea7u v\u00e0 \u0111\u01b0\u1ee3c ph\u00e1t tri\u1ec3n \u0111\u1ec3 ch\u1ecbu \u0111\u1ef1ng l\u1ef1c t\u00e1c \u0111\u1ed9ng m\u1ea1nh m\u1ebd c\u1ee7a c\u00e1c b\u0103ng t\u1ea3i r\u1ed9ng v\u00e0 t\u1ea3i n\u1eb7ng, c\u0169ng nh\u01b0 c\u00e1c b\u0103ng t\u1ea3i c\u00f3 t\u1ed1c \u0111\u1ed9 v\u01b0\u1ee3t qu\u00e1 4 m\/s. <\/p>\n\n\n\n<p>C\u01a1 ch\u1ebf b\u1ea3n l\u1ec1 trung t\u00e2m b\u00ean ngo\u00e0i \u0111\u00e3 \u0111\u01b0\u1ee3c thi\u1ebft k\u1ebf, lo\u1ea1i b\u1ecf s\u1ef1 c\u1ea7n thi\u1ebft c\u1ee7a m\u1ed9t tr\u1ed1ng l\u1edbn duy nh\u1ea5t, v\u00e0 cho ph\u00e9p \u0111\u1ea1t \u0111\u01b0\u1ee3c s\u1ef1 quay \u0111\u1ed3ng t\u00e2m v\u00e0 c\u00e2n b\u1eb1ng. \u0110i\u1ec1u n\u00e0y \u0111\u00e3 mang l\u1ea1i tu\u1ed5i th\u1ecd \u1ed5 bi l\u00e2u d\u00e0i v\u00e0 m\u1ed9t h\u1ec7 th\u1ed1ng theo d\u00f5i r\u1ea5t nhanh ch\u00f3ng v\u00e0 hi\u1ec7u qu\u1ea3.<br><br><br><br><\/p>\n<\/div>\n\n\n\n<div class=\"wp-block-column is-layout-flow wp-block-column-is-layout-flow\" style=\"flex-basis:33.33%\">\n<figure class=\"wp-block-embed aligncenter is-type-video is-provider-youtube wp-block-embed-youtube wp-embed-aspect-16-9 wp-has-aspect-ratio\"><div class=\"wp-block-embed__wrapper\">\n<iframe title=\"TRU-TRAC\u00ae DUAL RETURN TRACKERS\" width=\"720\" height=\"405\" src=\"https:\/\/www.youtube.com\/embed\/MW8QF80RH1c?feature=oembed\" frameborder=\"0\" allow=\"accelerometer; autoplay; clipboard-write; encrypted-media; gyroscope; picture-in-picture; web-share\" referrerpolicy=\"strict-origin-when-cross-origin\" allowfullscreen><\/iframe>\n<\/div><\/figure>\n<\/div>\n<\/div>\n<\/div><\/div>\n\n\n<style>.kadence-column2966_db6138-1b > .kt-inside-inner-col,.kadence-column2966_db6138-1b > .kt-inside-inner-col:before{border-top-left-radius:0px;border-top-right-radius:0px;border-bottom-right-radius:0px;border-bottom-left-radius:0px;}.kadence-column2966_db6138-1b > .kt-inside-inner-col:before{opacity:0.3;}.kadence-column2966_db6138-1b{position:relative;}<\/style>\n<div class=\"wp-block-kadence-column kadence-column2966_db6138-1b\"><div class=\"kt-inside-inner-col\">\n<p><\/p>\n\n\n\n<h2 class=\"wp-block-heading has-text-align-center\">C\u00e1c Ch\u1ee7ng Lo\u1ea1i<\/h2>\n<\/div><\/div>\n\n\n<style>.kadence-column2966_629057-d7 > .kt-inside-inner-col,.kadence-column2966_629057-d7 > .kt-inside-inner-col:before{border-top-left-radius:0px;border-top-right-radius:0px;border-bottom-right-radius:0px;border-bottom-left-radius:0px;}.kadence-column2966_629057-d7 > .kt-inside-inner-col:before{opacity:0.3;}.kadence-column2966_629057-d7{position:relative;}<\/style>\n<div class=\"wp-block-kadence-column kadence-column2966_629057-d7\"><div class=\"kt-inside-inner-col\">\n<div class=\"wp-block-columns is-layout-flex wp-container-core-columns-is-layout-9d6595d7 wp-block-columns-is-layout-flex\">\n<div class=\"wp-block-column is-layout-flow wp-block-column-is-layout-flow\"><style>.kb-image2966_5419ad-5d.kb-image-is-ratio-size, .kb-image2966_5419ad-5d .kb-image-is-ratio-size{max-width:231px;width:100%;}.kb-image2966_5419ad-5d figure{max-width:231px;}.kb-image2966_5419ad-5d .image-is-svg, .kb-image2966_5419ad-5d .image-is-svg img{width:100%;}.kb-image2966_5419ad-5d .kb-image-has-overlay:after{opacity:0.3;}<\/style>\n<div class=\"wp-block-kadence-image kb-image2966_5419ad-5d\"><figure class=\"aligncenter size-full\"><a href=\"https:\/\/congnghebangtai.com\/?page_id=3735\" class=\"kb-advanced-image-link\"><img fetchpriority=\"high\" decoding=\"async\" width=\"1024\" height=\"1024\" src=\"https:\/\/congnghebangtai.com\/wp-content\/uploads\/2025\/01\/Dual-Return-Standard0000-1024x1024-2.png\" alt=\"\" class=\"kb-img wp-image-3090\" srcset=\"https:\/\/congnghebangtai.com\/wp-content\/uploads\/2025\/01\/Dual-Return-Standard0000-1024x1024-2.png 1024w, https:\/\/congnghebangtai.com\/wp-content\/uploads\/2025\/01\/Dual-Return-Standard0000-1024x1024-2-300x300.png 300w, https:\/\/congnghebangtai.com\/wp-content\/uploads\/2025\/01\/Dual-Return-Standard0000-1024x1024-2-150x150.png 150w, https:\/\/congnghebangtai.com\/wp-content\/uploads\/2025\/01\/Dual-Return-Standard0000-1024x1024-2-768x768.png 768w, https:\/\/congnghebangtai.com\/wp-content\/uploads\/2025\/01\/Dual-Return-Standard0000-1024x1024-2-800x800.png 800w, https:\/\/congnghebangtai.com\/wp-content\/uploads\/2025\/01\/Dual-Return-Standard0000-1024x1024-2-700x700.png 700w, https:\/\/congnghebangtai.com\/wp-content\/uploads\/2025\/01\/Dual-Return-Standard0000-1024x1024-2-100x100.png 100w\" sizes=\"(max-width: 1024px) 100vw, 1024px\" \/><\/a><\/figure><\/div>\n\n\n\n<h2 class=\"wp-block-heading has-text-align-center\"><a href=\"https:\/\/congnghebangtai.com\/?page_id=3735\">Con L\u0103n Ch\u1ed1ng L\u1ec7ch Nh\u00e1nh H\u1ed3i D\u1ea1ng K\u00e9p Ti\u00eau Chu\u1ea9n<\/a><\/h2>\n<\/div>\n\n\n\n<div class=\"wp-block-column is-layout-flow wp-block-column-is-layout-flow\"><style>.kb-image2966_0613bb-52.kb-image-is-ratio-size, .kb-image2966_0613bb-52 .kb-image-is-ratio-size{max-width:383px;width:100%;}.kb-image2966_0613bb-52 figure{max-width:383px;}.kb-image2966_0613bb-52 .image-is-svg, .kb-image2966_0613bb-52 .image-is-svg img{width:100%;}.kb-image2966_0613bb-52 .kb-image-has-overlay:after{opacity:0.3;}<\/style>\n<div class=\"wp-block-kadence-image kb-image2966_0613bb-52\"><figure class=\"aligncenter size-full\"><a href=\"https:\/\/congnghebangtai.com\/?page_id=3737\" class=\"kb-advanced-image-link\"><img decoding=\"async\" width=\"1024\" height=\"617\" src=\"https:\/\/congnghebangtai.com\/wp-content\/uploads\/2025\/01\/HD-Dual-Return-Tracker-1024x617-1.png\" alt=\"\" class=\"kb-img wp-image-3091\" srcset=\"https:\/\/congnghebangtai.com\/wp-content\/uploads\/2025\/01\/HD-Dual-Return-Tracker-1024x617-1.png 1024w, https:\/\/congnghebangtai.com\/wp-content\/uploads\/2025\/01\/HD-Dual-Return-Tracker-1024x617-1-300x181.png 300w, https:\/\/congnghebangtai.com\/wp-content\/uploads\/2025\/01\/HD-Dual-Return-Tracker-1024x617-1-768x463.png 768w, https:\/\/congnghebangtai.com\/wp-content\/uploads\/2025\/01\/HD-Dual-Return-Tracker-1024x617-1-700x422.png 700w\" sizes=\"(max-width: 1024px) 100vw, 1024px\" \/><\/a><\/figure><\/div>\n\n\n\n<h2 class=\"wp-block-heading has-text-align-center\"><a href=\"https:\/\/congnghebangtai.com\/?page_id=3737\">Con L\u0103n Ch\u1ed1ng L\u1ec7ch Nh\u00e1nh H\u1ed3i D\u1ea1ng K\u00e9p H\u1ea1ng N\u1eb7ng<\/a><\/h2>\n<\/div>\n\n\n\n<div class=\"wp-block-column is-layout-flow wp-block-column-is-layout-flow\"><style>.kb-image2966_80af45-7b .kb-image-has-overlay:after{opacity:0.3;}<\/style>\n<figure class=\"wp-block-kadence-image kb-image2966_80af45-7b size-full\"><a href=\"https:\/\/congnghebangtai.com\/?page_id=3740\" class=\"kb-advanced-image-link\"><img decoding=\"async\" width=\"1024\" height=\"660\" src=\"https:\/\/congnghebangtai.com\/wp-content\/uploads\/2025\/01\/EXHD-Dual-Return-1024x660-1.png\" alt=\"\" class=\"kb-img wp-image-3089\" srcset=\"https:\/\/congnghebangtai.com\/wp-content\/uploads\/2025\/01\/EXHD-Dual-Return-1024x660-1.png 1024w, https:\/\/congnghebangtai.com\/wp-content\/uploads\/2025\/01\/EXHD-Dual-Return-1024x660-1-300x193.png 300w, https:\/\/congnghebangtai.com\/wp-content\/uploads\/2025\/01\/EXHD-Dual-Return-1024x660-1-768x495.png 768w, https:\/\/congnghebangtai.com\/wp-content\/uploads\/2025\/01\/EXHD-Dual-Return-1024x660-1-700x451.png 700w\" sizes=\"(max-width: 1024px) 100vw, 1024px\" \/><\/a><\/figure>\n\n\n\n<h2 class=\"wp-block-heading has-text-align-center\"><a href=\"https:\/\/congnghebangtai.com\/?page_id=3740\">Con L\u0103n Ch\u1ed1ng L\u1ec7ch Nh\u00e1nh H\u1ed3i D\u1ea1ng K\u00e9p C\u1ef1c N\u1eb7ng<\/a><\/h2>\n<\/div>\n<\/div>\n<\/div><\/div>\n","protected":false},"excerpt":{"rendered":"<p>Con L\u0103n Ch\u1ed1ng L\u1ec7ch Nh\u00e1nh H\u1ed3i D\u1ea1ng K\u00e9p &#8211; Tru-Trac\u00ae Dual Return Trackers \u0111\u00e3 \u0111\u01b0\u1ee3c c\u1ea5p b\u1eb1ng s\u00e1ng ch\u1ebf to\u00e0n c\u1ea7u v\u00e0 \u0111\u01b0\u1ee3c ph\u00e1t tri\u1ec3n \u0111\u1ec3 ch\u1ecbu \u0111\u1ef1ng l\u1ef1c t\u00e1c \u0111\u1ed9ng m\u1ea1nh m\u1ebd c\u1ee7a c\u00e1c b\u0103ng t\u1ea3i r\u1ed9ng v\u00e0 t\u1ea3i n\u1eb7ng, c\u0169ng nh\u01b0 c\u00e1c b\u0103ng t\u1ea3i c\u00f3 t\u1ed1c \u0111\u1ed9 v\u01b0\u1ee3t qu\u00e1 4 m\/s. C\u01a1 ch\u1ebf&#8230;<\/p>\n","protected":false},"author":1,"featured_media":0,"parent":0,"menu_order":0,"comment_status":"closed","ping_status":"closed","template":"","meta":{"_kad_blocks_custom_css":"","_kad_blocks_head_custom_js":"","_kad_blocks_body_custom_js":"","_kad_blocks_footer_custom_js":"","_kad_post_transparent":"","_kad_post_title":"","_kad_post_layout":"","_kad_post_sidebar_id":"","_kad_post_content_style":"","_kad_post_vertical_padding":"","_kad_post_feature":"","_kad_post_feature_position":"","_kad_post_header":false,"_kad_post_footer":false,"footnotes":""},"class_list":["post-2966","page","type-page","status-publish","hentry"],"taxonomy_info":[],"featured_image_src_large":false,"author_info":{"display_name":"admin","author_link":"https:\/\/congnghebangtai.com\/?author=1"},"comment_info":0,"_links":{"self":[{"href":"https:\/\/congnghebangtai.com\/index.php?rest_route=\/wp\/v2\/pages\/2966","targetHints":{"allow":["GET"]}}],"collection":[{"href":"https:\/\/congnghebangtai.com\/index.php?rest_route=\/wp\/v2\/pages"}],"about":[{"href":"https:\/\/congnghebangtai.com\/index.php?rest_route=\/wp\/v2\/types\/page"}],"author":[{"embeddable":true,"href":"https:\/\/congnghebangtai.com\/index.php?rest_route=\/wp\/v2\/users\/1"}],"replies":[{"embeddable":true,"href":"https:\/\/congnghebangtai.com\/index.php?rest_route=%2Fwp%2Fv2%2Fcomments&post=2966"}],"version-history":[{"count":4,"href":"https:\/\/congnghebangtai.com\/index.php?rest_route=\/wp\/v2\/pages\/2966\/revisions"}],"predecessor-version":[{"id":3743,"href":"https:\/\/congnghebangtai.com\/index.php?rest_route=\/wp\/v2\/pages\/2966\/revisions\/3743"}],"wp:attachment":[{"href":"https:\/\/congnghebangtai.com\/index.php?rest_route=%2Fwp%2Fv2%2Fmedia&parent=2966"}],"curies":[{"name":"wp","href":"https:\/\/api.w.org\/{rel}","templated":true}]}}