{"id":2971,"date":"2025-01-22T04:59:57","date_gmt":"2025-01-22T04:59:57","guid":{"rendered":"https:\/\/congnghebangtai.com\/?page_id=2971"},"modified":"2025-02-14T03:05:05","modified_gmt":"2025-02-14T03:05:05","slug":"con-lan-chong-lech-nhanh-hoi-dang-kep-gon-nhe","status":"publish","type":"page","link":"https:\/\/congnghebangtai.com\/?page_id=2971","title":{"rendered":"Con L\u0103n Ch\u1ed1ng L\u1ec7ch Nh\u00e1nh H\u1ed3i D\u1ea1ng K\u00e9p G\u1ecdn Nh\u1eb9"},"content":{"rendered":"<style>.kadence-column2971_abef9c-3c > .kt-inside-inner-col,.kadence-column2971_abef9c-3c > .kt-inside-inner-col:before{border-top-left-radius:0px;border-top-right-radius:0px;border-bottom-right-radius:0px;border-bottom-left-radius:0px;}.kadence-column2971_abef9c-3c > .kt-inside-inner-col:before{opacity:0.3;}.kadence-column2971_abef9c-3c{position:relative;}<\/style>\n<div class=\"wp-block-kadence-column kadence-column2971_abef9c-3c\"><div class=\"kt-inside-inner-col\">\n<div class=\"wp-block-columns is-layout-flex wp-container-core-columns-is-layout-9d6595d7 wp-block-columns-is-layout-flex\">\n<div class=\"wp-block-column is-layout-flow wp-block-column-is-layout-flow\" style=\"flex-basis:66.66%\">\n<p><strong>Con L\u0103n Ch\u1ed1ng L\u1ec7ch Nh\u00e1nh H\u1ed3i D\u1ea1ng K\u00e9p G\u1ecdn Nh\u1eb9<\/strong> &#8211; Tru-Trac\u00ae Compact Dual Return Tracker \u0111\u01b0\u1ee3c thi\u1ebft k\u1ebf d\u00e0nh cho c\u00e1c b\u0103ng t\u1ea3i h\u1ea1ng n\u1eb7ng c\u00f3 kh\u00f4ng gian chi\u1ec1u cao th\u1ea5p. Thi\u1ebft k\u1ebf g\u1ecdn nh\u1eb9 n\u00e0y mang l\u1ea1i t\u1ea5t c\u1ea3 c\u00e1c l\u1ee3i \u00edch c\u1ee7a thi\u1ebft k\u1ebf Con L\u0103n Ch\u1ed1ng L\u1ec7ch Nh\u00e1nh H\u1ed3i D\u1ea1ng K\u00e9p v\u00e0 gi\u1edd \u0111\u00e2y c\u00f3 th\u1ec3 ph\u00f9 h\u1ee3p v\u1edbi c\u00e1c kh\u00f4ng gian h\u1ea1n ch\u1ebf. \u0110\u00e2y l\u00e0 gi\u1ea3i ph\u00e1p l\u00fd t\u01b0\u1edfng cho vi\u1ec7c l\u1eafp \u0111\u1eb7t trong c\u00e1c \u0111\u01a1n v\u1ecb k\u00e9o ngang.<\/p>\n\n\n\n<p><strong>Con L\u0103n Ch\u1ed1ng L\u1ec7ch Nh\u00e1nh H\u1ed3i D\u1ea1ng K\u00e9p G\u1ecdn Nh\u1eb9<\/strong> \u0111\u00e3 \u0111\u01b0\u1ee3c c\u1ea5p b\u1eb1ng s\u00e1ng ch\u1ebf to\u00e0n c\u1ea7u v\u00e0 \u0111\u01b0\u1ee3c ph\u00e1t tri\u1ec3n \u0111\u1eb7c bi\u1ec7t \u0111\u1ec3 ch\u1ecbu \u0111\u1ef1ng l\u1ef1c t\u00e1c \u0111\u1ed9ng m\u1ea1nh m\u1ebd c\u1ee7a c\u00e1c b\u0103ng t\u1ea3i r\u1ed9ng v\u00e0 t\u1ea3i n\u1eb7ng, c\u0169ng nh\u01b0 c\u00e1c b\u0103ng t\u1ea3i c\u00f3 t\u1ed1c \u0111\u1ed9 v\u01b0\u1ee3t qu\u00e1 4 m\/s. C\u01a1 ch\u1ebf b\u1ea3n l\u1ec1 trung t\u00e2m b\u00ean ngo\u00e0i \u0111\u00e3 \u0111\u01b0\u1ee3c thi\u1ebft k\u1ebf, lo\u1ea1i b\u1ecf s\u1ef1 c\u1ea7n thi\u1ebft c\u1ee7a m\u1ed9t tr\u1ed1ng l\u1edbn duy nh\u1ea5t, v\u00e0 cho ph\u00e9p \u0111\u1ea1t \u0111\u01b0\u1ee3c s\u1ef1 quay \u0111\u1ed3ng t\u00e2m v\u00e0 c\u00e2n b\u1eb1ng. \u0110i\u1ec1u n\u00e0y \u0111\u00e3 mang l\u1ea1i tu\u1ed5i th\u1ecd \u1ed5 bi l\u00e2u d\u00e0i v\u00e0 m\u1ed9t h\u1ec7 th\u1ed1ng theo d\u00f5i r\u1ea5t nhanh ch\u00f3ng v\u00e0 hi\u1ec7u qu\u1ea3.<\/p>\n<\/div>\n\n\n\n<div class=\"wp-block-column is-layout-flow wp-block-column-is-layout-flow\" style=\"flex-basis:33.33%\">\n<figure class=\"wp-block-embed aligncenter is-type-video is-provider-youtube wp-block-embed-youtube wp-embed-aspect-16-9 wp-has-aspect-ratio\"><div class=\"wp-block-embed__wrapper\">\n<iframe title=\"TRU-TRAC COMPACT DUAL RETURN TRACKER\" width=\"720\" height=\"405\" src=\"https:\/\/www.youtube.com\/embed\/jf5O-5AeNaI?feature=oembed\" frameborder=\"0\" allow=\"accelerometer; autoplay; clipboard-write; encrypted-media; gyroscope; picture-in-picture; web-share\" referrerpolicy=\"strict-origin-when-cross-origin\" allowfullscreen><\/iframe>\n<\/div><\/figure>\n<\/div>\n<\/div>\n<\/div><\/div>\n\n\n<style>.kadence-column2971_150787-7e > .kt-inside-inner-col,.kadence-column2971_150787-7e > .kt-inside-inner-col:before{border-top-left-radius:0px;border-top-right-radius:0px;border-bottom-right-radius:0px;border-bottom-left-radius:0px;}.kadence-column2971_150787-7e > .kt-inside-inner-col:before{opacity:0.3;}.kadence-column2971_150787-7e{position:relative;}<\/style>\n<div class=\"wp-block-kadence-column kadence-column2971_150787-7e\"><div class=\"kt-inside-inner-col\">\n<p><\/p>\n\n\n\n<h2 class=\"wp-block-heading has-text-align-center\">C\u00e1c Ch\u1ee7ng Lo\u1ea1i<\/h2>\n<\/div><\/div>\n\n\n<style>.kadence-column2971_677265-32 > .kt-inside-inner-col,.kadence-column2971_677265-32 > .kt-inside-inner-col:before{border-top-left-radius:0px;border-top-right-radius:0px;border-bottom-right-radius:0px;border-bottom-left-radius:0px;}.kadence-column2971_677265-32 > .kt-inside-inner-col:before{opacity:0.3;}.kadence-column2971_677265-32{position:relative;}<\/style>\n<div class=\"wp-block-kadence-column kadence-column2971_677265-32\"><div class=\"kt-inside-inner-col\">\n<div class=\"wp-block-columns is-layout-flex wp-container-core-columns-is-layout-9d6595d7 wp-block-columns-is-layout-flex\">\n<div class=\"wp-block-column is-layout-flow wp-block-column-is-layout-flow\"><style>.kb-image2971_b9dcd3-4b .kb-image-has-overlay:after{opacity:0.3;}<\/style>\n<figure class=\"wp-block-kadence-image kb-image2971_b9dcd3-4b size-full\"><a href=\"https:\/\/congnghebangtai.com\/?page_id=3744\" class=\"kb-advanced-image-link\"><img fetchpriority=\"high\" decoding=\"async\" width=\"1024\" height=\"660\" src=\"https:\/\/congnghebangtai.com\/wp-content\/uploads\/2025\/01\/Compact-Dual-1024x660-1.png\" alt=\"\" class=\"kb-img wp-image-3095\" srcset=\"https:\/\/congnghebangtai.com\/wp-content\/uploads\/2025\/01\/Compact-Dual-1024x660-1.png 1024w, https:\/\/congnghebangtai.com\/wp-content\/uploads\/2025\/01\/Compact-Dual-1024x660-1-300x193.png 300w, https:\/\/congnghebangtai.com\/wp-content\/uploads\/2025\/01\/Compact-Dual-1024x660-1-768x495.png 768w, https:\/\/congnghebangtai.com\/wp-content\/uploads\/2025\/01\/Compact-Dual-1024x660-1-700x451.png 700w\" sizes=\"(max-width: 1024px) 100vw, 1024px\" \/><\/a><\/figure>\n\n\n\n<h4 class=\"wp-block-heading has-text-align-center\"><a href=\"https:\/\/congnghebangtai.com\/?page_id=3744\">Con L\u0103n Ch\u1ed1ng L\u1ec7ch Nh\u00e1nh H\u1ed3i D\u1ea1ng K\u00e9p G\u1ecdn Nh\u1eb9 Ti\u00eau Chu\u1ea9n<\/a><\/h4>\n<\/div>\n\n\n\n<div class=\"wp-block-column is-layout-flow wp-block-column-is-layout-flow\"><style>.kb-image2971_16a820-34 .kb-image-has-overlay:after{opacity:0.3;}<\/style>\n<figure class=\"wp-block-kadence-image kb-image2971_16a820-34 size-full\"><a href=\"https:\/\/congnghebangtai.com\/?page_id=3746\" class=\"kb-advanced-image-link\"><img decoding=\"async\" width=\"1024\" height=\"660\" src=\"https:\/\/congnghebangtai.com\/wp-content\/uploads\/2025\/01\/Compact-HD-Dual-Return-1024x660-1.png\" alt=\"\" class=\"kb-img wp-image-3094\" srcset=\"https:\/\/congnghebangtai.com\/wp-content\/uploads\/2025\/01\/Compact-HD-Dual-Return-1024x660-1.png 1024w, https:\/\/congnghebangtai.com\/wp-content\/uploads\/2025\/01\/Compact-HD-Dual-Return-1024x660-1-300x193.png 300w, https:\/\/congnghebangtai.com\/wp-content\/uploads\/2025\/01\/Compact-HD-Dual-Return-1024x660-1-768x495.png 768w, https:\/\/congnghebangtai.com\/wp-content\/uploads\/2025\/01\/Compact-HD-Dual-Return-1024x660-1-700x451.png 700w\" sizes=\"(max-width: 1024px) 100vw, 1024px\" \/><\/a><\/figure>\n\n\n\n<h4 class=\"wp-block-heading has-text-align-center\"><a href=\"https:\/\/congnghebangtai.com\/?page_id=3746\">Con L\u0103n Ch\u1ed1ng L\u1ec7ch Nh\u00e1nh H\u1ed3i D\u1ea1ng K\u00e9p G\u1ecdn Nh\u1eb9 H\u1ea1ng N\u1eb7ng<\/a><\/h4>\n<\/div>\n\n\n\n<div class=\"wp-block-column is-layout-flow wp-block-column-is-layout-flow\"><style>.kb-image2971_9771b6-81 .kb-image-has-overlay:after{opacity:0.3;}<\/style>\n<figure class=\"wp-block-kadence-image kb-image2971_9771b6-81 size-full\"><a href=\"https:\/\/congnghebangtai.com\/?page_id=3748\" class=\"kb-advanced-image-link\"><img decoding=\"async\" width=\"1024\" height=\"660\" src=\"https:\/\/congnghebangtai.com\/wp-content\/uploads\/2025\/01\/Compact-Low-Speed-Dual-Reutrn-copy-1024x660-1.png\" alt=\"\" class=\"kb-img wp-image-3093\" srcset=\"https:\/\/congnghebangtai.com\/wp-content\/uploads\/2025\/01\/Compact-Low-Speed-Dual-Reutrn-copy-1024x660-1.png 1024w, https:\/\/congnghebangtai.com\/wp-content\/uploads\/2025\/01\/Compact-Low-Speed-Dual-Reutrn-copy-1024x660-1-300x193.png 300w, https:\/\/congnghebangtai.com\/wp-content\/uploads\/2025\/01\/Compact-Low-Speed-Dual-Reutrn-copy-1024x660-1-768x495.png 768w, https:\/\/congnghebangtai.com\/wp-content\/uploads\/2025\/01\/Compact-Low-Speed-Dual-Reutrn-copy-1024x660-1-700x451.png 700w\" sizes=\"(max-width: 1024px) 100vw, 1024px\" \/><\/a><\/figure>\n\n\n\n<h4 class=\"wp-block-heading has-text-align-center\"><a href=\"https:\/\/congnghebangtai.com\/?page_id=3748\">Con L\u0103n Ch\u1ed1ng L\u1ec7ch Nh\u00e1nh H\u1ed3i D\u1ea1ng K\u00e9p G\u1ecdn Nh\u1eb9 T\u1ed1c \u0110\u1ed9 Th\u1ea5p<\/a><\/h4>\n<\/div>\n<\/div>\n<\/div><\/div>\n","protected":false},"excerpt":{"rendered":"<p>Con L\u0103n Ch\u1ed1ng L\u1ec7ch Nh\u00e1nh H\u1ed3i D\u1ea1ng K\u00e9p G\u1ecdn Nh\u1eb9 &#8211; Tru-Trac\u00ae Compact Dual Return Tracker \u0111\u01b0\u1ee3c thi\u1ebft k\u1ebf d\u00e0nh cho c\u00e1c b\u0103ng t\u1ea3i h\u1ea1ng n\u1eb7ng c\u00f3 kh\u00f4ng gian chi\u1ec1u cao th\u1ea5p. Thi\u1ebft k\u1ebf g\u1ecdn nh\u1eb9 n\u00e0y mang l\u1ea1i t\u1ea5t c\u1ea3 c\u00e1c l\u1ee3i \u00edch c\u1ee7a thi\u1ebft k\u1ebf Con L\u0103n Ch\u1ed1ng L\u1ec7ch Nh\u00e1nh H\u1ed3i D\u1ea1ng K\u00e9p&#8230;<\/p>\n","protected":false},"author":1,"featured_media":0,"parent":0,"menu_order":0,"comment_status":"closed","ping_status":"closed","template":"","meta":{"_kad_blocks_custom_css":"","_kad_blocks_head_custom_js":"","_kad_blocks_body_custom_js":"","_kad_blocks_footer_custom_js":"","_kad_post_transparent":"","_kad_post_title":"","_kad_post_layout":"","_kad_post_sidebar_id":"","_kad_post_content_style":"","_kad_post_vertical_padding":"","_kad_post_feature":"","_kad_post_feature_position":"","_kad_post_header":false,"_kad_post_footer":false,"footnotes":""},"class_list":["post-2971","page","type-page","status-publish","hentry"],"taxonomy_info":[],"featured_image_src_large":false,"author_info":{"display_name":"admin","author_link":"https:\/\/congnghebangtai.com\/?author=1"},"comment_info":0,"_links":{"self":[{"href":"https:\/\/congnghebangtai.com\/index.php?rest_route=\/wp\/v2\/pages\/2971","targetHints":{"allow":["GET"]}}],"collection":[{"href":"https:\/\/congnghebangtai.com\/index.php?rest_route=\/wp\/v2\/pages"}],"about":[{"href":"https:\/\/congnghebangtai.com\/index.php?rest_route=\/wp\/v2\/types\/page"}],"author":[{"embeddable":true,"href":"https:\/\/congnghebangtai.com\/index.php?rest_route=\/wp\/v2\/users\/1"}],"replies":[{"embeddable":true,"href":"https:\/\/congnghebangtai.com\/index.php?rest_route=%2Fwp%2Fv2%2Fcomments&post=2971"}],"version-history":[{"count":3,"href":"https:\/\/congnghebangtai.com\/index.php?rest_route=\/wp\/v2\/pages\/2971\/revisions"}],"predecessor-version":[{"id":3750,"href":"https:\/\/congnghebangtai.com\/index.php?rest_route=\/wp\/v2\/pages\/2971\/revisions\/3750"}],"wp:attachment":[{"href":"https:\/\/congnghebangtai.com\/index.php?rest_route=%2Fwp%2Fv2%2Fmedia&parent=2971"}],"curies":[{"name":"wp","href":"https:\/\/api.w.org\/{rel}","templated":true}]}}