{"id":2976,"date":"2025-01-22T06:31:48","date_gmt":"2025-01-22T06:31:48","guid":{"rendered":"https:\/\/congnghebangtai.com\/?page_id=2976"},"modified":"2025-02-14T03:15:31","modified_gmt":"2025-02-14T03:15:31","slug":"con-lan-chong-lech-nhanh-hoi-dang-chu-v","status":"publish","type":"page","link":"https:\/\/congnghebangtai.com\/?page_id=2976","title":{"rendered":"Con L\u0103n Ch\u1ed1ng L\u1ec7ch Nh\u00e1nh H\u1ed3i D\u1ea1ng Ch\u1eef V"},"content":{"rendered":"<style>.kadence-column2976_e00e8c-1b > .kt-inside-inner-col,.kadence-column2976_e00e8c-1b > .kt-inside-inner-col:before{border-top-left-radius:0px;border-top-right-radius:0px;border-bottom-right-radius:0px;border-bottom-left-radius:0px;}.kadence-column2976_e00e8c-1b > .kt-inside-inner-col:before{opacity:0.3;}.kadence-column2976_e00e8c-1b{position:relative;}<\/style>\n<div class=\"wp-block-kadence-column kadence-column2976_e00e8c-1b\"><div class=\"kt-inside-inner-col\">\n<div class=\"wp-block-columns is-layout-flex wp-container-core-columns-is-layout-9d6595d7 wp-block-columns-is-layout-flex\">\n<div class=\"wp-block-column is-layout-flow wp-block-column-is-layout-flow\" style=\"flex-basis:66.66%\">\n<p><strong>Con L\u0103n Ch\u1ed1ng L\u1ec7ch Nh\u00e1nh H\u1ed3i D\u1ea1ng Ch\u1eef V<\/strong> &#8211; Tru-Trac\u00ae V-Return Tracker \u0111\u01b0\u1ee3c c\u1ea5p b\u1eb1ng s\u00e1ng ch\u1ebf v\u00e0 \u0111\u01b0\u1ee3c thi\u1ebft k\u1ebf d\u00e0nh ri\u00eang cho b\u0103ng t\u1ea3i V-Return. C\u1ea5u h\u00ecnh Con L\u0103n Ch\u1ed1ng L\u1ec7ch Nh\u00e1nh H\u1ed3i D\u1ea1ng Ch\u1eef V mang l\u1ea1i hi\u1ec7u su\u1ea5t theo d\u00f5i tuy\u1ec7t v\u1eddi m\u00e0 kh\u00f4ng y\u00eau c\u1ea7u l\u00e0m ph\u1eb3ng b\u0103ng t\u1ea3i tr\u01b0\u1edbc khi l\u1eafp \u0111\u1eb7t b\u1ed9 theo d\u00f5i.<\/p>\n\n\n\n<ul class=\"wp-block-list\">\n<li><strong>C\u1ea5u H\u00ecnh V-Return<\/strong> &#8211; C\u00f3 s\u1eb5n v\u1edbi g\u00f3c ti\u00eau chu\u1ea9n 10 \u0111\u1ed9, t\u01b0\u01a1ng th\u00edch v\u1edbi b\u0103ng t\u1ea3i c\u00f3 g\u00f3c 5 v\u00e0 15 \u0111\u1ed9.<\/li>\n\n\n\n<li><strong>L\u1edbp Ph\u1ee7<\/strong> &#8211; C\u00f3 s\u1eb5n v\u1edbi l\u1edbp cao su ch\u1ecbu m\u00e0i m\u00f2n cao, polyurethane ho\u1eb7c l\u1edbp ph\u1ee7 ch\u1ed1ng ch\u00e1y (FRAS).<\/li>\n\n\n\n<li><strong>\u1ed4 Bi<\/strong> &#8211; C\u00f3 s\u1eb5n v\u1edbi c\u1ea5u h\u00ecnh \u1ed5 bi ti\u00eau chu\u1ea9n ho\u1eb7c \u1ed5 bi \u0111\u1ea9y v\u00e0 con l\u0103n.<\/li>\n<\/ul>\n<\/div>\n\n\n\n<div class=\"wp-block-column is-layout-flow wp-block-column-is-layout-flow\" style=\"flex-basis:33.33%\">\n<figure class=\"wp-block-embed aligncenter is-type-video is-provider-youtube wp-block-embed-youtube wp-embed-aspect-16-9 wp-has-aspect-ratio\"><div class=\"wp-block-embed__wrapper\">\n<iframe title=\"TRU-TRAC V-RETURN TRACKERS\" width=\"720\" height=\"405\" src=\"https:\/\/www.youtube.com\/embed\/IgtLQvILq8g?feature=oembed\" frameborder=\"0\" allow=\"accelerometer; autoplay; clipboard-write; encrypted-media; gyroscope; picture-in-picture; web-share\" referrerpolicy=\"strict-origin-when-cross-origin\" allowfullscreen><\/iframe>\n<\/div><\/figure>\n<\/div>\n<\/div>\n<\/div><\/div>\n\n\n<style>.kadence-column2976_0bddc2-2d > .kt-inside-inner-col,.kadence-column2976_0bddc2-2d > .kt-inside-inner-col:before{border-top-left-radius:0px;border-top-right-radius:0px;border-bottom-right-radius:0px;border-bottom-left-radius:0px;}.kadence-column2976_0bddc2-2d > .kt-inside-inner-col:before{opacity:0.3;}.kadence-column2976_0bddc2-2d{position:relative;}<\/style>\n<div class=\"wp-block-kadence-column kadence-column2976_0bddc2-2d\"><div class=\"kt-inside-inner-col\">\n<p><\/p>\n\n\n\n<h2 class=\"wp-block-heading has-text-align-center\">C\u00e1c Ch\u1ee7ng Lo\u1ea1i<\/h2>\n<\/div><\/div>\n\n\n<style>.kadence-column2976_181f3e-9b > .kt-inside-inner-col,.kadence-column2976_181f3e-9b > .kt-inside-inner-col:before{border-top-left-radius:0px;border-top-right-radius:0px;border-bottom-right-radius:0px;border-bottom-left-radius:0px;}.kadence-column2976_181f3e-9b > .kt-inside-inner-col:before{opacity:0.3;}.kadence-column2976_181f3e-9b{position:relative;}<\/style>\n<div class=\"wp-block-kadence-column kadence-column2976_181f3e-9b\"><div class=\"kt-inside-inner-col\">\n<div class=\"wp-block-columns is-layout-flex wp-container-core-columns-is-layout-9d6595d7 wp-block-columns-is-layout-flex\">\n<div class=\"wp-block-column is-layout-flow wp-block-column-is-layout-flow\"><style>.kb-image2976_12d8eb-d5 .kb-image-has-overlay:after{opacity:0.3;}<\/style>\n<figure class=\"wp-block-kadence-image kb-image2976_12d8eb-d5 size-full\"><a href=\"https:\/\/congnghebangtai.com\/?page_id=3751\" class=\"kb-advanced-image-link\"><img fetchpriority=\"high\" decoding=\"async\" width=\"1024\" height=\"1024\" src=\"https:\/\/congnghebangtai.com\/wp-content\/uploads\/2025\/01\/V-Return-standard0000-1024x1024-2.png\" alt=\"\" class=\"kb-img wp-image-3074\" srcset=\"https:\/\/congnghebangtai.com\/wp-content\/uploads\/2025\/01\/V-Return-standard0000-1024x1024-2.png 1024w, https:\/\/congnghebangtai.com\/wp-content\/uploads\/2025\/01\/V-Return-standard0000-1024x1024-2-300x300.png 300w, https:\/\/congnghebangtai.com\/wp-content\/uploads\/2025\/01\/V-Return-standard0000-1024x1024-2-150x150.png 150w, https:\/\/congnghebangtai.com\/wp-content\/uploads\/2025\/01\/V-Return-standard0000-1024x1024-2-768x768.png 768w, https:\/\/congnghebangtai.com\/wp-content\/uploads\/2025\/01\/V-Return-standard0000-1024x1024-2-800x800.png 800w, https:\/\/congnghebangtai.com\/wp-content\/uploads\/2025\/01\/V-Return-standard0000-1024x1024-2-700x700.png 700w, https:\/\/congnghebangtai.com\/wp-content\/uploads\/2025\/01\/V-Return-standard0000-1024x1024-2-100x100.png 100w\" sizes=\"(max-width: 1024px) 100vw, 1024px\" \/><\/a><\/figure>\n\n\n\n<h4 class=\"wp-block-heading has-text-align-center\"><a href=\"https:\/\/congnghebangtai.com\/?page_id=3751\">Con L\u0103n Ch\u1ed1ng L\u1ec7ch Nh\u00e1nh H\u1ed3i D\u1ea1ng V Ti\u00eau Chu\u1ea9n<\/a><\/h4>\n<\/div>\n\n\n\n<div class=\"wp-block-column is-layout-flow wp-block-column-is-layout-flow\"><style>.kb-image2976_8b9967-1f .kb-image-has-overlay:after{opacity:0.3;}<\/style>\n<figure class=\"wp-block-kadence-image kb-image2976_8b9967-1f size-full\"><a href=\"https:\/\/congnghebangtai.com\/?page_id=3755\" class=\"kb-advanced-image-link\"><img decoding=\"async\" width=\"1024\" height=\"1024\" src=\"https:\/\/congnghebangtai.com\/wp-content\/uploads\/2025\/01\/V-return-EXHD-rubber0000-1024x1024-1.png\" alt=\"\" class=\"kb-img wp-image-3072\" srcset=\"https:\/\/congnghebangtai.com\/wp-content\/uploads\/2025\/01\/V-return-EXHD-rubber0000-1024x1024-1.png 1024w, https:\/\/congnghebangtai.com\/wp-content\/uploads\/2025\/01\/V-return-EXHD-rubber0000-1024x1024-1-300x300.png 300w, https:\/\/congnghebangtai.com\/wp-content\/uploads\/2025\/01\/V-return-EXHD-rubber0000-1024x1024-1-150x150.png 150w, https:\/\/congnghebangtai.com\/wp-content\/uploads\/2025\/01\/V-return-EXHD-rubber0000-1024x1024-1-768x768.png 768w, https:\/\/congnghebangtai.com\/wp-content\/uploads\/2025\/01\/V-return-EXHD-rubber0000-1024x1024-1-800x800.png 800w, https:\/\/congnghebangtai.com\/wp-content\/uploads\/2025\/01\/V-return-EXHD-rubber0000-1024x1024-1-700x700.png 700w, https:\/\/congnghebangtai.com\/wp-content\/uploads\/2025\/01\/V-return-EXHD-rubber0000-1024x1024-1-100x100.png 100w\" sizes=\"(max-width: 1024px) 100vw, 1024px\" \/><\/a><\/figure>\n\n\n\n<h4 class=\"wp-block-heading has-text-align-center\"><a href=\"https:\/\/congnghebangtai.com\/?page_id=3755\">Con L\u0103n Ch\u1ed1ng L\u1ec7ch Nh\u00e1nh H\u1ed3i D\u1ea1ng V H\u1ea1ng N\u1eb7ng<\/a><\/h4>\n<\/div>\n\n\n\n<div class=\"wp-block-column is-layout-flow wp-block-column-is-layout-flow\"><style>.kb-image2976_d2b698-50 .kb-image-has-overlay:after{opacity:0.3;}<\/style>\n<figure class=\"wp-block-kadence-image kb-image2976_d2b698-50 size-full\"><a href=\"https:\/\/congnghebangtai.com\/?page_id=3757\" class=\"kb-advanced-image-link\"><img decoding=\"async\" width=\"1024\" height=\"1024\" src=\"https:\/\/congnghebangtai.com\/wp-content\/uploads\/2025\/01\/V-return-EXHD-PU-Red0000-1024x1024-1.png\" alt=\"\" class=\"kb-img wp-image-3071\" srcset=\"https:\/\/congnghebangtai.com\/wp-content\/uploads\/2025\/01\/V-return-EXHD-PU-Red0000-1024x1024-1.png 1024w, https:\/\/congnghebangtai.com\/wp-content\/uploads\/2025\/01\/V-return-EXHD-PU-Red0000-1024x1024-1-300x300.png 300w, https:\/\/congnghebangtai.com\/wp-content\/uploads\/2025\/01\/V-return-EXHD-PU-Red0000-1024x1024-1-150x150.png 150w, https:\/\/congnghebangtai.com\/wp-content\/uploads\/2025\/01\/V-return-EXHD-PU-Red0000-1024x1024-1-768x768.png 768w, https:\/\/congnghebangtai.com\/wp-content\/uploads\/2025\/01\/V-return-EXHD-PU-Red0000-1024x1024-1-800x800.png 800w, https:\/\/congnghebangtai.com\/wp-content\/uploads\/2025\/01\/V-return-EXHD-PU-Red0000-1024x1024-1-700x700.png 700w, https:\/\/congnghebangtai.com\/wp-content\/uploads\/2025\/01\/V-return-EXHD-PU-Red0000-1024x1024-1-100x100.png 100w\" sizes=\"(max-width: 1024px) 100vw, 1024px\" \/><\/a><\/figure>\n\n\n\n<h4 class=\"wp-block-heading has-text-align-center\"><a href=\"https:\/\/congnghebangtai.com\/?page_id=3757\">Con L\u0103n Ch\u1ed1ng L\u1ec7ch Nh\u00e1nh H\u1ed3i D\u1ea1ng V C\u1ef1c N\u1eb7ng<\/a><\/h4>\n<\/div>\n<\/div>\n<\/div><\/div>\n\n\n\n<p><\/p>\n","protected":false},"excerpt":{"rendered":"<p>Con L\u0103n Ch\u1ed1ng L\u1ec7ch Nh\u00e1nh H\u1ed3i D\u1ea1ng Ch\u1eef V &#8211; Tru-Trac\u00ae V-Return Tracker \u0111\u01b0\u1ee3c c\u1ea5p b\u1eb1ng s\u00e1ng ch\u1ebf v\u00e0 \u0111\u01b0\u1ee3c thi\u1ebft k\u1ebf d\u00e0nh ri\u00eang cho b\u0103ng t\u1ea3i V-Return. C\u1ea5u h\u00ecnh Con L\u0103n Ch\u1ed1ng L\u1ec7ch Nh\u00e1nh H\u1ed3i D\u1ea1ng Ch\u1eef V mang l\u1ea1i hi\u1ec7u su\u1ea5t theo d\u00f5i tuy\u1ec7t v\u1eddi m\u00e0 kh\u00f4ng y\u00eau c\u1ea7u l\u00e0m ph\u1eb3ng b\u0103ng t\u1ea3i&#8230;<\/p>\n","protected":false},"author":1,"featured_media":0,"parent":0,"menu_order":0,"comment_status":"closed","ping_status":"closed","template":"","meta":{"_kad_blocks_custom_css":"","_kad_blocks_head_custom_js":"","_kad_blocks_body_custom_js":"","_kad_blocks_footer_custom_js":"","_kad_post_transparent":"","_kad_post_title":"","_kad_post_layout":"","_kad_post_sidebar_id":"","_kad_post_content_style":"","_kad_post_vertical_padding":"","_kad_post_feature":"","_kad_post_feature_position":"","_kad_post_header":false,"_kad_post_footer":false,"footnotes":""},"class_list":["post-2976","page","type-page","status-publish","hentry"],"taxonomy_info":[],"featured_image_src_large":false,"author_info":{"display_name":"admin","author_link":"https:\/\/congnghebangtai.com\/?author=1"},"comment_info":0,"_links":{"self":[{"href":"https:\/\/congnghebangtai.com\/index.php?rest_route=\/wp\/v2\/pages\/2976","targetHints":{"allow":["GET"]}}],"collection":[{"href":"https:\/\/congnghebangtai.com\/index.php?rest_route=\/wp\/v2\/pages"}],"about":[{"href":"https:\/\/congnghebangtai.com\/index.php?rest_route=\/wp\/v2\/types\/page"}],"author":[{"embeddable":true,"href":"https:\/\/congnghebangtai.com\/index.php?rest_route=\/wp\/v2\/users\/1"}],"replies":[{"embeddable":true,"href":"https:\/\/congnghebangtai.com\/index.php?rest_route=%2Fwp%2Fv2%2Fcomments&post=2976"}],"version-history":[{"count":3,"href":"https:\/\/congnghebangtai.com\/index.php?rest_route=\/wp\/v2\/pages\/2976\/revisions"}],"predecessor-version":[{"id":3759,"href":"https:\/\/congnghebangtai.com\/index.php?rest_route=\/wp\/v2\/pages\/2976\/revisions\/3759"}],"wp:attachment":[{"href":"https:\/\/congnghebangtai.com\/index.php?rest_route=%2Fwp%2Fv2%2Fmedia&parent=2976"}],"curies":[{"name":"wp","href":"https:\/\/api.w.org\/{rel}","templated":true}]}}