{"id":2981,"date":"2025-01-22T06:36:33","date_gmt":"2025-01-22T06:36:33","guid":{"rendered":"https:\/\/congnghebangtai.com\/?page_id=2981"},"modified":"2025-02-14T03:19:56","modified_gmt":"2025-02-14T03:19:56","slug":"con-lan-chong-lech-nhanh-hoi-dang-chu-v-gon-nhe","status":"publish","type":"page","link":"https:\/\/congnghebangtai.com\/?page_id=2981","title":{"rendered":"Con L\u0103n Ch\u1ed1ng L\u1ec7ch Nh\u00e1nh H\u1ed3i D\u1ea1ng Ch\u1eef V G\u1ecdn Nh\u1eb9"},"content":{"rendered":"<style>.kadence-column2981_c29859-52 > .kt-inside-inner-col,.kadence-column2981_c29859-52 > .kt-inside-inner-col:before{border-top-left-radius:0px;border-top-right-radius:0px;border-bottom-right-radius:0px;border-bottom-left-radius:0px;}.kadence-column2981_c29859-52 > .kt-inside-inner-col:before{opacity:0.3;}.kadence-column2981_c29859-52{position:relative;}<\/style>\n<div class=\"wp-block-kadence-column kadence-column2981_c29859-52\"><div class=\"kt-inside-inner-col\">\n<div class=\"wp-block-columns is-layout-flex wp-container-core-columns-is-layout-9d6595d7 wp-block-columns-is-layout-flex\">\n<div class=\"wp-block-column is-layout-flow wp-block-column-is-layout-flow\" style=\"flex-basis:66.66%\">\n<p><br>Con L\u0103n Ch\u1ed1ng L\u1ec7ch Nh\u00e1nh H\u1ed3i D\u1ea1ng Ch\u1eef V G\u1ecdn Nh\u1eb9 &#8211; Tru-Trac\u00ae Compact V-Return Tracker \u0111\u00e3 \u0111\u01b0\u1ee3c c\u1ea5p b\u1eb1ng s\u00e1ng ch\u1ebf to\u00e0n c\u1ea7u v\u00e0 \u0111\u01b0\u1ee3c thi\u1ebft k\u1ebf \u0111\u1eb7c bi\u1ec7t d\u00e0nh cho b\u0103ng t\u1ea3i V-Return c\u00f3 kh\u00f4ng gian chi\u1ec1u cao th\u1ea5p. <\/p>\n\n\n\n<p>C\u1ea5u h\u00ecnh Compact V-Return mang l\u1ea1i hi\u1ec7u su\u1ea5t xu\u1ea5t s\u1eafc, m\u00e0 kh\u00f4ng y\u00eau c\u1ea7u l\u00e0m ph\u1eb3ng b\u0103ng t\u1ea3i tr\u01b0\u1edbc khi l\u1eafp \u0111\u1eb7t b\u1ed9 theo d\u00f5i, \u0111\u1ed3ng th\u1eddi c\u00f3 th\u1ec3 l\u1eafp \u0111\u1eb7t trong kh\u00f4ng gian h\u1ea1n ch\u1ebf v\u00e0 c\u00f3 th\u1ec3 \u0111i\u1ec1u ch\u1ec9nh chi\u1ec1u r\u1ed9ng l\u1eafp \u0111\u1eb7t.<\/p>\n<\/div>\n\n\n\n<div class=\"wp-block-column is-layout-flow wp-block-column-is-layout-flow\" style=\"flex-basis:33.33%\">\n<figure class=\"wp-block-embed aligncenter is-type-video is-provider-youtube wp-block-embed-youtube wp-embed-aspect-16-9 wp-has-aspect-ratio\"><div class=\"wp-block-embed__wrapper\">\n<iframe title=\"TRU-TRAC COMPACT V-RETURN TRACKER\" width=\"720\" height=\"405\" src=\"https:\/\/www.youtube.com\/embed\/YSpg2txdjKw?feature=oembed\" frameborder=\"0\" allow=\"accelerometer; autoplay; clipboard-write; encrypted-media; gyroscope; picture-in-picture; web-share\" referrerpolicy=\"strict-origin-when-cross-origin\" allowfullscreen><\/iframe>\n<\/div><\/figure>\n<\/div>\n<\/div>\n<\/div><\/div>\n\n\n<style>.kadence-column2981_93e69c-19 > .kt-inside-inner-col,.kadence-column2981_93e69c-19 > .kt-inside-inner-col:before{border-top-left-radius:0px;border-top-right-radius:0px;border-bottom-right-radius:0px;border-bottom-left-radius:0px;}.kadence-column2981_93e69c-19 > .kt-inside-inner-col:before{opacity:0.3;}.kadence-column2981_93e69c-19{position:relative;}<\/style>\n<div class=\"wp-block-kadence-column kadence-column2981_93e69c-19\"><div class=\"kt-inside-inner-col\">\n<p><\/p>\n\n\n\n<h2 class=\"wp-block-heading has-text-align-center\">C\u00e1c Ch\u1ee7ng Lo\u1ea1i<\/h2>\n<\/div><\/div>\n\n\n<style>.kadence-column2981_8b4a7b-31 > .kt-inside-inner-col,.kadence-column2981_8b4a7b-31 > .kt-inside-inner-col:before{border-top-left-radius:0px;border-top-right-radius:0px;border-bottom-right-radius:0px;border-bottom-left-radius:0px;}.kadence-column2981_8b4a7b-31 > .kt-inside-inner-col:before{opacity:0.3;}.kadence-column2981_8b4a7b-31{position:relative;}<\/style>\n<div class=\"wp-block-kadence-column kadence-column2981_8b4a7b-31\"><div class=\"kt-inside-inner-col\">\n<div class=\"wp-block-columns is-layout-flex wp-container-core-columns-is-layout-9d6595d7 wp-block-columns-is-layout-flex\">\n<div class=\"wp-block-column is-layout-flow wp-block-column-is-layout-flow\"><style>.kb-image2981_cef57e-7b .kb-image-has-overlay:after{opacity:0.3;}<\/style>\n<figure class=\"wp-block-kadence-image kb-image2981_cef57e-7b size-full\"><a href=\"https:\/\/congnghebangtai.com\/?page_id=3760\" class=\"kb-advanced-image-link\"><img fetchpriority=\"high\" decoding=\"async\" width=\"1024\" height=\"527\" src=\"https:\/\/congnghebangtai.com\/wp-content\/uploads\/2025\/01\/1800-Compact-V-Return-standard0000-1-1024x527-2.png\" alt=\"\" class=\"kb-img wp-image-3077\" srcset=\"https:\/\/congnghebangtai.com\/wp-content\/uploads\/2025\/01\/1800-Compact-V-Return-standard0000-1-1024x527-2.png 1024w, https:\/\/congnghebangtai.com\/wp-content\/uploads\/2025\/01\/1800-Compact-V-Return-standard0000-1-1024x527-2-300x154.png 300w, https:\/\/congnghebangtai.com\/wp-content\/uploads\/2025\/01\/1800-Compact-V-Return-standard0000-1-1024x527-2-768x395.png 768w, https:\/\/congnghebangtai.com\/wp-content\/uploads\/2025\/01\/1800-Compact-V-Return-standard0000-1-1024x527-2-700x360.png 700w\" sizes=\"(max-width: 1024px) 100vw, 1024px\" \/><\/a><\/figure>\n\n\n\n<h2 class=\"wp-block-heading has-text-align-center\"><a href=\"https:\/\/congnghebangtai.com\/?page_id=3760\"><strong>Con L\u0103n Ch\u1ed1ng L\u1ec7ch Nh\u00e1nh H\u1ed3i D\u1ea1ng V <\/strong><br><strong>G\u1ecdn Nh\u1eb9 Ti\u00eau Chu\u1ea9n<\/strong><\/a><\/h2>\n<\/div>\n\n\n\n<div class=\"wp-block-column is-layout-flow wp-block-column-is-layout-flow\"><style>.kb-image2981_e51b79-a3.kb-image-is-ratio-size, .kb-image2981_e51b79-a3 .kb-image-is-ratio-size{max-width:510px;width:100%;}.kb-image2981_e51b79-a3 figure{max-width:510px;}.kb-image2981_e51b79-a3 .image-is-svg, .kb-image2981_e51b79-a3 .image-is-svg img{width:100%;}.kb-image2981_e51b79-a3 .kb-image-has-overlay:after{opacity:0.3;}<\/style>\n<div class=\"wp-block-kadence-image kb-image2981_e51b79-a3\"><figure class=\"aligncenter size-full\"><a href=\"https:\/\/congnghebangtai.com\/?page_id=3762\" class=\"kb-advanced-image-link\"><img decoding=\"async\" width=\"1024\" height=\"576\" src=\"https:\/\/congnghebangtai.com\/wp-content\/uploads\/2025\/01\/2600-Compact-V-Return-Tracke-PU-Red0000-1024x576-1.png\" alt=\"\" class=\"kb-img wp-image-3078\" srcset=\"https:\/\/congnghebangtai.com\/wp-content\/uploads\/2025\/01\/2600-Compact-V-Return-Tracke-PU-Red0000-1024x576-1.png 1024w, https:\/\/congnghebangtai.com\/wp-content\/uploads\/2025\/01\/2600-Compact-V-Return-Tracke-PU-Red0000-1024x576-1-300x169.png 300w, https:\/\/congnghebangtai.com\/wp-content\/uploads\/2025\/01\/2600-Compact-V-Return-Tracke-PU-Red0000-1024x576-1-768x432.png 768w, https:\/\/congnghebangtai.com\/wp-content\/uploads\/2025\/01\/2600-Compact-V-Return-Tracke-PU-Red0000-1024x576-1-700x394.png 700w\" sizes=\"(max-width: 1024px) 100vw, 1024px\" \/><\/a><\/figure><\/div>\n\n\n\n<h2 class=\"wp-block-heading has-text-align-center\"><a href=\"https:\/\/congnghebangtai.com\/?page_id=3762\"><strong>Con L\u0103n Ch\u1ed1ng L\u1ec7ch Nh\u00e1nh H\u1ed3i D\u1ea1ng V <\/strong><br><strong>G\u1ecdn Nh\u1eb9 H\u1ea1ng N\u1eb7ng<\/strong><\/a><\/h2>\n<\/div>\n<\/div>\n<\/div><\/div>\n","protected":false},"excerpt":{"rendered":"<p>Con L\u0103n Ch\u1ed1ng L\u1ec7ch Nh\u00e1nh H\u1ed3i D\u1ea1ng Ch\u1eef V G\u1ecdn Nh\u1eb9 &#8211; Tru-Trac\u00ae Compact V-Return Tracker \u0111\u00e3 \u0111\u01b0\u1ee3c c\u1ea5p b\u1eb1ng s\u00e1ng ch\u1ebf to\u00e0n c\u1ea7u v\u00e0 \u0111\u01b0\u1ee3c thi\u1ebft k\u1ebf \u0111\u1eb7c bi\u1ec7t d\u00e0nh cho b\u0103ng t\u1ea3i V-Return c\u00f3 kh\u00f4ng gian chi\u1ec1u cao th\u1ea5p. C\u1ea5u h\u00ecnh Compact V-Return mang l\u1ea1i hi\u1ec7u su\u1ea5t xu\u1ea5t s\u1eafc, m\u00e0 kh\u00f4ng y\u00eau c\u1ea7u&#8230;<\/p>\n","protected":false},"author":1,"featured_media":0,"parent":0,"menu_order":0,"comment_status":"closed","ping_status":"closed","template":"","meta":{"_kad_blocks_custom_css":"","_kad_blocks_head_custom_js":"","_kad_blocks_body_custom_js":"","_kad_blocks_footer_custom_js":"","_kad_post_transparent":"","_kad_post_title":"","_kad_post_layout":"","_kad_post_sidebar_id":"","_kad_post_content_style":"","_kad_post_vertical_padding":"","_kad_post_feature":"","_kad_post_feature_position":"","_kad_post_header":false,"_kad_post_footer":false,"footnotes":""},"class_list":["post-2981","page","type-page","status-publish","hentry"],"taxonomy_info":[],"featured_image_src_large":false,"author_info":{"display_name":"admin","author_link":"https:\/\/congnghebangtai.com\/?author=1"},"comment_info":0,"_links":{"self":[{"href":"https:\/\/congnghebangtai.com\/index.php?rest_route=\/wp\/v2\/pages\/2981","targetHints":{"allow":["GET"]}}],"collection":[{"href":"https:\/\/congnghebangtai.com\/index.php?rest_route=\/wp\/v2\/pages"}],"about":[{"href":"https:\/\/congnghebangtai.com\/index.php?rest_route=\/wp\/v2\/types\/page"}],"author":[{"embeddable":true,"href":"https:\/\/congnghebangtai.com\/index.php?rest_route=\/wp\/v2\/users\/1"}],"replies":[{"embeddable":true,"href":"https:\/\/congnghebangtai.com\/index.php?rest_route=%2Fwp%2Fv2%2Fcomments&post=2981"}],"version-history":[{"count":3,"href":"https:\/\/congnghebangtai.com\/index.php?rest_route=\/wp\/v2\/pages\/2981\/revisions"}],"predecessor-version":[{"id":3764,"href":"https:\/\/congnghebangtai.com\/index.php?rest_route=\/wp\/v2\/pages\/2981\/revisions\/3764"}],"wp:attachment":[{"href":"https:\/\/congnghebangtai.com\/index.php?rest_route=%2Fwp%2Fv2%2Fmedia&parent=2981"}],"curies":[{"name":"wp","href":"https:\/\/api.w.org\/{rel}","templated":true}]}}