{"id":3005,"date":"2025-01-23T01:45:09","date_gmt":"2025-01-23T01:45:09","guid":{"rendered":"https:\/\/congnghebangtai.com\/?page_id=3005"},"modified":"2025-03-03T08:15:58","modified_gmt":"2025-03-03T08:15:58","slug":"bo-noi-bang-tai-sieu-nhanh-super-screw","status":"publish","type":"page","link":"https:\/\/congnghebangtai.com\/?page_id=3005","title":{"rendered":"B\u1ed9 N\u1ed1i B\u0103ng T\u1ea3i Si\u00eau Nhanh Super Screw"},"content":{"rendered":"<style>.kadence-column3005_062388-9b > .kt-inside-inner-col,.kadence-column3005_062388-9b > .kt-inside-inner-col:before{border-top-left-radius:0px;border-top-right-radius:0px;border-bottom-right-radius:0px;border-bottom-left-radius:0px;}.kadence-column3005_062388-9b > .kt-inside-inner-col:before{opacity:0.3;}.kadence-column3005_062388-9b{position:relative;}<\/style>\n<div class=\"wp-block-kadence-column kadence-column3005_062388-9b\"><div class=\"kt-inside-inner-col\"><style>.kb-image3005_d738a0-35 .kb-image-has-overlay:after{opacity:0.3;}<\/style>\n<div class=\"wp-block-kadence-image kb-image3005_d738a0-35\"><figure class=\"aligncenter size-large\"><img fetchpriority=\"high\" decoding=\"async\" width=\"1024\" height=\"768\" src=\"https:\/\/congnghebangtai.com\/wp-content\/uploads\/2025\/01\/z2865150154223_3d43e11aae9e1338bd59cc45d5ed80b0-1024x768.jpg\" alt=\"\" class=\"kb-img wp-image-3006\" srcset=\"https:\/\/congnghebangtai.com\/wp-content\/uploads\/2025\/01\/z2865150154223_3d43e11aae9e1338bd59cc45d5ed80b0-1024x768.jpg 1024w, https:\/\/congnghebangtai.com\/wp-content\/uploads\/2025\/01\/z2865150154223_3d43e11aae9e1338bd59cc45d5ed80b0-300x225.jpg 300w, https:\/\/congnghebangtai.com\/wp-content\/uploads\/2025\/01\/z2865150154223_3d43e11aae9e1338bd59cc45d5ed80b0-768x576.jpg 768w, https:\/\/congnghebangtai.com\/wp-content\/uploads\/2025\/01\/z2865150154223_3d43e11aae9e1338bd59cc45d5ed80b0-1536x1152.jpg 1536w, https:\/\/congnghebangtai.com\/wp-content\/uploads\/2025\/01\/z2865150154223_3d43e11aae9e1338bd59cc45d5ed80b0-2048x1536.jpg 2048w, https:\/\/congnghebangtai.com\/wp-content\/uploads\/2025\/01\/z2865150154223_3d43e11aae9e1338bd59cc45d5ed80b0-700x525.jpg 700w\" sizes=\"(max-width: 1024px) 100vw, 1024px\" \/><\/figure><\/div>\n<\/div><\/div>\n\n\n\n<p><\/p>\n\n\n\n<p><strong>Xu\u1ea5t x\u1ee9:<\/strong>&nbsp;Minet \u2013 Ph\u00e1p<\/p>\n\n\n\n<p><strong>C\u1ea5u t\u1ea1o s\u1ea3n ph\u1ea9m:<\/strong><\/p>\n\n\n\n<ul class=\"wp-block-list\">\n<li><strong>D\u1ea3i n\u1ed1i tr\u00ean v\u00e0 d\u1ea3i n\u1ed1i d\u01b0\u1edbi:<\/strong>&nbsp;\u0110\u01b0\u1ee3c c\u1ea5u t\u1ea1o b\u1edfi b\u00ean ngo\u00e0i l\u00e0 l\u1edbp cao su v\u00e0 \u0111\u01b0\u1ee3c gia c\u1ed1 b\u1eb1ng c\u1ed1t v\u1ea3i b\u1ec7n v\u1edbi c\u1ed1t th\u00e9p.<\/li>\n\n\n\n<li><strong>Spacer:<\/strong>&nbsp;B\u1ed9 ph\u1eadn h\u1ed7 tr\u1ee3 \u0111\u1ecbnh t\u00e2m gi\u1eefa d\u1ea3i n\u1ed1i tr\u00ean v\u00e0 d\u1ea3i n\u1ed1i d\u01b0\u1edbi.<\/li>\n\n\n\n<li><strong>V\u00edt v\u00e0 \u0111\u1ea7u v\u00edt:<\/strong>&nbsp;C\u00f3 thi\u1ebft k\u1ebf \u0111\u1eb7c bi\u1ec7t, \u0111\u1ea3m b\u1ea3o \u0111\u1ed9 c\u1ee9ng v\u00e0 ch\u1ecbu m\u00e0i m\u00f2n trong t\u1ea5t c\u1ea3 c\u00e1c m\u00f4i tr\u01b0\u1eddng.<\/li>\n<\/ul>\n\n\n\n<p><strong>C\u00f4ng d\u1ee5ng:<\/strong><\/p>\n\n\n\n<ul class=\"wp-block-list\">\n<li>N\u1ed1i b\u0103ng t\u1ea3i m\u1edbi.<\/li>\n\n\n\n<li>N\u1ed1i b\u0103ng t\u1ea3i b\u1ecb \u0111\u1ee9t.<\/li>\n\n\n\n<li>N\u1ed1i b\u0103ng t\u1ea3i \u0111\u00e3 qua s\u1eed d\u1ee5ng v\u1edbi b\u0103ng t\u1ea3i m\u1edbi.<\/li>\n\n\n\n<li>N\u1ed1i, v\u00e1 b\u0103ng.<\/li>\n\n\n\n<li>V\u00e1 r\u00e1ch ngang, r\u00e1ch d\u1ecdc v\u00e0 l\u1ed7 th\u1ee7ng tr\u00ean b\u0103ng t\u1ea3i.<\/li>\n<\/ul>\n\n\n\n<p><strong>\u01afu \u0111i\u1ec3m:<\/strong><\/p>\n\n\n\n<ul class=\"wp-block-list\">\n<li><strong>V\u00e1 n\u1ed1i nhanh:<\/strong>&nbsp;Kho\u1ea3ng 2 gi\u1edd.<\/li>\n\n\n\n<li><strong>D\u1ec5 th\u1ef1c hi\u1ec7n:<\/strong>&nbsp;Ch\u1ec9 c\u1ea7n 2-3 ng\u01b0\u1eddi c\u00f9ng v\u1edbi nh\u1eefng thi\u1ebft b\u1ecb c\u01a1 kh\u00ed c\u00f3 s\u1eb5n v\u00e0 s\u00fang b\u1eafn v\u00edt.<\/li>\n\n\n\n<li><strong>N\u1ed1i v\u00e1 trong m\u1ecdi \u0111i\u1ec1u ki\u1ec7n:<\/strong>&nbsp;C\u00f3 th\u1ec3 v\u00e1 n\u1ed1i d\u01b0\u1edbi m\u1ecdi \u0111i\u1ec1u ki\u1ec7n th\u1eddi ti\u1ebft, kh\u00f4ng gian \u0111\u1ecba h\u00ecnh hi\u1ec3m tr\u1edf.<\/li>\n\n\n\n<li><strong>Tu\u1ed5i th\u1ecd cao<\/strong>: Tu\u1ef3 v\u00e0o \u0111i\u1ec1u ki\u1ec7n s\u1eeda d\u1ee5ng tu\u1ed5i th\u1ecd m\u1ed1i n\u1ed1i t\u01b0\u01a1ng \u0111\u01b0\u01a1ng v\u1edbi l\u01b0u h\u00f3a<\/li>\n\n\n\n<li><strong>D\u1ec5 s\u1eed d\u1ee5ng:<\/strong>&nbsp;Kh\u00f4ng \u0111\u00f2i h\u1ecfi nh\u00e2n c\u00f4ng c\u00f3 tr\u00ecnh \u0111\u1ed9 cao.<\/li>\n\n\n\n<li><strong>B\u1ec1n b\u1ec9:<\/strong>&nbsp;\u0110\u1ed9 ch\u1ecbu l\u1ef1c b\u1eb1ng 160% so v\u1edbi b\u0103ng t\u1ea3i (c\u00f9ng EP)<\/li>\n\n\n\n<li><strong>Linh ho\u1ea1t:<\/strong>&nbsp;M\u1ed1i n\u1ed1i c\u00f3 th\u1ec3 theo m\u1ecdi h\u01b0\u1edbng, qua pulley v\u00e0 \u0111\u1ed9 d\u00e3n d\u00e0i.<\/li>\n\n\n\n<li><strong>T\u00e1i s\u1eed d\u1ee5ng:<\/strong>&nbsp;Mi\u1ebfng v\u00e1 Super Screw c\u00f3 th\u1ec3 \u0111\u01b0\u1ee3c t\u00e1i s\u1eed d\u1ee5ng.<\/li>\n<\/ul>\n\n\n\n<p><strong>SUPER\u2011SCREW\u00ae* 2024 \u2013 Th\u1ebf h\u1ec7 m\u1ed1i n\u1ed1i ti\u00ean ti\u1ebfn<\/strong><\/p>\n\n\n\n<p>Minet \u0111\u00e3 c\u1ea3i ti\u1ebfn SUPER\u2011SCREW\u00ae* 2024 v\u1edbi thi\u1ebft k\u1ebf t\u1ed1i \u01b0u h\u01a1n, n\u00e2ng cao hi\u1ec7u su\u1ea5t v\u00e0 tu\u1ed5i th\u1ecd:<\/p>\n\n\n\n<ul class=\"wp-block-list\">\n<li><strong>Thi\u1ebft k\u1ebf mi\u1ebfng n\u1ed1i m\u1edbi<\/strong>: M\u1ecfng h\u01a1n, ki\u1ec3m so\u00e1t b\u1eaft v\u00edt ch\u00ednh x\u00e1c, \u0111\u1ea3m b\u1ea3o \u0111\u1ed9 b\u1ec1n v\u00e0 l\u1ef1c k\u00e9o \u0111\u1ee9t cao.<\/li>\n\n\n\n<li><strong>V\u00edt v\u00e0 v\u00f2ng \u0111\u1ec7m t\u00edch h\u1ee3p<\/strong>: \u1ea8n ho\u00e0n to\u00e0n trong l\u1edbp cao su, gi\u00fap b\u1ec1 m\u1eb7t m\u1ed1i n\u1ed1i m\u01b0\u1ee3t m\u00e0, t\u01b0\u01a1ng th\u00edch v\u1edbi m\u1ecdi h\u1ec7 th\u1ed1ng l\u00e0m s\u1ea1ch b\u0103ng t\u1ea3i.<\/li>\n\n\n\n<li><strong>C\u00f4ng ngh\u1ec7 v\u00edt \u0111\u1eb7c bi\u1ec7t<\/strong>: T\u1ef1 khoan, t\u1ef1 khai th\u00e1c, gi\u1eef nguy\u00ean k\u1ebft c\u1ea5u l\u1edbp b\u1ed1 m\u00e0 kh\u00f4ng l\u00e0m t\u1ed5n h\u1ea1i ch\u00fang.<\/li>\n\n\n\n<li><strong>L\u1edbp ph\u1ee7 cao su c\u1ea3i ti\u1ebfn<\/strong>: D\u00e0y h\u01a1n 65%, k\u00e9o d\u00e0i tu\u1ed5i th\u1ecd m\u1ed1i n\u1ed1i g\u1ea5p 10 l\u1ea7n.<\/li>\n\n\n\n<li><strong>Ch\u1ec9 b\u00e1o an to\u00e0n \u0111\u1ed9c quy\u1ec1n<\/strong>: V\u1ea1ch \u0111\u1ecf c\u1ea3nh b\u00e1o khi c\u1ea7n thay th\u1ebf, gi\u00fap duy tr\u00ec h\u1ec7 th\u1ed1ng \u1ed5n \u0111\u1ecbnh.<\/li>\n\n\n\n<li><strong>T\u00edch h\u1ee3p ho\u00e0n h\u1ea3o<\/strong>: \u0110a d\u1ea1ng \u0111\u1ed9 d\u00e0y, ph\u00f9 h\u1ee3p v\u1edbi m\u1ecdi lo\u1ea1i b\u0103ng t\u1ea3i, k\u1ec3 c\u1ea3 b\u0103ng t\u1ea3i m\u1ecfng.<\/li>\n\n\n\n<li><strong>Th\u00e2n v\u1ea3i d\u1ec7t s\u00e1ng t\u1ea1o<\/strong>: \u0110\u01b0\u1ee3c c\u1ea5p b\u1eb1ng s\u00e1ng ch\u1ebf, mang l\u1ea1i \u0111\u1ed9 b\u1ec1n k\u00e9o v\u01b0\u1ee3t tr\u1ed9i.<\/li>\n\n\n\n<li><strong>Mi\u1ebfng \u0111\u1ec7m th\u1ebf h\u1ec7 m\u1edbi<\/strong>: Ho\u00e0n to\u00e0n c\u00f3 th\u1ec3 t\u00e1i ch\u1ebf, thi\u1ebft k\u1ebf \u0111\u1ed1i x\u1ee9ng gi\u00fap c\u1eaft ch\u00ednh x\u00e1c v\u00e0 l\u1eafp \u0111\u1eb7t d\u1ec5 d\u00e0ng.<\/li>\n<\/ul>\n\n\n\n<p>SUPER\u2011SCREW\u00ae 2024 \u2013 Gi\u1ea3i ph\u00e1p n\u1ed1i b\u0103ng t\u1ea3i hi\u1ec7n \u0111\u1ea1i, b\u1ec1n b\u1ec9 v\u00e0 hi\u1ec7u qu\u1ea3!<\/p>\n\n\n\n<p><\/p>\n","protected":false},"excerpt":{"rendered":"<p>Xu\u1ea5t x\u1ee9:&nbsp;Minet \u2013 Ph\u00e1p C\u1ea5u t\u1ea1o s\u1ea3n ph\u1ea9m: C\u00f4ng d\u1ee5ng: \u01afu \u0111i\u1ec3m: SUPER\u2011SCREW\u00ae* 2024 \u2013 Th\u1ebf h\u1ec7 m\u1ed1i n\u1ed1i ti\u00ean ti\u1ebfn Minet \u0111\u00e3 c\u1ea3i ti\u1ebfn SUPER\u2011SCREW\u00ae* 2024 v\u1edbi thi\u1ebft k\u1ebf t\u1ed1i \u01b0u h\u01a1n, n\u00e2ng cao hi\u1ec7u su\u1ea5t v\u00e0 tu\u1ed5i th\u1ecd: SUPER\u2011SCREW\u00ae 2024 \u2013 Gi\u1ea3i ph\u00e1p n\u1ed1i b\u0103ng t\u1ea3i hi\u1ec7n \u0111\u1ea1i, b\u1ec1n b\u1ec9 v\u00e0 hi\u1ec7u qu\u1ea3!<\/p>\n","protected":false},"author":1,"featured_media":0,"parent":0,"menu_order":0,"comment_status":"closed","ping_status":"closed","template":"","meta":{"_kad_blocks_custom_css":"","_kad_blocks_head_custom_js":"","_kad_blocks_body_custom_js":"","_kad_blocks_footer_custom_js":"","_kad_post_transparent":"","_kad_post_title":"","_kad_post_layout":"","_kad_post_sidebar_id":"","_kad_post_content_style":"","_kad_post_vertical_padding":"","_kad_post_feature":"","_kad_post_feature_position":"","_kad_post_header":false,"_kad_post_footer":false,"footnotes":""},"class_list":["post-3005","page","type-page","status-publish","hentry"],"taxonomy_info":[],"featured_image_src_large":false,"author_info":{"display_name":"admin","author_link":"https:\/\/congnghebangtai.com\/?author=1"},"comment_info":0,"_links":{"self":[{"href":"https:\/\/congnghebangtai.com\/index.php?rest_route=\/wp\/v2\/pages\/3005","targetHints":{"allow":["GET"]}}],"collection":[{"href":"https:\/\/congnghebangtai.com\/index.php?rest_route=\/wp\/v2\/pages"}],"about":[{"href":"https:\/\/congnghebangtai.com\/index.php?rest_route=\/wp\/v2\/types\/page"}],"author":[{"embeddable":true,"href":"https:\/\/congnghebangtai.com\/index.php?rest_route=\/wp\/v2\/users\/1"}],"replies":[{"embeddable":true,"href":"https:\/\/congnghebangtai.com\/index.php?rest_route=%2Fwp%2Fv2%2Fcomments&post=3005"}],"version-history":[{"count":6,"href":"https:\/\/congnghebangtai.com\/index.php?rest_route=\/wp\/v2\/pages\/3005\/revisions"}],"predecessor-version":[{"id":3898,"href":"https:\/\/congnghebangtai.com\/index.php?rest_route=\/wp\/v2\/pages\/3005\/revisions\/3898"}],"wp:attachment":[{"href":"https:\/\/congnghebangtai.com\/index.php?rest_route=%2Fwp%2Fv2%2Fmedia&parent=3005"}],"curies":[{"name":"wp","href":"https:\/\/api.w.org\/{rel}","templated":true}]}}