{"id":3015,"date":"2025-01-23T02:03:24","date_gmt":"2025-01-23T02:03:24","guid":{"rendered":"https:\/\/congnghebangtai.com\/?page_id=3015"},"modified":"2025-03-03T08:35:26","modified_gmt":"2025-03-03T08:35:26","slug":"may-boc-cao-su","status":"publish","type":"page","link":"https:\/\/congnghebangtai.com\/?page_id=3015","title":{"rendered":"M\u00e1y b\u00f3c cao su v\u00e0 m\u00e1y b\u1eafn v\u00ed chuy\u00ean d\u1ee5ng"},"content":{"rendered":"\n<div class=\"wp-block-kadence-slider kb-advanced-slider kb-advanced-slider-3015_7b770b-8d\"><div class=\"kb-advanced-slider-inner-contain\"><div class=\"kb-blocks-advanced-carousel kt-blocks-carousel kt-carousel-container-dotstyle-dark\"><div class=\"kb-blocks-advanced-slider-init kb-slider-loading kb-blocks-slider kt-carousel-arrowstyle-whiteondark kt-carousel-dotstyle-dark kb-slider-size-ratio kb-slider-ratio-12-5 kb-slider-tab-ratio-inherit kb-slider-mobile-ratio-inherit\" data-slider-anim-speed=\"400\" data-slider-type=\"slider\" data-slider-scroll=\"1\" data-slider-fade=\"true\" data-slider-arrows=\"true\" data-slider-dots=\"true\" data-slider-hover-pause=\"false\" data-slider-auto=\"true\" data-slider-speed=\"7000\">\n<div class=\"wp-block-kadence-slide kb-advanced-slide-item kb-slide-3015_cad8ca-d9\"><div class=\"kb-advanced-slide\"><div class=\"kb-advanced-slide-inner-wrap\"><div class=\"kb-advanced-slide-inner\"><style>.kb-image3015_d89033-e3 .kb-image-has-overlay:after{opacity:0.3;}<\/style>\n<div class=\"wp-block-kadence-image kb-image3015_d89033-e3\"><figure class=\"aligncenter size-large\"><img fetchpriority=\"high\" decoding=\"async\" width=\"1024\" height=\"1024\" src=\"https:\/\/congnghebangtai.com\/wp-content\/uploads\/2025\/01\/media_20240412_101816_671392103391049082-1024x1024.jpg\" alt=\"\" class=\"kb-img wp-image-3019\" srcset=\"https:\/\/congnghebangtai.com\/wp-content\/uploads\/2025\/01\/media_20240412_101816_671392103391049082-1024x1024.jpg 1024w, https:\/\/congnghebangtai.com\/wp-content\/uploads\/2025\/01\/media_20240412_101816_671392103391049082-300x300.jpg 300w, https:\/\/congnghebangtai.com\/wp-content\/uploads\/2025\/01\/media_20240412_101816_671392103391049082-150x150.jpg 150w, https:\/\/congnghebangtai.com\/wp-content\/uploads\/2025\/01\/media_20240412_101816_671392103391049082-768x768.jpg 768w, https:\/\/congnghebangtai.com\/wp-content\/uploads\/2025\/01\/media_20240412_101816_671392103391049082-1536x1536.jpg 1536w, https:\/\/congnghebangtai.com\/wp-content\/uploads\/2025\/01\/media_20240412_101816_671392103391049082-2048x2048.jpg 2048w, https:\/\/congnghebangtai.com\/wp-content\/uploads\/2025\/01\/media_20240412_101816_671392103391049082-800x800.jpg 800w, https:\/\/congnghebangtai.com\/wp-content\/uploads\/2025\/01\/media_20240412_101816_671392103391049082-700x700.jpg 700w, https:\/\/congnghebangtai.com\/wp-content\/uploads\/2025\/01\/media_20240412_101816_671392103391049082-100x100.jpg 100w\" sizes=\"(max-width: 1024px) 100vw, 1024px\" \/><\/figure><\/div>\n<\/div><\/div><\/div><\/div>\n\n\n\n<div class=\"wp-block-kadence-slide kb-advanced-slide-item kb-slide-3015_cafb2a-77\"><div class=\"kb-advanced-slide\"><div class=\"kb-advanced-slide-inner-wrap\"><div class=\"kb-advanced-slide-inner\"><style>.kb-image3015_b88af3-8c .kb-image-has-overlay:after{opacity:0.3;}<\/style>\n<div class=\"wp-block-kadence-image kb-image3015_b88af3-8c\"><figure class=\"aligncenter size-large\"><img decoding=\"async\" width=\"1024\" height=\"1024\" src=\"https:\/\/congnghebangtai.com\/wp-content\/uploads\/2025\/01\/6d10bbf3-1185-4663-9398-5adb76c605e9-2-1024x1024.jpeg\" alt=\"\" class=\"kb-img wp-image-3020\" srcset=\"https:\/\/congnghebangtai.com\/wp-content\/uploads\/2025\/01\/6d10bbf3-1185-4663-9398-5adb76c605e9-2-1024x1024.jpeg 1024w, https:\/\/congnghebangtai.com\/wp-content\/uploads\/2025\/01\/6d10bbf3-1185-4663-9398-5adb76c605e9-2-300x300.jpeg 300w, https:\/\/congnghebangtai.com\/wp-content\/uploads\/2025\/01\/6d10bbf3-1185-4663-9398-5adb76c605e9-2-150x150.jpeg 150w, https:\/\/congnghebangtai.com\/wp-content\/uploads\/2025\/01\/6d10bbf3-1185-4663-9398-5adb76c605e9-2-768x768.jpeg 768w, https:\/\/congnghebangtai.com\/wp-content\/uploads\/2025\/01\/6d10bbf3-1185-4663-9398-5adb76c605e9-2-1536x1536.jpeg 1536w, https:\/\/congnghebangtai.com\/wp-content\/uploads\/2025\/01\/6d10bbf3-1185-4663-9398-5adb76c605e9-2-800x800.jpeg 800w, https:\/\/congnghebangtai.com\/wp-content\/uploads\/2025\/01\/6d10bbf3-1185-4663-9398-5adb76c605e9-2-700x700.jpeg 700w, https:\/\/congnghebangtai.com\/wp-content\/uploads\/2025\/01\/6d10bbf3-1185-4663-9398-5adb76c605e9-2-100x100.jpeg 100w, https:\/\/congnghebangtai.com\/wp-content\/uploads\/2025\/01\/6d10bbf3-1185-4663-9398-5adb76c605e9-2.jpeg 2048w\" sizes=\"(max-width: 1024px) 100vw, 1024px\" \/><\/figure><\/div>\n<\/div><\/div><\/div><\/div>\n<\/div><\/div><\/div><\/div>\n\n\n<style>.kadence-column3015_e632d2-53 > .kt-inside-inner-col,.kadence-column3015_e632d2-53 > .kt-inside-inner-col:before{border-top-left-radius:0px;border-top-right-radius:0px;border-bottom-right-radius:0px;border-bottom-left-radius:0px;}.kadence-column3015_e632d2-53 > .kt-inside-inner-col:before{opacity:0.3;}.kadence-column3015_e632d2-53{position:relative;}<\/style>\n<div class=\"wp-block-kadence-column kadence-column3015_e632d2-53\"><div class=\"kt-inside-inner-col\">\n<div class=\"wp-block-columns is-layout-flex wp-container-core-columns-is-layout-9d6595d7 wp-block-columns-is-layout-flex\">\n<div class=\"wp-block-column is-layout-flow wp-block-column-is-layout-flow\"><style>.kb-image3015_1f51d6-bc.kb-image-is-ratio-size, .kb-image3015_1f51d6-bc .kb-image-is-ratio-size{max-width:449px;width:100%;}.kb-image3015_1f51d6-bc figure{max-width:449px;}.kb-image3015_1f51d6-bc .image-is-svg, .kb-image3015_1f51d6-bc .image-is-svg img{width:100%;}.kb-image3015_1f51d6-bc .kb-image-has-overlay:after{opacity:0.3;}<\/style>\n<div class=\"wp-block-kadence-image kb-image3015_1f51d6-bc\"><figure class=\"aligncenter size-large\"><img decoding=\"async\" width=\"1024\" height=\"768\" src=\"https:\/\/congnghebangtai.com\/wp-content\/uploads\/2025\/01\/59eafd3240d7a689ffc6-1-1024x768.png\" alt=\"\" class=\"kb-img wp-image-3016\" srcset=\"https:\/\/congnghebangtai.com\/wp-content\/uploads\/2025\/01\/59eafd3240d7a689ffc6-1-1024x768.png 1024w, https:\/\/congnghebangtai.com\/wp-content\/uploads\/2025\/01\/59eafd3240d7a689ffc6-1-300x225.png 300w, https:\/\/congnghebangtai.com\/wp-content\/uploads\/2025\/01\/59eafd3240d7a689ffc6-1-768x576.png 768w, https:\/\/congnghebangtai.com\/wp-content\/uploads\/2025\/01\/59eafd3240d7a689ffc6-1-1536x1152.png 1536w, https:\/\/congnghebangtai.com\/wp-content\/uploads\/2025\/01\/59eafd3240d7a689ffc6-1-2048x1536.png 2048w, https:\/\/congnghebangtai.com\/wp-content\/uploads\/2025\/01\/59eafd3240d7a689ffc6-1-700x525.png 700w\" sizes=\"(max-width: 1024px) 100vw, 1024px\" \/><\/figure><\/div>\n\n\n\n<h2 class=\"wp-block-heading\">M\u00e1y b\u00f3c cao su<\/h2>\n\n\n\n<p><strong><em>Xu\u1ea5t x\u1ee9:<\/em><\/strong>&nbsp;Minet \u2013 Ph\u00e1p<\/p>\n\n\n\n<p><strong><em>C\u00f4ng d\u1ee5ng:<\/em><\/strong><\/p>\n\n\n\n<p>&#8211; B\u00f3c l\u1edbp cao su b\u1ec1 m\u1eb7t cho c\u00e1c tuy\u1ebfn b\u0103ng t\u1ea3i cao su.<\/p>\n\n\n\n<p>\u2013 B\u00f3c t\u00e1ch cao su tr\u00ean Rulo.<\/p>\n\n\n\n<p><\/p>\n\n\n\n<p><strong><em>\u01afu \u0111i\u1ec3m:<\/em><\/strong><\/p>\n\n\n\n<ul class=\"wp-block-list\">\n<li>Dao l\u1ea1ng m\u1ecfng cao su b\u1eb1ng pin ti\u1ebft ki\u1ec7m th\u1eddi gian b\u00f3c b\u0103ng t\u1ea3i cao su \u2248 1\/10 ph\u01b0\u01a1ng ph\u00e1p th\u1ee7 c\u00f4ng.<\/li>\n\n\n\n<li>B\u1ed9 bao g\u1ed3m nhi\u1ec1u l\u01b0\u1ee1i c\u00f3 chi\u1ec1u d\u00e0y kh\u00e1c nhau cho ph\u00e9p b\u00f3c nh\u1eefng l\u1edbp cao su tr\u00ean, d\u01b0\u1edbi, l\u1edbp b\u1ed1 v\u1ea3i, c\u00f3 chi\u1ec1u d\u00e0y ph\u00f9 h\u1ee3p.<\/li>\n\n\n\n<li>An to\u00e0n cho ng\u01b0\u1eddi s\u1eed d\u1ee5ng.<\/li>\n\n\n\n<li>Kh\u00f4ng l\u00e0m h\u01b0 h\u1ea1i t\u1edbi c\u00e1c l\u1edbp b\u1ed1 v\u1ea3i.<\/li>\n\n\n\n<li>Linh ho\u1ea1t c\u01a1 \u0111\u1ed9ng v\u00e0 d\u00f9ng trong \u0111\u01b0\u1ee3c m\u1ecdi \u0111\u1ecba h\u00ecnh c\u00f4ng tr\u01b0\u1eddng<\/li>\n\n\n\n<li>Thi\u1ebft b\u1ecb ti\u1ec7n l\u1ee3i v\u00ec kh\u00f4ng c\u00f3 d\u00e2y n\u1ed1i \u0111i\u1ec7n kh\u1eafc ph\u1ee5c \u0111\u01b0\u1ee3c s\u1ef1 c\u1ed1 c\u00fap \u0111i\u1ec7n, v\u1eadn h\u00e0nh \u0111\u01b0\u1ee3c \u1edf n\u01a1i kh\u00f4ng c\u00f3 ngu\u1ed3n \u0111i\u1ec7n l\u01b0\u1edbi,\u2026<\/li>\n<\/ul>\n\n\n\n<p><strong><em>Nguy\u00ean l\u00fd ho\u1ea1t \u0111\u1ed9ng:<\/em><\/strong><\/p>\n\n\n\n<ul class=\"wp-block-list\">\n<li>M\u00e1y l\u1ea1ng m\u1ecfng cao su d\u1ef1a tr\u00ean nguy\u00ean l\u00fd dao \u0111\u1ed9ng rung c\u1ee7a \u0111\u1ea7u l\u01b0\u1ee1i dao.<\/li>\n\n\n\n<li>\u0110\u1ea7u l\u01b0\u1ee1i dao \u0111\u01b0\u1ee3c dao \u0111\u1ed9ng theo 1 bi\u00ean \u0111\u1ed9 c\u1ed1 \u0111\u1ecbnh v\u00e0 t\u1ed1c \u0111\u1ed9 dao \u0111\u1ed9ng c\u00f3 th\u1ec3 thay \u0111\u1ed5i b\u1edfi n\u00fat \u0111i\u1ec1u ch\u1ec9nh.<\/li>\n\n\n\n<li>\u0110\u1ea3m b\u1ea3o ti\u00eau chu\u1ea9n ph\u00f2ng ch\u00e1y n\u1ed5.<\/li>\n<\/ul>\n<\/div>\n\n\n\n<div class=\"wp-block-column is-layout-flow wp-block-column-is-layout-flow\"><style>.kb-image3015_1678e8-fc .kb-image-has-overlay:after{opacity:0.3;}<\/style>\n<div class=\"wp-block-kadence-image kb-image3015_1678e8-fc\"><figure class=\"aligncenter size-large\"><img loading=\"lazy\" decoding=\"async\" width=\"1024\" height=\"596\" src=\"https:\/\/congnghebangtai.com\/wp-content\/uploads\/2025\/01\/sung-ban-vit-bang-pin-1-1082x630-1-1024x596.png\" alt=\"\" class=\"kb-img wp-image-3021\" srcset=\"https:\/\/congnghebangtai.com\/wp-content\/uploads\/2025\/01\/sung-ban-vit-bang-pin-1-1082x630-1-1024x596.png 1024w, https:\/\/congnghebangtai.com\/wp-content\/uploads\/2025\/01\/sung-ban-vit-bang-pin-1-1082x630-1-300x175.png 300w, https:\/\/congnghebangtai.com\/wp-content\/uploads\/2025\/01\/sung-ban-vit-bang-pin-1-1082x630-1-768x447.png 768w, https:\/\/congnghebangtai.com\/wp-content\/uploads\/2025\/01\/sung-ban-vit-bang-pin-1-1082x630-1-700x408.png 700w, https:\/\/congnghebangtai.com\/wp-content\/uploads\/2025\/01\/sung-ban-vit-bang-pin-1-1082x630-1.png 1082w\" sizes=\"(max-width: 1024px) 100vw, 1024px\" \/><\/figure><\/div>\n\n\n\n<h2 class=\"wp-block-heading\">S\u00fang b\u1eafn v\u00edt&nbsp;<\/h2>\n\n\n\n<p><strong>C\u00f4ng d\u1ee5ng:<\/strong><\/p>\n\n\n\n<ul class=\"wp-block-list\">\n<li>D\u00f9ng \u0111\u1ec3 b\u1eafn v\u00e0 v\u1eb7n c\u00e1c \u1ed1c v\u00edt c\u00f3 k\u00edch th\u01b0\u1edbc nh\u1ecf v\u00e0 trung b\u00ecnh tr\u00ean nhi\u1ec1u lo\u1ea1i s\u1ea3n ph\u1ea9m.<\/li>\n<\/ul>\n\n\n\n<p><strong>\u01afu \u0111i\u1ec3m:<\/strong><\/p>\n\n\n\n<ul class=\"wp-block-list\">\n<li><strong>Hi\u1ec7u qu\u1ea3 cao:<\/strong>&nbsp;Khi n\u1ed1i b\u0103ng t\u1ea3i cao su b\u1eb1ng ph\u01b0\u01a1ng ph\u00e1p n\u1ed1i nhanh SS, vi\u1ec7c s\u1eed d\u1ee5ng s\u00fang b\u1eafn v\u00edt mang l\u1ea1i hi\u1ec7u qu\u1ea3 t\u1ed1i \u01b0u.<\/li>\n\n\n\n<li><strong>\u0110i\u1ec1u ch\u1ec9nh linh ho\u1ea1t:<\/strong>&nbsp;C\u00f3 th\u1ec3 \u0111i\u1ec1u ch\u1ec9nh t\u1ed1c \u0111\u1ed9, c\u00f4ng su\u1ea5t v\u00e0 chi\u1ec1u xoay, ph\u00f9 h\u1ee3p v\u1edbi m\u1ecdi thao t\u00e1c v\u1eb7n v\u00e0 th\u00e1o v\u00edt.<\/li>\n\n\n\n<li><strong>K\u1ebft n\u1ed1i b\u1ec1n b\u1ec9:<\/strong>&nbsp;\u0110\u1ea7u v\u00edt v\u00e0 v\u00edt \u0111\u01b0\u1ee3c k\u1ebft n\u1ed1i b\u1eb1ng th\u00e9p kh\u00f4ng g\u1ec9, \u0111\u1ea3m b\u1ea3o \u0111\u1ed9 b\u1ec1n v\u00e0 ch\u1ea5t l\u01b0\u1ee3ng.<\/li>\n\n\n\n<li><strong>T\u1ef1 \u0111\u1ed9ng d\u1eebng:<\/strong>&nbsp;S\u00fang t\u1ef1 \u0111\u1ed9ng d\u1eebng l\u1ea1i khi \u0111\u1ea1t \u0111\u1ebfn l\u1ef1c si\u1ebft ho\u1eb7c chi\u1ec1u s\u00e2u v\u00edt nh\u1ea5t \u0111\u1ecbnh, \u0111\u1ea3m b\u1ea3o an to\u00e0n v\u00e0 ch\u00ednh x\u00e1c.<\/li>\n\n\n\n<li><strong>Thao t\u00e1c d\u1ec5 d\u00e0ng:<\/strong>&nbsp;Ph\u00f9 h\u1ee3p v\u1edbi t\u1ea5t c\u1ea3 c\u00e1c lo\u1ea1i v\u00edt nh\u1edd v\u00e0o s\u1ef1 \u0111a d\u1ea1ng c\u1ee7a \u0111\u1ea7u v\u00edt v\u00e0 thao t\u00e1c thu\u1eadn ti\u1ec7n.<\/li>\n\n\n\n<li><strong>\u0110i\u1ec1u ch\u1ec9nh d\u1ec5 d\u00e0ng:<\/strong>&nbsp;D\u1ec5 d\u00e0ng \u0111i\u1ec1u ch\u1ec9nh l\u1ef1c si\u1ebft v\u00e0 chi\u1ec1u quay c\u1ee7a s\u00fang b\u1eb1ng c\u00f4ng t\u1eafc g\u1ea1t, t\u0103ng t\u00ednh linh ho\u1ea1t.<\/li>\n\n\n\n<li><strong>Linh ho\u1ea1t v\u00e0 c\u01a1 \u0111\u1ed9ng:<\/strong>&nbsp;Th\u00edch h\u1ee3p s\u1eed d\u1ee5ng trong m\u1ecdi \u0111\u1ecba h\u00ecnh c\u00f4ng tr\u01b0\u1eddng.<\/li>\n\n\n\n<li><strong>Ti\u1ec7n l\u1ee3i:<\/strong>&nbsp;Kh\u00f4ng ph\u1ee5 thu\u1ed9c v\u00e0o ngu\u1ed3n \u0111i\u1ec7n tr\u1ef1c ti\u1ebfp, kh\u1eafc ph\u1ee5c s\u1ef1 c\u1ed1 c\u00fap \u0111i\u1ec7n v\u00e0 v\u1eadn h\u00e0nh \u1edf n\u01a1i kh\u00f4ng c\u00f3 \u0111i\u1ec7n l\u01b0\u1edbi.<\/li>\n\n\n\n<li>\u0110\u1ea3m b\u1ea3o ti\u00eau chu\u1ea9n ph\u00f2ng ch\u00e1y n\u1ed5.<\/li>\n<\/ul>\n<\/div>\n<\/div>\n<\/div><\/div>\n","protected":false},"excerpt":{"rendered":"<p>M\u00e1y b\u00f3c cao su Xu\u1ea5t x\u1ee9:&nbsp;Minet \u2013 Ph\u00e1p C\u00f4ng d\u1ee5ng: &#8211; B\u00f3c l\u1edbp cao su b\u1ec1 m\u1eb7t cho c\u00e1c tuy\u1ebfn b\u0103ng t\u1ea3i cao su. \u2013 B\u00f3c t\u00e1ch cao su tr\u00ean Rulo. \u01afu \u0111i\u1ec3m: Nguy\u00ean l\u00fd ho\u1ea1t \u0111\u1ed9ng: S\u00fang b\u1eafn v\u00edt&nbsp; C\u00f4ng d\u1ee5ng: \u01afu \u0111i\u1ec3m:<\/p>\n","protected":false},"author":1,"featured_media":0,"parent":0,"menu_order":0,"comment_status":"closed","ping_status":"closed","template":"","meta":{"_kad_blocks_custom_css":"","_kad_blocks_head_custom_js":"","_kad_blocks_body_custom_js":"","_kad_blocks_footer_custom_js":"","_kad_post_transparent":"","_kad_post_title":"","_kad_post_layout":"","_kad_post_sidebar_id":"","_kad_post_content_style":"","_kad_post_vertical_padding":"","_kad_post_feature":"","_kad_post_feature_position":"","_kad_post_header":false,"_kad_post_footer":false,"footnotes":""},"class_list":["post-3015","page","type-page","status-publish","hentry"],"taxonomy_info":[],"featured_image_src_large":false,"author_info":{"display_name":"admin","author_link":"https:\/\/congnghebangtai.com\/?author=1"},"comment_info":0,"_links":{"self":[{"href":"https:\/\/congnghebangtai.com\/index.php?rest_route=\/wp\/v2\/pages\/3015","targetHints":{"allow":["GET"]}}],"collection":[{"href":"https:\/\/congnghebangtai.com\/index.php?rest_route=\/wp\/v2\/pages"}],"about":[{"href":"https:\/\/congnghebangtai.com\/index.php?rest_route=\/wp\/v2\/types\/page"}],"author":[{"embeddable":true,"href":"https:\/\/congnghebangtai.com\/index.php?rest_route=\/wp\/v2\/users\/1"}],"replies":[{"embeddable":true,"href":"https:\/\/congnghebangtai.com\/index.php?rest_route=%2Fwp%2Fv2%2Fcomments&post=3015"}],"version-history":[{"count":4,"href":"https:\/\/congnghebangtai.com\/index.php?rest_route=\/wp\/v2\/pages\/3015\/revisions"}],"predecessor-version":[{"id":3900,"href":"https:\/\/congnghebangtai.com\/index.php?rest_route=\/wp\/v2\/pages\/3015\/revisions\/3900"}],"wp:attachment":[{"href":"https:\/\/congnghebangtai.com\/index.php?rest_route=%2Fwp%2Fv2%2Fmedia&parent=3015"}],"curies":[{"name":"wp","href":"https:\/\/api.w.org\/{rel}","templated":true}]}}