{"id":3032,"date":"2025-01-23T02:38:16","date_gmt":"2025-01-23T02:38:16","guid":{"rendered":"https:\/\/congnghebangtai.com\/?page_id=3032"},"modified":"2025-02-06T08:12:54","modified_gmt":"2025-02-06T08:12:54","slug":"gian-giam-chan","status":"publish","type":"page","link":"https:\/\/congnghebangtai.com\/?page_id=3032","title":{"rendered":"GI\u00c0N GI\u1ea2M CH\u1ea4N"},"content":{"rendered":"\n<p>Gi\u00e0n Gi\u1ea3m Ch\u1ea5n Tru-Trac\u00ae \u0111\u01b0\u1ee3c thi\u1ebft k\u1ebf \u0111\u1ec3 b\u1ea3o v\u1ec7 b\u0103ng t\u1ea3i c\u1ee7a b\u1ea1n kh\u1ecfi c\u00e1c h\u01b0 h\u1ea1i do va \u0111\u1eadp t\u1eeb c\u00e1c t\u1ea3i tr\u1ecdng l\u1edbn, c\u00f3 th\u1ec3 l\u00e0m gi\u00e1n \u0111o\u1ea1n ho\u1ea1t \u0111\u1ed9ng. Gi\u00e0n Gi\u1ea3m Ch\u1ea5n ki\u1ec3u m\u00f4-\u0111un c\u1ee7a ch\u00fang t\u00f4i kh\u00f4ng ch\u1ec9 b\u1ea3o v\u1ec7 b\u0103ng t\u1ea3i kh\u1ecfi va \u0111\u1eadp m\u00e0 c\u00f2n gi\u00fap ki\u1ec3m so\u00e1t s\u1ef1 tr\u00e0n v\u1eadt li\u1ec7u trong c\u00e1c khu v\u1ef1c t\u1ea3i b\u0103ng t\u1ea3i.<\/p>\n\n\n<style>.kadence-column3032_ef399e-d7 > .kt-inside-inner-col,.kadence-column3032_ef399e-d7 > .kt-inside-inner-col:before{border-top-left-radius:0px;border-top-right-radius:0px;border-bottom-right-radius:0px;border-bottom-left-radius:0px;}.kadence-column3032_ef399e-d7 > .kt-inside-inner-col:before{opacity:0.3;}.kadence-column3032_ef399e-d7{position:relative;}<\/style>\n<div class=\"wp-block-kadence-column kadence-column3032_ef399e-d7\"><div class=\"kt-inside-inner-col\">\n<div class=\"wp-block-columns is-layout-flex wp-container-core-columns-is-layout-9d6595d7 wp-block-columns-is-layout-flex\">\n<div class=\"wp-block-column is-layout-flow wp-block-column-is-layout-flow\" style=\"flex-basis:66.66%\">\n<ul class=\"wp-block-list\">\n<li><strong>Thi\u1ebft k\u1ebf m\u00f4-\u0111un<\/strong> \u2013 bao g\u1ed3m khung ch\u1eafc ch\u1eafn v\u1edbi c\u00e1c ph\u1ea7n b\u00ean v\u00e0 ph\u1ea7n gi\u1eefa c\u00f3 th\u1ec3 th\u00e1o r\u1eddi (tr\u01b0\u1ee3t v\u00e0o ho\u1eb7c tr\u01b0\u1ee3t ra) \u0111\u1ec3 d\u1ec5 d\u00e0ng l\u1eafp \u0111\u1eb7t v\u00e0 b\u1ea3o tr\u00ec. <\/li>\n\n\n\n<li><strong>Linh ho\u1ea1t<\/strong> \u2013 T\u00ednh linh ho\u1ea1t cao h\u01a1n v\u1edbi c\u00e1c khu v\u1ef1c t\u1ea3i c\u00f3 chi\u1ec1u d\u00e0i kh\u00e1c nhau. <\/li>\n\n\n\n<li><strong>D\u1ec5 d\u00e0ng b\u1ea3o tr\u00ec<\/strong> \u2013 C\u00e1c ph\u1ea7n tr\u01b0\u1ee3t v\u00e0 thi\u1ebft k\u1ebf cho ph\u00e9p ti\u1ebfp c\u1eadn d\u1ec5 d\u00e0ng v\u00e0 thay th\u1ebf nhanh ch\u00f3ng c\u00e1c gi\u01b0\u1eddng ch\u1ed1ng va \u0111\u1eadp b\u1ecb m\u00f2n.<\/li>\n\n\n\n<li><strong>B\u1ec1n b\u1ec9<\/strong> \u2013 S\u1ef1 k\u1ebft h\u1ee3p gi\u1eefa khung ch\u1eafc ch\u1eafn v\u00e0 gi\u01b0\u1eddng ch\u1ed1ng va \u0111\u1eadp ch\u1ea5t l\u01b0\u1ee3ng cao, ma s\u00e1t th\u1ea5p bi\u1ebfn khu v\u1ef1c va \u0111\u1eadp c\u1ee7a b\u1ea1n th\u00e0nh m\u1ed9t khu v\u1ef1c \u00edt b\u1ea3o tr\u00ec. <\/li>\n\n\n\n<li><strong>H\u1ea5p th\u1ee5 va \u0111\u1eadp<\/strong> \u2013 C\u00e1c thanh ch\u1ed1ng va \u0111\u1eadp c\u1ee7a ch\u00fang t\u00f4i \u0111\u01b0\u1ee3c thi\u1ebft k\u1ebf v\u1edbi l\u1edbp tr\u00ean c\u00f9ng b\u1eb1ng UHMWPE \u2013 gi\u00fap b\u0103ng t\u1ea3i tr\u01b0\u1ee3t m\u01b0\u1ee3t m\u00e0. L\u1edbp gi\u1eefa l\u00e0 cao su \u2013 gi\u00fap gi\u1ea3m ch\u1ea5n l\u1ef1c va \u0111\u1eadp, trong khi l\u1edbp d\u01b0\u1edbi c\u00f9ng d\u00f9ng \u0111\u1ec3 c\u1ed1 \u0111\u1ecbnh c\u00e1c t\u1ea5m \u0111\u1ec7m va \u0111\u1eadp v\u00e0o khung h\u1ed7 tr\u1ee3. <\/li>\n\n\n\n<li><strong>Ni\u00eam phong c\u1ea3i ti\u1ebfn<\/strong> \u2013 Khi cao su che ph\u1ee7 \u0111\u01b0\u1ee3c l\u1eafp \u0111\u1eb7t tr\u00ean Gi\u01b0\u1eddng Ch\u1ed1ng Va \u0110\u1eadp nh\u1edd h\u1ed7 tr\u1ee3 \u0111\u1ed3ng \u0111\u1ec1u tr\u00ean chi\u1ec1u d\u00e0i c\u1ee7a n\u00f3. <\/li>\n\n\n\n<li><strong>B\u1ea3o v\u1ec7 ch\u1ed1ng \u0103n m\u00f2n<\/strong> \u2013 To\u00e0n b\u1ed9 khung \u0111\u01b0\u1ee3c m\u1ea1 \u0111i\u1ec7n \u0111\u1ec3 cung c\u1ea5p b\u1ea3o v\u1ec7 ch\u1ed1ng \u0103n m\u00f2n trong su\u1ed1t v\u00f2ng \u0111\u1eddi c\u1ee7a Gi\u01b0\u1eddng Ch\u1ed1ng Va \u0110\u1eadp.<\/li>\n<\/ul>\n<\/div>\n\n\n\n<div class=\"wp-block-column is-layout-flow wp-block-column-is-layout-flow\" style=\"flex-basis:33.33%\">\n<figure class=\"wp-block-embed is-type-video is-provider-youtube wp-block-embed-youtube wp-embed-aspect-16-9 wp-has-aspect-ratio\"><div class=\"wp-block-embed__wrapper\">\n<iframe title=\"TRU-TRAC\u00ae SLIDER IMPACT BED\" width=\"720\" height=\"405\" src=\"https:\/\/www.youtube.com\/embed\/BmZjeg2iO7g?feature=oembed\" frameborder=\"0\" allow=\"accelerometer; autoplay; clipboard-write; encrypted-media; gyroscope; picture-in-picture; web-share\" referrerpolicy=\"strict-origin-when-cross-origin\" allowfullscreen><\/iframe>\n<\/div><\/figure>\n<\/div>\n<\/div>\n<\/div><\/div>\n\n\n\n<h1 class=\"wp-block-heading has-text-align-center\"><strong>C\u00e1c Ch\u1ee7ng Lo\u1ea1i<\/strong><\/h1>\n\n\n<style>.kadence-column3032_57fed1-40 > .kt-inside-inner-col,.kadence-column3032_57fed1-40 > .kt-inside-inner-col:before{border-top-left-radius:0px;border-top-right-radius:0px;border-bottom-right-radius:0px;border-bottom-left-radius:0px;}.kadence-column3032_57fed1-40 > .kt-inside-inner-col:before{opacity:0.3;}.kadence-column3032_57fed1-40{position:relative;}<\/style>\n<div class=\"wp-block-kadence-column kadence-column3032_57fed1-40\"><div class=\"kt-inside-inner-col\">\n<div class=\"wp-block-columns is-layout-flex wp-container-core-columns-is-layout-9d6595d7 wp-block-columns-is-layout-flex\">\n<div class=\"wp-block-column is-layout-flow wp-block-column-is-layout-flow\"><style>.kb-image3032_7128b3-b7 .kb-image-has-overlay:after{opacity:0.3;}<\/style>\n<div class=\"wp-block-kadence-image kb-image3032_7128b3-b7\"><figure class=\"aligncenter size-full\"><img fetchpriority=\"high\" decoding=\"async\" width=\"768\" height=\"576\" src=\"https:\/\/congnghebangtai.com\/wp-content\/uploads\/2025\/01\/Slide-N-Roll-1-1024x576-1-edited.png\" alt=\"\" class=\"kb-img wp-image-3036\" srcset=\"https:\/\/congnghebangtai.com\/wp-content\/uploads\/2025\/01\/Slide-N-Roll-1-1024x576-1-edited.png 768w, https:\/\/congnghebangtai.com\/wp-content\/uploads\/2025\/01\/Slide-N-Roll-1-1024x576-1-edited-300x225.png 300w, https:\/\/congnghebangtai.com\/wp-content\/uploads\/2025\/01\/Slide-N-Roll-1-1024x576-1-edited-700x525.png 700w\" sizes=\"(max-width: 768px) 100vw, 768px\" \/><\/figure><\/div>\n\n\n\n<h4 class=\"wp-block-heading\">Gi\u00e0n Gi\u1ea3m Ch\u1ea5n Tr\u01b0\u1ee3t &amp; Quay<\/h4>\n<\/div>\n\n\n\n<div class=\"wp-block-column is-layout-flow wp-block-column-is-layout-flow\"><style>.kb-image3032_3b6cbe-11 .kb-image-has-overlay:after{opacity:0.3;}<\/style>\n<div class=\"wp-block-kadence-image kb-image3032_3b6cbe-11\"><figure class=\"aligncenter size-full\"><img decoding=\"async\" width=\"640\" height=\"480\" src=\"https:\/\/congnghebangtai.com\/wp-content\/uploads\/2025\/01\/750-standard-mpact-Bed0000-1-1024x480-1-edited.png\" alt=\"\" class=\"kb-img wp-image-3037\" srcset=\"https:\/\/congnghebangtai.com\/wp-content\/uploads\/2025\/01\/750-standard-mpact-Bed0000-1-1024x480-1-edited.png 640w, https:\/\/congnghebangtai.com\/wp-content\/uploads\/2025\/01\/750-standard-mpact-Bed0000-1-1024x480-1-edited-300x225.png 300w\" sizes=\"(max-width: 640px) 100vw, 640px\" \/><\/figure><\/div>\n\n\n\n<h4 class=\"wp-block-heading\">Gi\u00e0n Gi\u1ea3m Ch\u1ea5n Ti\u00eau Chu\u1ea9n<\/h4>\n<\/div>\n\n\n\n<div class=\"wp-block-column is-layout-flow wp-block-column-is-layout-flow\"><style>.kb-image3032_a0ce5f-9f .kb-image-has-overlay:after{opacity:0.3;}<\/style>\n<div class=\"wp-block-kadence-image kb-image3032_a0ce5f-9f\"><figure class=\"aligncenter size-full\"><img decoding=\"async\" width=\"967\" height=\"725\" src=\"https:\/\/congnghebangtai.com\/wp-content\/uploads\/2025\/01\/1200-ADJUSTABLE-IMPACT-BED-1-1024x725-1-edited.png\" alt=\"\" class=\"kb-img wp-image-3038\" srcset=\"https:\/\/congnghebangtai.com\/wp-content\/uploads\/2025\/01\/1200-ADJUSTABLE-IMPACT-BED-1-1024x725-1-edited.png 967w, https:\/\/congnghebangtai.com\/wp-content\/uploads\/2025\/01\/1200-ADJUSTABLE-IMPACT-BED-1-1024x725-1-edited-300x225.png 300w, https:\/\/congnghebangtai.com\/wp-content\/uploads\/2025\/01\/1200-ADJUSTABLE-IMPACT-BED-1-1024x725-1-edited-768x576.png 768w, https:\/\/congnghebangtai.com\/wp-content\/uploads\/2025\/01\/1200-ADJUSTABLE-IMPACT-BED-1-1024x725-1-edited-700x525.png 700w\" sizes=\"(max-width: 967px) 100vw, 967px\" \/><\/figure><\/div>\n\n\n\n<h4 class=\"wp-block-heading\">Gi\u00e0n Gi\u1ea3m Ch\u1ea5n \u0110i\u1ec1u Ch\u1ec9nh \u0110\u01b0\u1ee3c<\/h4>\n<\/div>\n<\/div>\n<\/div><\/div>\n","protected":false},"excerpt":{"rendered":"<p>Gi\u00e0n Gi\u1ea3m Ch\u1ea5n Tru-Trac\u00ae \u0111\u01b0\u1ee3c thi\u1ebft k\u1ebf \u0111\u1ec3 b\u1ea3o v\u1ec7 b\u0103ng t\u1ea3i c\u1ee7a b\u1ea1n kh\u1ecfi c\u00e1c h\u01b0 h\u1ea1i do va \u0111\u1eadp t\u1eeb c\u00e1c t\u1ea3i tr\u1ecdng l\u1edbn, c\u00f3 th\u1ec3 l\u00e0m gi\u00e1n \u0111o\u1ea1n ho\u1ea1t \u0111\u1ed9ng. Gi\u00e0n Gi\u1ea3m Ch\u1ea5n ki\u1ec3u m\u00f4-\u0111un c\u1ee7a ch\u00fang t\u00f4i kh\u00f4ng ch\u1ec9 b\u1ea3o v\u1ec7 b\u0103ng t\u1ea3i kh\u1ecfi va \u0111\u1eadp m\u00e0 c\u00f2n gi\u00fap ki\u1ec3m so\u00e1t&#8230;<\/p>\n","protected":false},"author":1,"featured_media":0,"parent":0,"menu_order":0,"comment_status":"closed","ping_status":"closed","template":"","meta":{"_kad_blocks_custom_css":"","_kad_blocks_head_custom_js":"","_kad_blocks_body_custom_js":"","_kad_blocks_footer_custom_js":"","_kad_post_transparent":"","_kad_post_title":"","_kad_post_layout":"","_kad_post_sidebar_id":"","_kad_post_content_style":"","_kad_post_vertical_padding":"","_kad_post_feature":"","_kad_post_feature_position":"","_kad_post_header":false,"_kad_post_footer":false,"footnotes":""},"class_list":["post-3032","page","type-page","status-publish","hentry"],"taxonomy_info":[],"featured_image_src_large":false,"author_info":{"display_name":"admin","author_link":"https:\/\/congnghebangtai.com\/?author=1"},"comment_info":0,"_links":{"self":[{"href":"https:\/\/congnghebangtai.com\/index.php?rest_route=\/wp\/v2\/pages\/3032","targetHints":{"allow":["GET"]}}],"collection":[{"href":"https:\/\/congnghebangtai.com\/index.php?rest_route=\/wp\/v2\/pages"}],"about":[{"href":"https:\/\/congnghebangtai.com\/index.php?rest_route=\/wp\/v2\/types\/page"}],"author":[{"embeddable":true,"href":"https:\/\/congnghebangtai.com\/index.php?rest_route=\/wp\/v2\/users\/1"}],"replies":[{"embeddable":true,"href":"https:\/\/congnghebangtai.com\/index.php?rest_route=%2Fwp%2Fv2%2Fcomments&post=3032"}],"version-history":[{"count":3,"href":"https:\/\/congnghebangtai.com\/index.php?rest_route=\/wp\/v2\/pages\/3032\/revisions"}],"predecessor-version":[{"id":3282,"href":"https:\/\/congnghebangtai.com\/index.php?rest_route=\/wp\/v2\/pages\/3032\/revisions\/3282"}],"wp:attachment":[{"href":"https:\/\/congnghebangtai.com\/index.php?rest_route=%2Fwp%2Fv2%2Fmedia&parent=3032"}],"curies":[{"name":"wp","href":"https:\/\/api.w.org\/{rel}","templated":true}]}}