{"id":3126,"date":"2025-02-04T02:49:13","date_gmt":"2025-02-04T02:49:13","guid":{"rendered":"https:\/\/congnghebangtai.com\/?page_id=3126"},"modified":"2025-03-03T09:25:03","modified_gmt":"2025-03-03T09:25:03","slug":"giai-phap-noi-bat","status":"publish","type":"page","link":"https:\/\/congnghebangtai.com\/?page_id=3126","title":{"rendered":"Gi\u1ea3i Ph\u00e1p N\u1ed5i B\u1eadt"},"content":{"rendered":"\n<p style=\"font-size:30px\"><strong>1. N\u1ed1i B\u0103ng T\u1ea3i Super Screw Si\u00eau Nhanh<\/strong><\/p>\n\n\n<style>.kadence-column3126_65dba0-a2 > .kt-inside-inner-col,.kadence-column3126_65dba0-a2 > .kt-inside-inner-col:before{border-top-left-radius:0px;border-top-right-radius:0px;border-bottom-right-radius:0px;border-bottom-left-radius:0px;}.kadence-column3126_65dba0-a2 > .kt-inside-inner-col:before{opacity:0.3;}.kadence-column3126_65dba0-a2{position:relative;}<\/style>\n<div class=\"wp-block-kadence-column kadence-column3126_65dba0-a2\"><div class=\"kt-inside-inner-col\">\n<div class=\"wp-block-columns is-layout-flex wp-container-core-columns-is-layout-9d6595d7 wp-block-columns-is-layout-flex\">\n<div class=\"wp-block-column is-layout-flow wp-block-column-is-layout-flow\"><div class=\"wp-block-image\">\n<figure class=\"aligncenter size-large is-resized\"><img fetchpriority=\"high\" decoding=\"async\" width=\"1024\" height=\"768\" src=\"https:\/\/congnghebangtai.com\/wp-content\/uploads\/2025\/02\/5E3FE714-C90C-4136-B295-5C66195524A6-1024x768.png\" alt=\"\" class=\"wp-image-3526\" style=\"width:468px;height:auto\" srcset=\"https:\/\/congnghebangtai.com\/wp-content\/uploads\/2025\/02\/5E3FE714-C90C-4136-B295-5C66195524A6-1024x768.png 1024w, https:\/\/congnghebangtai.com\/wp-content\/uploads\/2025\/02\/5E3FE714-C90C-4136-B295-5C66195524A6-300x225.png 300w, https:\/\/congnghebangtai.com\/wp-content\/uploads\/2025\/02\/5E3FE714-C90C-4136-B295-5C66195524A6-768x576.png 768w, https:\/\/congnghebangtai.com\/wp-content\/uploads\/2025\/02\/5E3FE714-C90C-4136-B295-5C66195524A6-1536x1152.png 1536w, https:\/\/congnghebangtai.com\/wp-content\/uploads\/2025\/02\/5E3FE714-C90C-4136-B295-5C66195524A6-700x525.png 700w, https:\/\/congnghebangtai.com\/wp-content\/uploads\/2025\/02\/5E3FE714-C90C-4136-B295-5C66195524A6.png 2048w\" sizes=\"(max-width: 1024px) 100vw, 1024px\" \/><\/figure>\n<\/div>\n\n\n<figure class=\"wp-block-image size-large\"><img decoding=\"async\" width=\"1024\" height=\"768\" src=\"https:\/\/congnghebangtai.com\/wp-content\/uploads\/2025\/03\/CTC-Noi-bang-tai-EP1000-2-1-1024x768.jpg\" alt=\"\" class=\"wp-image-3903\" srcset=\"https:\/\/congnghebangtai.com\/wp-content\/uploads\/2025\/03\/CTC-Noi-bang-tai-EP1000-2-1-1024x768.jpg 1024w, https:\/\/congnghebangtai.com\/wp-content\/uploads\/2025\/03\/CTC-Noi-bang-tai-EP1000-2-1-300x225.jpg 300w, https:\/\/congnghebangtai.com\/wp-content\/uploads\/2025\/03\/CTC-Noi-bang-tai-EP1000-2-1-768x576.jpg 768w, https:\/\/congnghebangtai.com\/wp-content\/uploads\/2025\/03\/CTC-Noi-bang-tai-EP1000-2-1-700x525.jpg 700w, https:\/\/congnghebangtai.com\/wp-content\/uploads\/2025\/03\/CTC-Noi-bang-tai-EP1000-2-1.jpg 1191w\" sizes=\"(max-width: 1024px) 100vw, 1024px\" \/><\/figure>\n<\/div>\n\n\n\n<div class=\"wp-block-column is-layout-flow wp-block-column-is-layout-flow\">\n<p><strong>SUPER-SCREW<\/strong> l\u00e0 m\u1ed1i n\u1ed1i c\u01a1 kh\u00ed \u0111\u1ed9t ph\u00e1 c\u1ee7a Minet-Lacing, thay th\u1ebf l\u01b0u h\u00f3a n\u1ed1i b\u0103ng t\u1ea3i. V\u1edbi ch\u1ea5t l\u01b0\u1ee3ng t\u01b0\u01a1ng \u0111\u01b0\u01a1ng l\u01b0u h\u00f3a n\u00f3ng, n\u00f3 c\u00f2n \u0111\u01b0\u1ee3c g\u1ecdi l\u00e0 l\u01b0u h\u00f3a c\u01a1 kh\u00ed. C\u00f4ng ty TNHH C\u00f4ng ngh\u1ec7 B\u0103ng T\u1ea3i l\u00e0 \u0111\u01a1n v\u1ecb ph\u00e2n ph\u1ed1i \u0111\u1ed9c quy\u1ec1n t\u1ea1i Vi\u1ec7t Nam.<\/p>\n\n\n\n<h4 class=\"wp-block-heading\">C\u1ea5u t\u1ea1o<\/h4>\n\n\n\n<ul class=\"wp-block-list\">\n<li>T\u1ea5m n\u1ed1i tr\u00ean + T\u1ea5m n\u1ed1i d\u01b0\u1edbi<\/li>\n\n\n\n<li>V\u00edt + \u0111\u1ea7u v\u00edt<\/li>\n\n\n\n<li>Spacer \u0111\u1ecbnh t\u00e2m<\/li>\n<\/ul>\n\n\n\n<h4 class=\"wp-block-heading\">\u01afu \u0111i\u1ec3m n\u1ed5i tr\u1ed9i<\/h4>\n\n\n\n<ul class=\"wp-block-list\">\n<li>V\u00e1 n\u1ed1i si\u00eau nhanh, ch\u1ec9 2 gi\u1edd\/m\u1ed1i n\u1ed1i<\/li>\n\n\n\n<li>Th\u1ef1c hi\u1ec7n trong m\u1ecdi \u0111i\u1ec1u ki\u1ec7n th\u1eddi ti\u1ebft, kh\u00f4ng gian tr\u1eadt h\u1eb9p<\/li>\n\n\n\n<li>Ch\u1ec9 c\u1ea7n 2-3 ng\u01b0\u1eddi, kh\u00f4ng y\u00eau c\u1ea7u k\u1ef9 thu\u1eadt cao<\/li>\n\n\n\n<li>B\u1ec1n b\u1ec9, c\u00f3 th\u1ec3 n\u1ed1i b\u0103ng t\u1ea3i c\u0169 v\u1edbi m\u1edbi<\/li>\n\n\n\n<li>Tu\u1ed5i th\u1ecd m\u1ed1i n\u1ed1i \u2265 tu\u1ed5i th\u1ecd b\u0103ng t\u1ea3i<\/li>\n\n\n\n<li>Kh\u00f4ng h\u01b0 h\u1ea1i do truy\u1ec1n nhi\u1ec7t, kh\u00f4ng g\u00e2y c\u1ea3n tr\u1edf b\u0103ng t\u1ea3i<\/li>\n\n\n\n<li>Kh\u00f4ng c\u1ea7n n\u0103ng l\u01b0\u1ee3ng b\u00ean ngo\u00e0i<\/li>\n\n\n\n<li>Linh ho\u1ea1t, ch\u1ecbu nhi\u1ec7t tr\u00ean 200\u00b0C<\/li>\n<\/ul>\n\n\n\n<h4 class=\"wp-block-heading\">\u0110\u1eb7c \u0111i\u1ec3m<\/h4>\n\n\n\n<ul class=\"wp-block-list\">\n<li>Ti\u1ebft ki\u1ec7m th\u1eddi gian, c\u00f4ng s\u1ee9c, d\u1ec5 di chuy\u1ec3n, l\u1eafp \u0111\u1eb7t<\/li>\n\n\n\n<li>Kh\u00f4ng c\u1ea7n nhi\u1ec1u nh\u00e2n c\u00f4ng hay thi\u1ebft b\u1ecb ph\u1ee9c t\u1ea1p<\/li>\n\n\n\n<li>S\u1eb5n l\u1ed7 b\u1eaft v\u00edt, d\u1ec5 thao t\u00e1c<\/li>\n\n\n\n<li>Linh ho\u1ea1t, th\u00edch h\u1ee3p v\u1edbi pulley nh\u1ecf, b\u0103ng t\u1ea3i c\u0169<\/li>\n\n\n\n<li>T\u00e1i s\u1eed d\u1ee5ng \u0111\u01b0\u1ee3c, ph\u00f9 h\u1ee3p \u0111\u1ecba h\u00ecnh ph\u1ee9c t\u1ea1p<\/li>\n\n\n\n<li>\u0110\u1ea3m b\u1ea3o an to\u00e0n ch\u00e1y n\u1ed5, ph\u00f9 h\u1ee3p khu v\u1ef1c h\u1ea7m l\u00f2.<\/li>\n<\/ul>\n<\/div>\n<\/div>\n<\/div><\/div>\n\n\n\n<p style=\"font-size:30px\"><strong>2.<\/strong> <strong>C\u00f4ng ngh\u1ec7 t\u1ef1 ch\u1ec9nh ch\u1ed1ng l\u1ec7ch b\u0103ng t\u1ea3i \u0111\u01a1n gi\u1ea3n v\u00e0 hi\u1ec7u qu\u1ea3 nh\u1ea5t hi\u1ec7n nay<\/strong><\/p>\n\n\n<style>.kadence-column3126_f7a00f-48 > .kt-inside-inner-col,.kadence-column3126_f7a00f-48 > .kt-inside-inner-col:before{border-top-left-radius:0px;border-top-right-radius:0px;border-bottom-right-radius:0px;border-bottom-left-radius:0px;}.kadence-column3126_f7a00f-48 > .kt-inside-inner-col:before{opacity:0.3;}.kadence-column3126_f7a00f-48{position:relative;}<\/style>\n<div class=\"wp-block-kadence-column kadence-column3126_f7a00f-48\"><div class=\"kt-inside-inner-col\"><style>.kb-image3126_cdfcc7-ad .kb-image-has-overlay:after{opacity:0.3;}<\/style>\n<div class=\"wp-block-kadence-image kb-image3126_cdfcc7-ad\"><figure class=\"aligncenter size-full\"><a href=\"https:\/\/congnghebangtai.com\/?page_id=2920\" class=\"kb-advanced-image-link\"><img decoding=\"async\" width=\"1920\" height=\"1087\" src=\"https:\/\/congnghebangtai.com\/wp-content\/uploads\/2025\/02\/banner03b-1.jpg\" alt=\"\" class=\"kb-img wp-image-3555\" srcset=\"https:\/\/congnghebangtai.com\/wp-content\/uploads\/2025\/02\/banner03b-1.jpg 1920w, https:\/\/congnghebangtai.com\/wp-content\/uploads\/2025\/02\/banner03b-1-300x170.jpg 300w, https:\/\/congnghebangtai.com\/wp-content\/uploads\/2025\/02\/banner03b-1-1024x580.jpg 1024w, https:\/\/congnghebangtai.com\/wp-content\/uploads\/2025\/02\/banner03b-1-768x435.jpg 768w, https:\/\/congnghebangtai.com\/wp-content\/uploads\/2025\/02\/banner03b-1-1536x870.jpg 1536w, https:\/\/congnghebangtai.com\/wp-content\/uploads\/2025\/02\/banner03b-1-700x396.jpg 700w\" sizes=\"(max-width: 1920px) 100vw, 1920px\" \/><\/a><\/figure><\/div>\n\n\n\n<p><strong>Con l\u0103n t\u1ef1 \u0111i\u1ec1u ch\u1ec9nh TRU-TRAC<\/strong> c\u1ee7a TRU-TRAC ROLLERS (Nam Phi) l\u00e0 gi\u1ea3i ph\u00e1p ch\u1ed1ng l\u1ec7ch b\u0103ng t\u1ea3i hi\u1ec7u qu\u1ea3 cho c\u00e1c tuy\u1ebfn b\u0103ng t\u1ea3i d\u00e0i, t\u1ea3i tr\u1ecdng l\u1edbn, t\u1ed1c \u0111\u1ed9 cao. S\u1ea3n ph\u1ea9m \u0111\u01b0\u1ee3c \u1ee9ng d\u1ee5ng r\u1ed9ng r\u00e3i trong khai kho\u00e1ng, nhi\u1ec7t \u0111i\u1ec7n, xi m\u0103ng\u2026 v\u00e0 \u0111\u00e3 c\u00f3 m\u1eb7t t\u1ea1i 67 qu\u1ed1c gia, bao g\u1ed3m Vi\u1ec7t Nam v\u1edbi c\u00e1c \u0111\u01a1n v\u1ecb nh\u01b0 C\u00f4ng ty CP Than \u0110\u00e8o Nai C\u1ecdc S\u00e1u- TKV, Nhi\u1ec7t \u0111i\u1ec7n H\u1ea3i Ph\u00f2ng, Xi m\u0103ng Nghi S\u01a1n, &#8230;..<\/p>\n\n\n\n<h4 class=\"wp-block-heading\">\u01afu \u0111i\u1ec3m n\u1ed5i b\u1eadt<\/h4>\n\n\n\n<p><strong>a. \u01afu \u0111i\u1ec3m \u0111\u1eb7c t\u00ednh<\/strong><\/p>\n\n\n\n<ul class=\"wp-block-list\">\n<li>T\u1ef1 \u0111\u1ed9ng \u0111i\u1ec1u ch\u1ec9nh l\u1ec7ch b\u0103ng t\u1ea3i s\u1ed1 1 th\u1ebf gi\u1edbi.<\/li>\n\n\n\n<li>K\u1ebft c\u1ea5u ho\u00e0n to\u00e0n b\u1eb1ng c\u01a1 kh\u00ed.<\/li>\n\n\n\n<li>Ho\u1ea1t \u0111\u1ed9ng t\u1ed1t v\u1edbi m\u1ecdi lo\u1ea1i b\u0103ng t\u1ea3i, k\u1ec3 c\u1ea3 b\u0103ng t\u1ea3i hai chi\u1ec1u, t\u1ed1c \u0111\u1ed9 cao (l\u00ean \u0111\u1ebfn 9m\/s), t\u1ea3i tr\u1ecdng l\u1edbn, r\u1ed9ng 0.4-3.2m.<\/li>\n\n\n\n<li>Kh\u00f4ng ti\u1ebfp x\u00fac v\u1edbi c\u1ea1nh b\u0103ng, tr\u00e1nh m\u00f2n r\u00e1ch m\u00e9p b\u0103ng.<\/li>\n\n\n\n<li>Tu\u1ed5i th\u1ecd cao (5-10 n\u0103m) .<\/li>\n\n\n\n<li>Kh\u00f4ng c\u1ea7n b\u1ea3o tr\u00ec b\u1ea3o d\u01b0\u1ee1ng<\/li>\n\n\n\n<li>L\u1eafp \u0111\u1eb7t linh ho\u1ea1t c\u1ea3 tr\u00ean v\u00e0 d\u01b0\u1edbi b\u0103ng t\u1ea3i, t\u0103ng tu\u1ed5i th\u1ecd khi l\u1eafp ph\u00eda tr\u00ean.<\/li>\n<\/ul>\n\n\n\n<p><strong>b. \u01afu \u0111i\u1ec3m t\u1eeb nh\u00e0 cung c\u1ea5p<\/strong><\/p>\n\n\n\n<ul class=\"wp-block-list\">\n<li>Cung c\u1ea5p t\u1eeb OEM, \u0111\u1ea1t c\u00e1c gi\u1ea3i th\u01b0\u1edfng qu\u1ed1c t\u1ebf nh\u01b0 SABS v\u00e0 STBG n\u0103m 2003.<\/li>\n\n\n\n<li>Ch\u1ee9ng minh hi\u1ec7u qu\u1ea3 t\u1ea1i 67 qu\u1ed1c gia, trong \u0111\u00f3 c\u00f3 Vi\u1ec7t Nam.<\/li>\n<\/ul>\n\n\n\n<p><strong>c. \u01afu \u0111i\u1ec3m d\u1ecbch v\u1ee5<\/strong><\/p>\n\n\n\n<ul class=\"wp-block-list\">\n<li>\u0110\u1ed9i ng\u0169 chuy\u00ean gia h\u1ed7 tr\u1ee3 l\u1eafp \u0111\u1eb7t, \u0111\u00e0o t\u1ea1o k\u1ef9 thu\u1eadt ngay t\u1ea1i c\u00f4ng tr\u01b0\u1eddng.<\/li>\n\n\n\n<li>Tr\u1ef1c ti\u1ebfp kh\u1ea3o s\u00e1t, \u0111\u01b0a ra ph\u01b0\u01a1ng \u00e1n kh\u1eafc ph\u1ee5c l\u1ec7ch b\u0103ng cho tuy\u1ebfn b\u0103ng \u0111ang ho\u1ea1t \u0111\u1ed9ng.<\/li>\n\n\n\n<li>Ch\u00ednh s\u00e1ch b\u1ea3o h\u00e0nh \u0111\u1eb7c bi\u1ec7t: n\u1ebfu kh\u00f4ng hi\u1ec7u qu\u1ea3 trong 30 ng\u00e0y, kh\u00e1ch h\u00e0ng c\u00f3 th\u1ec3 tr\u1ea3 l\u1ea1i m\u00e0 kh\u00f4ng m\u1ea5t ph\u00ed.<\/li>\n<\/ul>\n<\/div><\/div>\n\n\n\n<p style=\"font-size:30px\"><br><strong>3. H\u1ec7 Th\u1ed1ng Gi\u00e1m S\u00e1t Th\u00f4ng Minh Th\u00f4ng Qua IoT V\u00e0 Ph\u1ea7n M\u1ec1m T\u00edch H\u1ee3p<\/strong><\/p>\n\n\n<style>.kadence-column3126_cc4ad0-23 > .kt-inside-inner-col,.kadence-column3126_cc4ad0-23 > .kt-inside-inner-col:before{border-top-left-radius:0px;border-top-right-radius:0px;border-bottom-right-radius:0px;border-bottom-left-radius:0px;}.kadence-column3126_cc4ad0-23 > .kt-inside-inner-col:before{opacity:0.3;}.kadence-column3126_cc4ad0-23{position:relative;}<\/style>\n<div class=\"wp-block-kadence-column kadence-column3126_cc4ad0-23\"><div class=\"kt-inside-inner-col\">\n<div class=\"wp-block-columns is-layout-flex wp-container-core-columns-is-layout-9d6595d7 wp-block-columns-is-layout-flex\">\n<div class=\"wp-block-column is-layout-flow wp-block-column-is-layout-flow\">\n<p>Roxon, c\u00f4ng ty Ph\u1ea7n Lan, chuy\u00ean cung c\u1ea5p gi\u1ea3i ph\u00e1p x\u1eed l\u00fd v\u1eadt li\u1ec7u, \u0111\u1eb7c bi\u1ec7t l\u00e0 b\u0103ng t\u1ea3i cho ng\u00e0nh c\u00f4ng nghi\u1ec7p n\u1eb7ng. N\u1ed5i b\u1eadt v\u1edbi c\u00f4ng ngh\u1ec7 gi\u00e1m s\u00e1t HX v\u00e0 ch\u1ed1ng m\u00e0i m\u00f2n ROXDUR, Roxon gi\u00fap t\u0103ng hi\u1ec7u su\u1ea5t v\u00e0 gi\u1ea3m th\u1eddi gian ng\u1eebng ho\u1ea1t \u0111\u1ed9ng.<\/p>\n\n\n\n<p><strong>C\u00f4ng ngh\u1ec7 gi\u00e1m s\u00e1t b\u0103ng t\u1ea3i HX<\/strong><\/p>\n\n\n\n<ul class=\"wp-block-list\">\n<li>Ph\u00e1t hi\u1ec7n m\u1ecdi h\u01b0 h\u1ecfng b\u0103ng t\u1ea3i t\u1eeb n\u0103m 2009.<\/li>\n\n\n\n<li>\u1ee8ng d\u1ee5ng c\u00f4ng ngh\u1ec7 qu\u00e9t 3D v\u1edbi h\u01a1n 15 n\u0103m kinh nghi\u1ec7m.<\/li>\n\n\n\n<li>HX170: Gi\u00e1m s\u00e1t b\u0103ng t\u1ea3i ng\u1eafn g\u1ecdn nh\u1eb9, d\u1ec5 tri\u1ec3n khai.<\/li>\n\n\n\n<li>HX270: Gi\u00e1m s\u00e1t b\u0103ng t\u1ea3i d\u00e0i, t\u00edch h\u1ee3p t\u00f9y ch\u1ecdn theo d\u00f5i \u0111\u1ed9 d\u00e0y b\u0103ng t\u1ea3i.<\/li>\n<\/ul>\n\n\n\n<p><strong>\u0110\u1eb7c \u0111i\u1ec3m ch\u00ednh<\/strong><\/p>\n\n\n\n<ul class=\"wp-block-list\">\n<li>Gi\u00e1m s\u00e1t 24\/7, t\u1ef1 \u0111\u1ed9ng ph\u00e1t hi\u1ec7n h\u01b0 h\u1ecfng.<\/li>\n\n\n\n<li>Tr\u1ef1c quan h\u00f3a thi\u1ec7t h\u1ea1i 3D, gi\u00e1m s\u00e1t quang h\u1ecdc kh\u00f4ng ti\u1ebfp x\u00fac.<\/li>\n\n\n\n<li>B\u00e1o \u0111\u1ed9ng b\u1eb1ng \u00e2m thanh v\u00e0 h\u00ecnh \u1ea3nh, t\u1ef1 \u0111\u1ed9ng d\u1eebng b\u0103ng t\u1ea3i khi kh\u1ea9n c\u1ea5p.<\/li>\n\n\n\n<li>Giao di\u1ec7n tr\u1ef1c quan, ho\u1ea1t \u0111\u1ed9ng t\u1ed1t trong m\u00f4i tr\u01b0\u1eddng kh\u1eafc nghi\u1ec7t.<\/li>\n<\/ul>\n\n\n\n<p><strong>Nguy\u00ean l\u00fd ho\u1ea1t \u0111\u1ed9ng<\/strong><br>S\u1eed d\u1ee5ng laser v\u00e0 camera \u0111\u1ed9 ph\u00e2n gi\u1ea3i cao, h\u1ec7 th\u1ed1ng ki\u1ec3m tra li\u00ean t\u1ee5c, ph\u00e1t hi\u1ec7n c\u00e1c d\u1ea5u hi\u1ec7u hao m\u00f2n, t\u1eeb v\u1ebft c\u1eaft nh\u1ecf \u0111\u1ebfn h\u01b0 h\u1ecfng l\u1edbn, gi\u00fap ng\u0103n ch\u1eb7n s\u1ef1 c\u1ed1 tr\u01b0\u1edbc khi \u1ea3nh h\u01b0\u1edfng \u0111\u1ebfn s\u1ea3n xu\u1ea5t.<\/p>\n\n\n\n<p><strong>L\u1ee3i \u00edch<\/strong><br>\u2714 C\u1ea3i thi\u1ec7n an to\u00e0n &amp; gi\u1ea3m chi ph\u00ed.<br>\u2714 T\u0103ng tu\u1ed5i th\u1ecd b\u0103ng t\u1ea3i &amp; gi\u1ea3m th\u1eddi gian d\u1eebng m\u00e1y.<br>\u2714 Ph\u00e1t hi\u1ec7n ch\u00ednh x\u00e1c m\u1ecdi h\u01b0 h\u1ecfng b\u0103ng t\u1ea3i, ph\u00f9 h\u1ee3p v\u1edbi c\u1ea3 b\u0103ng b\u1ed1 v\u1ea3i &amp; b\u0103ng l\u00f5i th\u00e9p.<\/p>\n\n\n\n<p><strong>HX270 <\/strong>h\u1ed7 tr\u1ee3 b\u0103ng t\u1ea3i r\u1ed9ng t\u1edbi 2400mm, t\u1ed1c \u0111\u1ed9 10m\/s, gi\u00e1m s\u00e1t c\u1ea3 m\u1eb7t v\u1eadt li\u1ec7u &amp; m\u1eb7t s\u1ea1ch v\u1edbi hai m\u00f4-\u0111un ri\u00eang bi\u1ec7t, l\u00fd t\u01b0\u1edfng cho b\u0103ng t\u1ea3i d\u00e0i, quan tr\u1ecdng trong s\u1ea3n xu\u1ea5t.<\/p>\n<\/div>\n\n\n\n<div class=\"wp-block-column is-layout-flow wp-block-column-is-layout-flow\"><style>.kb-image3126_2c9c79-0e .kb-image-has-overlay:after{opacity:0.3;}<\/style>\n<figure class=\"wp-block-kadence-image kb-image3126_2c9c79-0e size-large\"><img loading=\"lazy\" decoding=\"async\" width=\"576\" height=\"1024\" src=\"https:\/\/congnghebangtai.com\/wp-content\/uploads\/2025\/02\/White-Simple-Mental-Health-916-Video-2-576x1024.jpg\" alt=\"\" class=\"kb-img wp-image-3561\" srcset=\"https:\/\/congnghebangtai.com\/wp-content\/uploads\/2025\/02\/White-Simple-Mental-Health-916-Video-2-576x1024.jpg 576w, https:\/\/congnghebangtai.com\/wp-content\/uploads\/2025\/02\/White-Simple-Mental-Health-916-Video-2-169x300.jpg 169w, https:\/\/congnghebangtai.com\/wp-content\/uploads\/2025\/02\/White-Simple-Mental-Health-916-Video-2-768x1365.jpg 768w, https:\/\/congnghebangtai.com\/wp-content\/uploads\/2025\/02\/White-Simple-Mental-Health-916-Video-2-864x1536.jpg 864w, https:\/\/congnghebangtai.com\/wp-content\/uploads\/2025\/02\/White-Simple-Mental-Health-916-Video-2-700x1244.jpg 700w, https:\/\/congnghebangtai.com\/wp-content\/uploads\/2025\/02\/White-Simple-Mental-Health-916-Video-2.jpg 1080w\" sizes=\"(max-width: 576px) 100vw, 576px\" \/><\/figure>\n<\/div>\n<\/div>\n<\/div><\/div>\n\n\n\n<p><\/p>\n","protected":false},"excerpt":{"rendered":"<p>1. N\u1ed1i B\u0103ng T\u1ea3i Super Screw Si\u00eau Nhanh SUPER-SCREW l\u00e0 m\u1ed1i n\u1ed1i c\u01a1 kh\u00ed \u0111\u1ed9t ph\u00e1 c\u1ee7a Minet-Lacing, thay th\u1ebf l\u01b0u h\u00f3a n\u1ed1i b\u0103ng t\u1ea3i. V\u1edbi ch\u1ea5t l\u01b0\u1ee3ng t\u01b0\u01a1ng \u0111\u01b0\u01a1ng l\u01b0u h\u00f3a n\u00f3ng, n\u00f3 c\u00f2n \u0111\u01b0\u1ee3c g\u1ecdi l\u00e0 l\u01b0u h\u00f3a c\u01a1 kh\u00ed. C\u00f4ng ty TNHH C\u00f4ng ngh\u1ec7 B\u0103ng T\u1ea3i l\u00e0 \u0111\u01a1n v\u1ecb ph\u00e2n ph\u1ed1i \u0111\u1ed9c&#8230;<\/p>\n","protected":false},"author":1,"featured_media":0,"parent":0,"menu_order":0,"comment_status":"closed","ping_status":"closed","template":"","meta":{"_kad_blocks_custom_css":"","_kad_blocks_head_custom_js":"","_kad_blocks_body_custom_js":"","_kad_blocks_footer_custom_js":"","_kad_post_transparent":"","_kad_post_title":"","_kad_post_layout":"","_kad_post_sidebar_id":"","_kad_post_content_style":"","_kad_post_vertical_padding":"","_kad_post_feature":"","_kad_post_feature_position":"","_kad_post_header":false,"_kad_post_footer":false,"footnotes":""},"class_list":["post-3126","page","type-page","status-publish","hentry"],"taxonomy_info":[],"featured_image_src_large":false,"author_info":{"display_name":"admin","author_link":"https:\/\/congnghebangtai.com\/?author=1"},"comment_info":0,"_links":{"self":[{"href":"https:\/\/congnghebangtai.com\/index.php?rest_route=\/wp\/v2\/pages\/3126","targetHints":{"allow":["GET"]}}],"collection":[{"href":"https:\/\/congnghebangtai.com\/index.php?rest_route=\/wp\/v2\/pages"}],"about":[{"href":"https:\/\/congnghebangtai.com\/index.php?rest_route=\/wp\/v2\/types\/page"}],"author":[{"embeddable":true,"href":"https:\/\/congnghebangtai.com\/index.php?rest_route=\/wp\/v2\/users\/1"}],"replies":[{"embeddable":true,"href":"https:\/\/congnghebangtai.com\/index.php?rest_route=%2Fwp%2Fv2%2Fcomments&post=3126"}],"version-history":[{"count":18,"href":"https:\/\/congnghebangtai.com\/index.php?rest_route=\/wp\/v2\/pages\/3126\/revisions"}],"predecessor-version":[{"id":3904,"href":"https:\/\/congnghebangtai.com\/index.php?rest_route=\/wp\/v2\/pages\/3126\/revisions\/3904"}],"wp:attachment":[{"href":"https:\/\/congnghebangtai.com\/index.php?rest_route=%2Fwp%2Fv2%2Fmedia&parent=3126"}],"curies":[{"name":"wp","href":"https:\/\/api.w.org\/{rel}","templated":true}]}}