{"id":3128,"date":"2025-02-04T02:49:45","date_gmt":"2025-02-04T02:49:45","guid":{"rendered":"https:\/\/congnghebangtai.com\/?page_id=3128"},"modified":"2025-02-07T07:54:16","modified_gmt":"2025-02-07T07:54:16","slug":"blog","status":"publish","type":"page","link":"https:\/\/congnghebangtai.com\/?page_id=3128","title":{"rendered":"Tin T\u1ee9c"},"content":{"rendered":"<div class=\"wp-block-kadence-posts kb-posts kb-posts-id-3128_4f8715-47 content-wrap grid-cols kb-posts-style-boxed grid-sm-col-2 grid-lg-col-3 item-image-style-above\"><article class=\"entry content-bg loop-entry post-4153 post type-post status-publish format-standard hentry category-uncategorized\">\n\t\t<div class=\"entry-content-wrap\">\n\t\t<header class=\"entry-header\">\n\t\t<div class=\"entry-taxonomies\">\n\t\t<span class=\"category-links term-links category-style-normal\">\n\t\t\t<a href=\"https:\/\/congnghebangtai.com\/?cat=1\" rel=\"category\">Uncategorized<\/a>\t\t<\/span>\n\t<\/div><!-- .entry-taxonomies -->\n\t<h2 class=\"entry-title\"><a href=\"https:\/\/congnghebangtai.com\/?p=4153\" rel=\"bookmark\">B\u1ed9 l\u1ecdc ch\u00e2n kh\u00f4ng d\u1ea1ng \u0111\u0129a PGT<\/a><\/h2>\t<div class=\"entry-meta entry-meta-divider-dot\">\n\t<span class=\"posted-by\"><span class=\"meta-label\">By<\/span><span class=\"author vcard\"><span class=\"fn n\">Nguy\u1ec5n Th\u1ecb Thu Trang<\/span><\/span><\/span>\t\t\t<span class=\"posted-on\">\n\t\t\t\t<time class=\"entry-date published updated\" datetime=\"2025-03-24T07:27:46+00:00\">Th\u00e1ng 3 24, 2025<\/time>\t\t\t<\/span>\n\t\t\t\t<\/div><!-- .entry-meta -->\n\t<\/header><!-- .entry-header -->\n\t<div class=\"entry-summary\">\n\t\t<p>\u1ee8ng d\u1ee5ng: N\u00f3 \u0111\u01b0\u1ee3c s\u1eed d\u1ee5ng \u0111\u1ec3 x\u1eed l\u00ea kh\u1eed n\u01b0\u1edbc cho c\u00e1c s\u1ea3n ph\u1ea9m r\u1eafn, l\u1ecfng v\u00e0 kim lo\u1ea1i. T\u00ednh n\u0103ng: D\u1eef li\u1ec7u k\u0129 thu\u1eadt:<\/p>\n\t<\/div><!-- .entry-summary -->\n\t<footer class=\"entry-footer\">\n\t\t\t<div class=\"entry-actions\">\n\t\t\t<p class=\"more-link-wrap\">\n\t\t\t\t<a href=\"https:\/\/congnghebangtai.com\/?p=4153\" class=\"post-more-link\">\n\t\t\t\t\tRead More<span class=\"screen-reader-text\"> B\u1ed9 l\u1ecdc ch\u00e2n kh\u00f4ng d\u1ea1ng \u0111\u0129a PGT<\/span><span class=\"kadence-svg-iconset svg-baseline\"><svg aria-hidden=\"true\" class=\"kadence-svg-icon kadence-arrow-right-alt-svg\" fill=\"currentColor\" version=\"1.1\" xmlns=\"http:\/\/www.w3.org\/2000\/svg\" width=\"27\" height=\"28\" viewBox=\"0 0 27 28\"><title>Continue<\/title><path d=\"M27 13.953c0 0.141-0.063 0.281-0.156 0.375l-6 5.531c-0.156 0.141-0.359 0.172-0.547 0.094-0.172-0.078-0.297-0.25-0.297-0.453v-3.5h-19.5c-0.281 0-0.5-0.219-0.5-0.5v-3c0-0.281 0.219-0.5 0.5-0.5h19.5v-3.5c0-0.203 0.109-0.375 0.297-0.453s0.391-0.047 0.547 0.078l6 5.469c0.094 0.094 0.156 0.219 0.156 0.359v0z\"><\/path>\n\t\t\t<\/svg><\/span>\t\t\t\t<\/a>\n\t\t\t<\/p>\n\t\t<\/div><!-- .entry-actions -->\n\t\t<\/footer><!-- .entry-footer -->\t<\/div>\n<\/article>\n<article class=\"entry content-bg loop-entry post-4149 post type-post status-publish format-standard hentry category-uncategorized\">\n\t\t<div class=\"entry-content-wrap\">\n\t\t<header class=\"entry-header\">\n\t\t<div class=\"entry-taxonomies\">\n\t\t<span class=\"category-links term-links category-style-normal\">\n\t\t\t<a href=\"https:\/\/congnghebangtai.com\/?cat=1\" rel=\"category\">Uncategorized<\/a>\t\t<\/span>\n\t<\/div><!-- .entry-taxonomies -->\n\t<h2 class=\"entry-title\"><a href=\"https:\/\/congnghebangtai.com\/?p=4149\" rel=\"bookmark\">B\u1ed9 l\u1ecdc ch\u00e2n kh\u00f4ng t\u1eeb t\u00ednh v\u0129nh c\u1eedu d\u00f2ng GYW<\/a><\/h2>\t<div class=\"entry-meta entry-meta-divider-dot\">\n\t<span class=\"posted-by\"><span class=\"meta-label\">By<\/span><span class=\"author vcard\"><span class=\"fn n\">Nguy\u1ec5n Th\u1ecb Thu Trang<\/span><\/span><\/span>\t\t\t<span class=\"posted-on\">\n\t\t\t\t<time class=\"entry-date published updated\" datetime=\"2025-03-24T07:24:08+00:00\">Th\u00e1ng 3 24, 2025<\/time>\t\t\t<\/span>\n\t\t\t\t<\/div><!-- .entry-meta -->\n\t<\/header><!-- .entry-header -->\n\t<div class=\"entry-summary\">\n\t\t<p>\u1ee8ng d\u1ee5ng: M\u00e1y n\u00e0y l\u00e0 m\u00e1y l\u1ecdc nam ch\u00e2m v\u01adnh c\u1eedu ch\u00e2n kh\u00f4ng, c\u1ea5p li\u1ec7u h\u01b0\u1edbng l\u00ean tr\u00ean, l\u1ecdc b\u00ean ngo\u00e0i v\u00e0 d\u1ea1ng xi lanh. M\u00e1y n\u00e0y ch\u1ee7 y\u1ebfu th\u00edch h\u1ee3p \u0111\u1ec3 kh\u1eed n\u01b0\u1edbc c\u00e1c v\u1eadt li\u1ec7u t\u1eeb t\u00ednh c\u00f3 h\u1ea1t t\u01b0\u01a1ng \u0111\u1ed1i th\u00f4. T\u00ednh n\u0103ng: D\u1eef li\u1ec7u k\u0129 thu\u1eadt:<\/p>\n\t<\/div><!-- .entry-summary -->\n\t<footer class=\"entry-footer\">\n\t\t\t<div class=\"entry-actions\">\n\t\t\t<p class=\"more-link-wrap\">\n\t\t\t\t<a href=\"https:\/\/congnghebangtai.com\/?p=4149\" class=\"post-more-link\">\n\t\t\t\t\tRead More<span class=\"screen-reader-text\"> B\u1ed9 l\u1ecdc ch\u00e2n kh\u00f4ng t\u1eeb t\u00ednh v\u0129nh c\u1eedu d\u00f2ng GYW<\/span><span class=\"kadence-svg-iconset svg-baseline\"><svg aria-hidden=\"true\" class=\"kadence-svg-icon kadence-arrow-right-alt-svg\" fill=\"currentColor\" version=\"1.1\" xmlns=\"http:\/\/www.w3.org\/2000\/svg\" width=\"27\" height=\"28\" viewBox=\"0 0 27 28\"><title>Continue<\/title><path d=\"M27 13.953c0 0.141-0.063 0.281-0.156 0.375l-6 5.531c-0.156 0.141-0.359 0.172-0.547 0.094-0.172-0.078-0.297-0.25-0.297-0.453v-3.5h-19.5c-0.281 0-0.5-0.219-0.5-0.5v-3c0-0.281 0.219-0.5 0.5-0.5h19.5v-3.5c0-0.203 0.109-0.375 0.297-0.453s0.391-0.047 0.547 0.078l6 5.469c0.094 0.094 0.156 0.219 0.156 0.359v0z\"><\/path>\n\t\t\t<\/svg><\/span>\t\t\t\t<\/a>\n\t\t\t<\/p>\n\t\t<\/div><!-- .entry-actions -->\n\t\t<\/footer><!-- .entry-footer -->\t<\/div>\n<\/article>\n<article class=\"entry content-bg loop-entry post-4145 post type-post status-publish format-standard hentry category-uncategorized\">\n\t\t<div class=\"entry-content-wrap\">\n\t\t<header class=\"entry-header\">\n\t\t<div class=\"entry-taxonomies\">\n\t\t<span class=\"category-links term-links category-style-normal\">\n\t\t\t<a href=\"https:\/\/congnghebangtai.com\/?cat=1\" rel=\"category\">Uncategorized<\/a>\t\t<\/span>\n\t<\/div><!-- .entry-taxonomies -->\n\t<h2 class=\"entry-title\"><a href=\"https:\/\/congnghebangtai.com\/?p=4145\" rel=\"bookmark\">M\u00e1y kh\u1eed t\u1eeb xung t\u1ea7n s\u1ed1 cao d\u00f2ng MGT<\/a><\/h2>\t<div class=\"entry-meta entry-meta-divider-dot\">\n\t<span class=\"posted-by\"><span class=\"meta-label\">By<\/span><span class=\"author vcard\"><span class=\"fn n\">Nguy\u1ec5n Th\u1ecb Thu Trang<\/span><\/span><\/span>\t\t\t<span class=\"posted-on\">\n\t\t\t\t<time class=\"entry-date published updated\" datetime=\"2025-03-24T07:20:31+00:00\">Th\u00e1ng 3 24, 2025<\/time>\t\t\t<\/span>\n\t\t\t\t<\/div><!-- .entry-meta -->\n\t<\/header><!-- .entry-header -->\n\t<div class=\"entry-summary\">\n\t\t<p>\u1ee8ng d\u1ee5ng: M\u00e1y kh\u1eed t\u1eeb xung d\u00f2ng GMT, t\u00e1c d\u1ee5ng c\u1ee7a n\u00f3 l\u00e0 lo\u1ea1i b\u1ecfc\u00e1c kho\u00e1ng ch\u1ea5t s\u1eaft t\u1eeb c\u00f2n s\u00f3t l\u1ea1i v\u00e0 ph\u00e1 v\u1ee1 qu\u00e1 tr\u00ecnh k\u1ebft b\u00f4ng t\u1eeb t\u00ednh. N\u00f3 \u0111\u01b0\u1ee3c s\u1eed d\u1ee5ng r\u1ed9ng r\u00e3i trong qu\u00e1 tr\u00ecnh s\u00e0ng l\u1ecdc c\u1ee7a nh\u00e0 m\u00e1y t\u00e1ch t\u1eeb v\u00e0 kh\u1eed t\u1eeb tr\u01b0\u1edbc khi l\u1ecdc, c\u00f3 th\u1ec3&#8230;<\/p>\n\t<\/div><!-- .entry-summary -->\n\t<footer class=\"entry-footer\">\n\t\t\t<div class=\"entry-actions\">\n\t\t\t<p class=\"more-link-wrap\">\n\t\t\t\t<a href=\"https:\/\/congnghebangtai.com\/?p=4145\" class=\"post-more-link\">\n\t\t\t\t\tRead More<span class=\"screen-reader-text\"> M\u00e1y kh\u1eed t\u1eeb xung t\u1ea7n s\u1ed1 cao d\u00f2ng MGT<\/span><span class=\"kadence-svg-iconset svg-baseline\"><svg aria-hidden=\"true\" class=\"kadence-svg-icon kadence-arrow-right-alt-svg\" fill=\"currentColor\" version=\"1.1\" xmlns=\"http:\/\/www.w3.org\/2000\/svg\" width=\"27\" height=\"28\" viewBox=\"0 0 27 28\"><title>Continue<\/title><path d=\"M27 13.953c0 0.141-0.063 0.281-0.156 0.375l-6 5.531c-0.156 0.141-0.359 0.172-0.547 0.094-0.172-0.078-0.297-0.25-0.297-0.453v-3.5h-19.5c-0.281 0-0.5-0.219-0.5-0.5v-3c0-0.281 0.219-0.5 0.5-0.5h19.5v-3.5c0-0.203 0.109-0.375 0.297-0.453s0.391-0.047 0.547 0.078l6 5.469c0.094 0.094 0.156 0.219 0.156 0.359v0z\"><\/path>\n\t\t\t<\/svg><\/span>\t\t\t\t<\/a>\n\t\t\t<\/p>\n\t\t<\/div><!-- .entry-actions -->\n\t\t<\/footer><!-- .entry-footer -->\t<\/div>\n<\/article>\n<article class=\"entry content-bg loop-entry post-4141 post type-post status-publish format-standard hentry category-uncategorized\">\n\t\t<div class=\"entry-content-wrap\">\n\t\t<header class=\"entry-header\">\n\t\t<div class=\"entry-taxonomies\">\n\t\t<span class=\"category-links term-links category-style-normal\">\n\t\t\t<a href=\"https:\/\/congnghebangtai.com\/?cat=1\" rel=\"category\">Uncategorized<\/a>\t\t<\/span>\n\t<\/div><!-- .entry-taxonomies -->\n\t<h2 class=\"entry-title\"><a href=\"https:\/\/congnghebangtai.com\/?p=4141\" rel=\"bookmark\">M\u00e1y t\u00e1ch nh\u1edbt t\u1eeb t\u00ednh<\/a><\/h2>\t<div class=\"entry-meta entry-meta-divider-dot\">\n\t<span class=\"posted-by\"><span class=\"meta-label\">By<\/span><span class=\"author vcard\"><span class=\"fn n\">Nguy\u1ec5n Th\u1ecb Thu Trang<\/span><\/span><\/span>\t\t\t<span class=\"posted-on\">\n\t\t\t\t<time class=\"entry-date published updated\" datetime=\"2025-03-24T07:17:51+00:00\">Th\u00e1ng 3 24, 2025<\/time>\t\t\t<\/span>\n\t\t\t\t<\/div><!-- .entry-meta -->\n\t<\/header><!-- .entry-header -->\n\t<div class=\"entry-summary\">\n\t\t<p>\u1ee8ng d\u1ee5ng: M\u00e1y t\u00e1ch b\u00f9n t\u1eeb t\u00ednh c\u00f2n \u0111\u01b0\u1ee3c g\u1ecdi l\u00e0 b\u1ec3 t\u00e1ch n\u01b0\u1edbc t\u1eeb t\u00ednh. \u0110\u00e2y l\u00e0 m\u1ed9t lo\u1ea1i thi\u1ebft b\u1ecb t\u00e1ch c\u00f3 t\u00e1c d\u1ee5ng k\u1ebft h\u1ee3p c\u1ee7a tr\u1ecdng l\u1ef1c v\u00e0 l\u1ef1c t\u1eeb, \u0111\u01b0\u1ee3c s\u1eed d\u1ee5ng r\u1ed9ng r\u00e3i trong c\u00f4ng ngh\u1ec7 t\u00e1ch t\u1eeb t\u00ednh \u0111\u1ec3 lo\u1ea1i b\u1ecf b\u00f9n v\u00e0 t\u1ea1p ch\u1ea5t h\u1ea1t m\u1ecbn, v\u00e0&#8230;<\/p>\n\t<\/div><!-- .entry-summary -->\n\t<footer class=\"entry-footer\">\n\t\t\t<div class=\"entry-actions\">\n\t\t\t<p class=\"more-link-wrap\">\n\t\t\t\t<a href=\"https:\/\/congnghebangtai.com\/?p=4141\" class=\"post-more-link\">\n\t\t\t\t\tRead More<span class=\"screen-reader-text\"> M\u00e1y t\u00e1ch nh\u1edbt t\u1eeb t\u00ednh<\/span><span class=\"kadence-svg-iconset svg-baseline\"><svg aria-hidden=\"true\" class=\"kadence-svg-icon kadence-arrow-right-alt-svg\" fill=\"currentColor\" version=\"1.1\" xmlns=\"http:\/\/www.w3.org\/2000\/svg\" width=\"27\" height=\"28\" viewBox=\"0 0 27 28\"><title>Continue<\/title><path d=\"M27 13.953c0 0.141-0.063 0.281-0.156 0.375l-6 5.531c-0.156 0.141-0.359 0.172-0.547 0.094-0.172-0.078-0.297-0.25-0.297-0.453v-3.5h-19.5c-0.281 0-0.5-0.219-0.5-0.5v-3c0-0.281 0.219-0.5 0.5-0.5h19.5v-3.5c0-0.203 0.109-0.375 0.297-0.453s0.391-0.047 0.547 0.078l6 5.469c0.094 0.094 0.156 0.219 0.156 0.359v0z\"><\/path>\n\t\t\t<\/svg><\/span>\t\t\t\t<\/a>\n\t\t\t<\/p>\n\t\t<\/div><!-- .entry-actions -->\n\t\t<\/footer><!-- .entry-footer -->\t<\/div>\n<\/article>\n<article class=\"entry content-bg loop-entry post-4137 post type-post status-publish format-standard hentry category-uncategorized\">\n\t\t<div class=\"entry-content-wrap\">\n\t\t<header class=\"entry-header\">\n\t\t<div class=\"entry-taxonomies\">\n\t\t<span class=\"category-links term-links category-style-normal\">\n\t\t\t<a href=\"https:\/\/congnghebangtai.com\/?cat=1\" rel=\"category\">Uncategorized<\/a>\t\t<\/span>\n\t<\/div><!-- .entry-taxonomies -->\n\t<h2 class=\"entry-title\"><a href=\"https:\/\/congnghebangtai.com\/?p=4137\" rel=\"bookmark\">M\u00e1y h\u00ecnh rung \u0111i\u1ec7n t\u1eeb t\u1ea7n s\u1ed1 cao<\/a><\/h2>\t<div class=\"entry-meta entry-meta-divider-dot\">\n\t<span class=\"posted-by\"><span class=\"meta-label\">By<\/span><span class=\"author vcard\"><span class=\"fn n\">Nguy\u1ec5n Th\u1ecb Thu Trang<\/span><\/span><\/span>\t\t\t<span class=\"posted-on\">\n\t\t\t\t<time class=\"entry-date published updated\" datetime=\"2025-03-24T07:15:22+00:00\">Th\u00e1ng 3 24, 2025<\/time>\t\t\t<\/span>\n\t\t\t\t<\/div><!-- .entry-meta -->\n\t<\/header><!-- .entry-header -->\n\t<div class=\"entry-summary\">\n\t\t<p>\u1ee8ng d\u1ee5ng: \u0110\u01b0\u1ee3c \u00e1p d\u1ee5ng \u0111\u1ec3 s\u00e0ng l\u1ecdc, ph\u00e2n lo\u1ea1i, kh\u1eed n\u01b0\u1edbc c\u00e1c v\u1eadt li\u1ec7u kh\u00f4 v\u00e0 \u01b0\u1edbt.T\u00ednh n\u0103ng: D\u1eef li\u1ec7u k\u0129 thu\u1eadt: Ghi tr\u00fa: K\u00edch th\u01b0\u1edbc c\u00f3 th\u1ec3 thay \u0111\u1ed5i theo y\u00eau c\u1ea7u c\u1ee7a ng\u01b0\u1eddi d\u00f9ng.<\/p>\n\t<\/div><!-- .entry-summary -->\n\t<footer class=\"entry-footer\">\n\t\t\t<div class=\"entry-actions\">\n\t\t\t<p class=\"more-link-wrap\">\n\t\t\t\t<a href=\"https:\/\/congnghebangtai.com\/?p=4137\" class=\"post-more-link\">\n\t\t\t\t\tRead More<span class=\"screen-reader-text\"> M\u00e1y h\u00ecnh rung \u0111i\u1ec7n t\u1eeb t\u1ea7n s\u1ed1 cao<\/span><span class=\"kadence-svg-iconset svg-baseline\"><svg aria-hidden=\"true\" class=\"kadence-svg-icon kadence-arrow-right-alt-svg\" fill=\"currentColor\" version=\"1.1\" xmlns=\"http:\/\/www.w3.org\/2000\/svg\" width=\"27\" height=\"28\" viewBox=\"0 0 27 28\"><title>Continue<\/title><path d=\"M27 13.953c0 0.141-0.063 0.281-0.156 0.375l-6 5.531c-0.156 0.141-0.359 0.172-0.547 0.094-0.172-0.078-0.297-0.25-0.297-0.453v-3.5h-19.5c-0.281 0-0.5-0.219-0.5-0.5v-3c0-0.281 0.219-0.5 0.5-0.5h19.5v-3.5c0-0.203 0.109-0.375 0.297-0.453s0.391-0.047 0.547 0.078l6 5.469c0.094 0.094 0.156 0.219 0.156 0.359v0z\"><\/path>\n\t\t\t<\/svg><\/span>\t\t\t\t<\/a>\n\t\t\t<\/p>\n\t\t<\/div><!-- .entry-actions -->\n\t\t<\/footer><!-- .entry-footer -->\t<\/div>\n<\/article>\n<article class=\"entry content-bg loop-entry post-4133 post type-post status-publish format-standard hentry category-uncategorized\">\n\t\t<div class=\"entry-content-wrap\">\n\t\t<header class=\"entry-header\">\n\t\t<div class=\"entry-taxonomies\">\n\t\t<span class=\"category-links term-links category-style-normal\">\n\t\t\t<a href=\"https:\/\/congnghebangtai.com\/?cat=1\" rel=\"category\">Uncategorized<\/a>\t\t<\/span>\n\t<\/div><!-- .entry-taxonomies -->\n\t<h2 class=\"entry-title\"><a href=\"https:\/\/congnghebangtai.com\/?p=4133\" rel=\"bookmark\">M\u00e1y s\u00e0ng rung t\u1ea7n s\u1ed1 cao DGS<\/a><\/h2>\t<div class=\"entry-meta entry-meta-divider-dot\">\n\t<span class=\"posted-by\"><span class=\"meta-label\">By<\/span><span class=\"author vcard\"><span class=\"fn n\">Nguy\u1ec5n Th\u1ecb Thu Trang<\/span><\/span><\/span>\t\t\t<span class=\"posted-on\">\n\t\t\t\t<time class=\"entry-date published updated\" datetime=\"2025-03-24T07:12:50+00:00\">Th\u00e1ng 3 24, 2025<\/time>\t\t\t<\/span>\n\t\t\t\t<\/div><!-- .entry-meta -->\n\t<\/header><!-- .entry-header -->\n\t<div class=\"entry-summary\">\n\t\t<p>\u1ee8ng d\u1ee5ng: M\u00e1y s\u00e0ng rung \u0111\u01b0\u1ee3c s\u1eed d\u1ee5ng r\u1ed9ng r\u00e3i trong c\u00e1c ng\u00e0nh khai th\u00e1c m\u1ecf, v\u1eadt li\u1ec7u x\u00e2y d\u1ef1ng, v\u1eadn t\u1ea3i, n\u0103ng l\u01b0\u1ee3ng, h\u00f3a ch\u1ea5t, v.v. \u0111\u1ec3 ph\u00e2n lo\u1ea1i s\u1ea3n ph\u1ea9m. T\u00ednh n\u0103ng: D\u1eef li\u1ec7u k\u0129 thu\u1eadt: Ghi tr\u00fa: K\u00edch th\u01b0\u1edbc c\u00f3 th\u1ec3 thay \u0111\u1ed5i theo nhu c\u1ea7u c\u1ee7a ng\u01b0\u1eddi d\u00f9ng.<\/p>\n\t<\/div><!-- .entry-summary -->\n\t<footer class=\"entry-footer\">\n\t\t\t<div class=\"entry-actions\">\n\t\t\t<p class=\"more-link-wrap\">\n\t\t\t\t<a href=\"https:\/\/congnghebangtai.com\/?p=4133\" class=\"post-more-link\">\n\t\t\t\t\tRead More<span class=\"screen-reader-text\"> M\u00e1y s\u00e0ng rung t\u1ea7n s\u1ed1 cao DGS<\/span><span class=\"kadence-svg-iconset svg-baseline\"><svg aria-hidden=\"true\" class=\"kadence-svg-icon kadence-arrow-right-alt-svg\" fill=\"currentColor\" version=\"1.1\" xmlns=\"http:\/\/www.w3.org\/2000\/svg\" width=\"27\" height=\"28\" viewBox=\"0 0 27 28\"><title>Continue<\/title><path d=\"M27 13.953c0 0.141-0.063 0.281-0.156 0.375l-6 5.531c-0.156 0.141-0.359 0.172-0.547 0.094-0.172-0.078-0.297-0.25-0.297-0.453v-3.5h-19.5c-0.281 0-0.5-0.219-0.5-0.5v-3c0-0.281 0.219-0.5 0.5-0.5h19.5v-3.5c0-0.203 0.109-0.375 0.297-0.453s0.391-0.047 0.547 0.078l6 5.469c0.094 0.094 0.156 0.219 0.156 0.359v0z\"><\/path>\n\t\t\t<\/svg><\/span>\t\t\t\t<\/a>\n\t\t\t<\/p>\n\t\t<\/div><!-- .entry-actions -->\n\t\t<\/footer><!-- .entry-footer -->\t<\/div>\n<\/article>\n<\/div>\n\n\n<p><\/p>\n","protected":false},"excerpt":{"rendered":"","protected":false},"author":1,"featured_media":0,"parent":0,"menu_order":0,"comment_status":"closed","ping_status":"closed","template":"","meta":{"_kad_blocks_custom_css":"","_kad_blocks_head_custom_js":"","_kad_blocks_body_custom_js":"","_kad_blocks_footer_custom_js":"","_kad_post_transparent":"","_kad_post_title":"","_kad_post_layout":"","_kad_post_sidebar_id":"","_kad_post_content_style":"","_kad_post_vertical_padding":"","_kad_post_feature":"","_kad_post_feature_position":"","_kad_post_header":false,"_kad_post_footer":false,"footnotes":""},"class_list":["post-3128","page","type-page","status-publish","hentry"],"taxonomy_info":[],"featured_image_src_large":false,"author_info":{"display_name":"admin","author_link":"https:\/\/congnghebangtai.com\/?author=1"},"comment_info":0,"_links":{"self":[{"href":"https:\/\/congnghebangtai.com\/index.php?rest_route=\/wp\/v2\/pages\/3128","targetHints":{"allow":["GET"]}}],"collection":[{"href":"https:\/\/congnghebangtai.com\/index.php?rest_route=\/wp\/v2\/pages"}],"about":[{"href":"https:\/\/congnghebangtai.com\/index.php?rest_route=\/wp\/v2\/types\/page"}],"author":[{"embeddable":true,"href":"https:\/\/congnghebangtai.com\/index.php?rest_route=\/wp\/v2\/users\/1"}],"replies":[{"embeddable":true,"href":"https:\/\/congnghebangtai.com\/index.php?rest_route=%2Fwp%2Fv2%2Fcomments&post=3128"}],"version-history":[{"count":4,"href":"https:\/\/congnghebangtai.com\/index.php?rest_route=\/wp\/v2\/pages\/3128\/revisions"}],"predecessor-version":[{"id":3518,"href":"https:\/\/congnghebangtai.com\/index.php?rest_route=\/wp\/v2\/pages\/3128\/revisions\/3518"}],"wp:attachment":[{"href":"https:\/\/congnghebangtai.com\/index.php?rest_route=%2Fwp%2Fv2%2Fmedia&parent=3128"}],"curies":[{"name":"wp","href":"https:\/\/api.w.org\/{rel}","templated":true}]}}