{"id":3132,"date":"2025-02-04T02:50:32","date_gmt":"2025-02-04T02:50:32","guid":{"rendered":"https:\/\/congnghebangtai.com\/?page_id=3132"},"modified":"2025-02-20T04:33:44","modified_gmt":"2025-02-20T04:33:44","slug":"chinh-sach","status":"publish","type":"page","link":"https:\/\/congnghebangtai.com\/?page_id=3132","title":{"rendered":"Ch\u00ednh S\u00e1ch &amp; Ph\u00e1p L\u00fd"},"content":{"rendered":"\n<p class=\"has-large-font-size\">\ud83d\udd12 Ch\u00ednh S\u00e1ch B\u1ea3o M\u1eadt Th\u00f4ng Tin<\/p>\n\n\n\n<ul class=\"wp-block-list\">\n<li class=\"has-medium-font-size\"><em>Ch\u00fang t\u00f4i cam k\u1ebft b\u1ea3o m\u1eadt th\u00f4ng tin kh\u00e1ch h\u00e0ng theo ch\u00ednh s\u00e1ch b\u1ea3o v\u1ec7 d\u1eef li\u1ec7u.<\/em><\/li>\n\n\n\n<li class=\"has-medium-font-size\"><em>Th\u00f4ng tin c\u00e1 nh\u00e2n ch\u1ec9 \u0111\u01b0\u1ee3c s\u1eed d\u1ee5ng cho m\u1ee5c \u0111\u00edch giao d\u1ecbch, h\u1ed7 tr\u1ee3 b\u1ea3o h\u00e0nh v\u00e0 n\u00e2ng cao d\u1ecbch v\u1ee5.<\/em><\/li>\n<\/ul>\n\n\n\n<p class=\"has-large-font-size\">&nbsp;\ud83d\uddc2 \u0110i\u1ec1u Kho\u1ea3n S\u1eed D\u1ee5ng D\u1ecbch V\u1ee5<\/p>\n\n\n\n<ul class=\"wp-block-list\">\n<li class=\"has-medium-font-size\"><em>Vi\u1ec7c mua h\u00e0ng \u0111\u1ed3ng ngh\u0129a v\u1edbi vi\u1ec7c kh\u00e1ch h\u00e0ng \u0111\u00e3 \u0111\u1ecdc, hi\u1ec3u v\u00e0 \u0111\u1ed3ng \u00fd v\u1edbi c\u00e1c \u0111i\u1ec1u kho\u1ea3n d\u1ecbch v\u1ee5.<\/em><\/li>\n\n\n\n<li class=\"has-medium-font-size\"><em>Kh\u00e1ch h\u00e0ng c\u1ea7n tu\u00e2n th\u1ee7 h\u01b0\u1edbng d\u1eabn v\u1eadn h\u00e0nh \u0111\u1ec3 \u0111\u1ea3m b\u1ea3o hi\u1ec7u su\u1ea5t v\u00e0 tu\u1ed5i th\u1ecd s\u1ea3n ph\u1ea9m.<\/em><\/li>\n<\/ul>\n\n\n\n<p class=\"has-large-font-size\">\ud83d\udcb0&nbsp;H\u01b0\u1edbng D\u1eabn Thanh To\u00e1n<\/p>\n\n\n\n<ul class=\"wp-block-list\">\n<li class=\"has-medium-font-size\"><em>H\u1ed7 tr\u1ee3 nhi\u1ec1u ph\u01b0\u01a1ng th\u1ee9c thanh to\u00e1n linh ho\u1ea1t, bao g\u1ed3m tr\u1ea3 tr\u01b0\u1edbc, \u0111\u1eb7t c\u1ecdc v\u00e0 thanh to\u00e1n theo th\u1ecfa thu\u1eadn theo t\u1eebng h\u1ee3p \u0111\u1ed3ng.<\/em><\/li>\n\n\n\n<li class=\"has-medium-font-size\"><em>Thanh to\u00e1n qua chuy\u1ec3n kho\u1ea3n ng\u00e2n h\u00e0ng.<\/em><\/li>\n\n\n\n<li class=\"has-medium-font-size\"><em>Ch\u00ednh s\u00e1ch c\u1ee5 th\u1ec3 s\u1ebd \u0111\u01b0\u1ee3c \u0111\u00e0m ph\u00e1n tr\u01b0\u1edbc khi k\u00fd h\u1ee3p \u0111\u1ed3ng<\/em>.<\/li>\n<\/ul>\n\n\n\n<p class=\"has-large-font-size\">\ud83d\ude9a Th\u00f4ng Tin V\u1eadn Chuy\u1ec3n V\u00e0 Giao Nh\u1eadn<\/p>\n\n\n\n<ul class=\"wp-block-list\">\n<li class=\"has-medium-font-size\"><em>Th\u1eddi gian giao h\u00e0ng t\u1eeb c\u00f3 s\u1eb5n \u0111\u1ebfn 30 &#8211; 100 ng\u00e0y, t\u00f9y theo m\u1eb7t h\u00e0ng, s\u1ed1 l\u01b0\u1ee3ng v\u00e0 \u0111\u1ecba \u0111i\u1ec3m nh\u1eadn h\u00e0ng.<\/em><\/li>\n\n\n\n<li class=\"has-medium-font-size\"><em>M\u1ed9t s\u1ed1 s\u1ea3n ph\u1ea9m lu\u00f4n c\u00f3 s\u1eb5n trong kho, kh\u00e1ch h\u00e0ng c\u00f3 th\u1ec3 li\u00ean h\u1ec7 \u0111\u1ec3 ki\u1ec3m tra t\u00ecnh tr\u1ea1ng h\u00e0ng.<\/em><\/li>\n\n\n\n<li class=\"has-medium-font-size\"><em>H\u1ed7 tr\u1ee3 v\u1eadn chuy\u1ec3n to\u00e0n qu\u1ed1c theo y\u00eau c\u1ea7u.<\/em><\/li>\n\n\n\n<li class=\"has-medium-font-size\"><em>Kh\u00e1ch h\u00e0ng vui l\u00f2ng ki\u1ec3m tra h\u00e0ng ngay khi nh\u1eadn \u0111\u1ec3 \u0111\u1ea3m b\u1ea3o \u0111\u1ea7y \u0111\u1ee7 v\u00e0 \u0111\u00fang ti\u00eau chu\u1ea9n.<\/em><\/li>\n<\/ul>\n\n\n\n<p class=\"has-larger-font-size\" style=\"letter-spacing:1.5px;text-transform:uppercase\">\u260e Li\u00ean h\u1ec7 ngay \u0111\u1ec3 \u0111\u01b0\u1ee3c t\u01b0 v\u1ea5n chi ti\u1ebft!<\/p>\n\n\n\n<p><\/p>\n","protected":false},"excerpt":{"rendered":"<p>\ud83d\udd12 Ch\u00ednh S\u00e1ch B\u1ea3o M\u1eadt Th\u00f4ng Tin &nbsp;\ud83d\uddc2 \u0110i\u1ec1u Kho\u1ea3n S\u1eed D\u1ee5ng D\u1ecbch V\u1ee5 \ud83d\udcb0&nbsp;H\u01b0\u1edbng D\u1eabn Thanh To\u00e1n \ud83d\ude9a Th\u00f4ng Tin V\u1eadn Chuy\u1ec3n V\u00e0 Giao Nh\u1eadn \u260e Li\u00ean h\u1ec7 ngay \u0111\u1ec3 \u0111\u01b0\u1ee3c t\u01b0 v\u1ea5n chi ti\u1ebft!<\/p>\n","protected":false},"author":1,"featured_media":0,"parent":0,"menu_order":0,"comment_status":"closed","ping_status":"closed","template":"","meta":{"_kad_blocks_custom_css":"","_kad_blocks_head_custom_js":"","_kad_blocks_body_custom_js":"","_kad_blocks_footer_custom_js":"","_kad_post_transparent":"","_kad_post_title":"","_kad_post_layout":"","_kad_post_sidebar_id":"","_kad_post_content_style":"","_kad_post_vertical_padding":"","_kad_post_feature":"","_kad_post_feature_position":"","_kad_post_header":false,"_kad_post_footer":false,"footnotes":""},"class_list":["post-3132","page","type-page","status-publish","hentry"],"taxonomy_info":[],"featured_image_src_large":false,"author_info":{"display_name":"admin","author_link":"https:\/\/congnghebangtai.com\/?author=1"},"comment_info":0,"_links":{"self":[{"href":"https:\/\/congnghebangtai.com\/index.php?rest_route=\/wp\/v2\/pages\/3132","targetHints":{"allow":["GET"]}}],"collection":[{"href":"https:\/\/congnghebangtai.com\/index.php?rest_route=\/wp\/v2\/pages"}],"about":[{"href":"https:\/\/congnghebangtai.com\/index.php?rest_route=\/wp\/v2\/types\/page"}],"author":[{"embeddable":true,"href":"https:\/\/congnghebangtai.com\/index.php?rest_route=\/wp\/v2\/users\/1"}],"replies":[{"embeddable":true,"href":"https:\/\/congnghebangtai.com\/index.php?rest_route=%2Fwp%2Fv2%2Fcomments&post=3132"}],"version-history":[{"count":3,"href":"https:\/\/congnghebangtai.com\/index.php?rest_route=\/wp\/v2\/pages\/3132\/revisions"}],"predecessor-version":[{"id":3205,"href":"https:\/\/congnghebangtai.com\/index.php?rest_route=\/wp\/v2\/pages\/3132\/revisions\/3205"}],"wp:attachment":[{"href":"https:\/\/congnghebangtai.com\/index.php?rest_route=%2Fwp%2Fv2%2Fmedia&parent=3132"}],"curies":[{"name":"wp","href":"https:\/\/api.w.org\/{rel}","templated":true}]}}