{"id":3180,"date":"2025-02-04T06:39:29","date_gmt":"2025-02-04T06:39:29","guid":{"rendered":"https:\/\/congnghebangtai.com\/?page_id=3180"},"modified":"2025-03-04T08:10:52","modified_gmt":"2025-03-04T08:10:52","slug":"thiet-ke-va-lap-dat-he-thong-bang-tai-theo-yeu-cau","status":"publish","type":"page","link":"https:\/\/congnghebangtai.com\/?page_id=3180","title":{"rendered":"Thi\u1ebft K\u1ebf V\u00e0 L\u1eafp \u0110\u1eb7t H\u1ec7 Th\u1ed1ng B\u0103ng T\u1ea3i Theo Y\u00eau C\u1ea7u"},"content":{"rendered":"\n<p>Ch\u00fang t\u00f4i cung c\u1ea5p d\u1ecbch v\u1ee5 <strong>thi\u1ebft k\u1ebf v\u00e0 l\u1eafp \u0111\u1eb7t h\u1ec7 th\u1ed1ng b\u0103ng t\u1ea3i<\/strong> theo y\u00eau c\u1ea7u, \u0111\u00e1p \u1ee9ng m\u1ecdi ti\u00eau chu\u1ea9n k\u1ef9 thu\u1eadt v\u00e0 ph\u00f9 h\u1ee3p v\u1edbi t\u1eebng nhu c\u1ea7u v\u1eadn h\u00e0nh c\u1ee7a doanh nghi\u1ec7p. V\u1edbi \u0111\u1ed9i ng\u0169 k\u1ef9 s\u01b0 gi\u00e0u kinh nghi\u1ec7m v\u00e0 s\u1ef1 h\u1ed7 tr\u1ee3 t\u1eeb c\u00e1c h\u00e3ng b\u0103ng t\u1ea3i h\u00e0ng \u0111\u1ea7u th\u1ebf gi\u1edbi, ch\u00fang t\u00f4i cam k\u1ebft mang \u0111\u1ebfn c\u00e1c gi\u1ea3i ph\u00e1p t\u1ed1i \u01b0u, gi\u00fap t\u1ed1i \u0111a h\u00f3a hi\u1ec7u su\u1ea5t v\u1eadn h\u00e0nh v\u00e0 gi\u1ea3m thi\u1ec3u chi ph\u00ed b\u1ea3o tr\u00ec.<\/p>\n\n\n\n<h4 class=\"wp-block-heading\"><strong>D\u1ecbch V\u1ee5 Bao G\u1ed3m:<\/strong><\/h4>\n\n\n\n<p>\u2714 <strong>T\u01b0 v\u1ea5n &amp; kh\u1ea3o s\u00e1t th\u1ef1c t\u1ebf:<\/strong> \u0110\u00e1nh gi\u00e1 nhu c\u1ea7u, m\u00f4i tr\u01b0\u1eddng l\u00e0m vi\u1ec7c v\u00e0 \u0111i\u1ec1u ki\u1ec7n v\u1eadn h\u00e0nh \u0111\u1ec3 \u0111\u01b0a ra gi\u1ea3i ph\u00e1p ph\u00f9 h\u1ee3p nh\u1ea5t.<br>\u2714 <strong>Thi\u1ebft k\u1ebf h\u1ec7 th\u1ed1ng b\u0103ng t\u1ea3i theo y\u00eau c\u1ea7u:<\/strong> Cung c\u1ea5p b\u1ea3n v\u1ebd k\u1ef9 thu\u1eadt, m\u00f4 ph\u1ecfng 3D v\u00e0 t\u00ednh to\u00e1n t\u1ea3i tr\u1ecdng \u0111\u1ec3 \u0111\u1ea3m b\u1ea3o hi\u1ec7u su\u1ea5t t\u1ed1i \u01b0u.<br>\u2714 <strong>L\u1ef1a ch\u1ecdn v\u1eadt li\u1ec7u &amp; ph\u1ee5 ki\u1ec7n b\u0103ng t\u1ea3i:<\/strong> T\u00f9y theo \u1ee9ng d\u1ee5ng (xi m\u0103ng, nhi\u1ec7t \u0111i\u1ec7n, khai th\u00e1c m\u1ecf, s\u1ea3n xu\u1ea5t\u2026) m\u00e0 ch\u00fang t\u00f4i s\u1ebd \u0111\u1ec1 xu\u1ea5t lo\u1ea1i b\u0103ng t\u1ea3i v\u00e0 ph\u1ee5 ki\u1ec7n \u0111i k\u00e8m nh\u01b0 con l\u0103n, rulo, m\u1ed1i n\u1ed1i ph\u00f9 h\u1ee3p.<br>\u2714 <strong>Thi c\u00f4ng &amp; l\u1eafp \u0111\u1eb7t chuy\u00ean nghi\u1ec7p:<\/strong> \u0110\u1ed9i ng\u0169 k\u1ef9 thu\u1eadt th\u1ef1c hi\u1ec7n l\u1eafp \u0111\u1eb7t nhanh ch\u00f3ng, ch\u00ednh x\u00e1c, \u0111\u1ea3m b\u1ea3o h\u1ec7 th\u1ed1ng v\u1eadn h\u00e0nh \u1ed5n \u0111\u1ecbnh.<br>\u2714 <strong>Ki\u1ec3m tra &amp; ch\u1ea1y th\u1eed:<\/strong> \u0110\u00e1nh gi\u00e1 ho\u1ea1t \u0111\u1ed9ng th\u1ef1c t\u1ebf, hi\u1ec7u ch\u1ec9nh v\u00e0 b\u00e0n giao h\u1ec7 th\u1ed1ng \u0111\u1ea1t chu\u1ea9n.<\/p>\n\n\n\n<p>V\u1edbi ph\u01b0\u01a1ng ch\u00e2m <strong>\u201cGi\u1ea3i ph\u00e1p t\u1ed1i \u01b0u \u2013 L\u1eafp \u0111\u1eb7t nhanh ch\u00f3ng \u2013 Hi\u1ec7u qu\u1ea3 b\u1ec1n v\u1eefng\u201d<\/strong>, ch\u00fang t\u00f4i t\u1ef1 tin mang \u0111\u1ebfn h\u1ec7 th\u1ed1ng b\u0103ng t\u1ea3i ch\u1ea5t l\u01b0\u1ee3ng cao, gi\u00fap doanh nghi\u1ec7p n\u00e2ng cao n\u0103ng su\u1ea5t v\u00e0 ti\u1ebft ki\u1ec7m chi ph\u00ed v\u1eadn h\u00e0nh.<\/p>\n\n\n\n<p>\ud83d\udcde <strong>Li\u00ean h\u1ec7 ngay<\/strong> \u0111\u1ec3 \u0111\u01b0\u1ee3c t\u01b0 v\u1ea5n v\u00e0 nh\u1eadn gi\u1ea3i ph\u00e1p thi\u1ebft k\u1ebf b\u0103ng t\u1ea3i ph\u00f9 h\u1ee3p v\u1edbi nhu c\u1ea7u c\u1ee7a b\u1ea1n!<\/p>\n","protected":false},"excerpt":{"rendered":"<p>Ch\u00fang t\u00f4i cung c\u1ea5p d\u1ecbch v\u1ee5 thi\u1ebft k\u1ebf v\u00e0 l\u1eafp \u0111\u1eb7t h\u1ec7 th\u1ed1ng b\u0103ng t\u1ea3i theo y\u00eau c\u1ea7u, \u0111\u00e1p \u1ee9ng m\u1ecdi ti\u00eau chu\u1ea9n k\u1ef9 thu\u1eadt v\u00e0 ph\u00f9 h\u1ee3p v\u1edbi t\u1eebng nhu c\u1ea7u v\u1eadn h\u00e0nh c\u1ee7a doanh nghi\u1ec7p. V\u1edbi \u0111\u1ed9i ng\u0169 k\u1ef9 s\u01b0 gi\u00e0u kinh nghi\u1ec7m v\u00e0 s\u1ef1 h\u1ed7 tr\u1ee3 t\u1eeb c\u00e1c h\u00e3ng b\u0103ng t\u1ea3i h\u00e0ng&#8230;<\/p>\n","protected":false},"author":1,"featured_media":0,"parent":0,"menu_order":0,"comment_status":"closed","ping_status":"closed","template":"","meta":{"_kad_blocks_custom_css":"","_kad_blocks_head_custom_js":"","_kad_blocks_body_custom_js":"","_kad_blocks_footer_custom_js":"","_kad_post_transparent":"","_kad_post_title":"","_kad_post_layout":"","_kad_post_sidebar_id":"","_kad_post_content_style":"","_kad_post_vertical_padding":"","_kad_post_feature":"","_kad_post_feature_position":"","_kad_post_header":false,"_kad_post_footer":false,"footnotes":""},"class_list":["post-3180","page","type-page","status-publish","hentry"],"taxonomy_info":[],"featured_image_src_large":false,"author_info":{"display_name":"admin","author_link":"https:\/\/congnghebangtai.com\/?author=1"},"comment_info":0,"_links":{"self":[{"href":"https:\/\/congnghebangtai.com\/index.php?rest_route=\/wp\/v2\/pages\/3180","targetHints":{"allow":["GET"]}}],"collection":[{"href":"https:\/\/congnghebangtai.com\/index.php?rest_route=\/wp\/v2\/pages"}],"about":[{"href":"https:\/\/congnghebangtai.com\/index.php?rest_route=\/wp\/v2\/types\/page"}],"author":[{"embeddable":true,"href":"https:\/\/congnghebangtai.com\/index.php?rest_route=\/wp\/v2\/users\/1"}],"replies":[{"embeddable":true,"href":"https:\/\/congnghebangtai.com\/index.php?rest_route=%2Fwp%2Fv2%2Fcomments&post=3180"}],"version-history":[{"count":3,"href":"https:\/\/congnghebangtai.com\/index.php?rest_route=\/wp\/v2\/pages\/3180\/revisions"}],"predecessor-version":[{"id":3910,"href":"https:\/\/congnghebangtai.com\/index.php?rest_route=\/wp\/v2\/pages\/3180\/revisions\/3910"}],"wp:attachment":[{"href":"https:\/\/congnghebangtai.com\/index.php?rest_route=%2Fwp%2Fv2%2Fmedia&parent=3180"}],"curies":[{"name":"wp","href":"https:\/\/api.w.org\/{rel}","templated":true}]}}