{"id":3716,"date":"2025-02-13T06:38:59","date_gmt":"2025-02-13T06:38:59","guid":{"rendered":"https:\/\/congnghebangtai.com\/?page_id=3716"},"modified":"2025-02-13T06:38:59","modified_gmt":"2025-02-13T06:38:59","slug":"con-lan-chong-lech-nhanh-hoi-dang-phang-tieu-chuan","status":"publish","type":"page","link":"https:\/\/congnghebangtai.com\/?page_id=3716","title":{"rendered":"Con L\u0103n Ch\u1ed1ng L\u1ec7ch Nh\u00e1nh H\u1ed3i D\u1ea1ng Ph\u1eb3ng Ti\u00eau Chu\u1ea9n"},"content":{"rendered":"<style>.kb-row-layout-id3716_1a782c-0d > .kt-row-column-wrap{align-content:start;}:where(.kb-row-layout-id3716_1a782c-0d > .kt-row-column-wrap) > .wp-block-kadence-column{justify-content:start;}.kb-row-layout-id3716_1a782c-0d > .kt-row-column-wrap{column-gap:var(--global-kb-gap-md, 2rem);row-gap:var(--global-kb-gap-md, 2rem);grid-template-columns:minmax(0, 55%) minmax(0, 45%);}.kb-row-layout-id3716_1a782c-0d > .kt-row-layout-overlay{opacity:0.30;}@media all and (max-width: 1024px){.kb-row-layout-id3716_1a782c-0d > .kt-row-column-wrap{grid-template-columns:repeat(2, minmax(0, 1fr));}}@media all and (max-width: 767px){.kb-row-layout-id3716_1a782c-0d > .kt-row-column-wrap{grid-template-columns:minmax(0, 1fr);}}<\/style><div class=\"kb-row-layout-wrap kb-row-layout-id3716_1a782c-0d alignnone wp-block-kadence-rowlayout\"><div class=\"kt-row-column-wrap kt-has-2-columns kt-row-layout-left-golden kt-tab-layout-inherit kt-mobile-layout-row kt-row-valign-top\">\n<style>.kadence-column3716_0852f2-a3 > .kt-inside-inner-col,.kadence-column3716_0852f2-a3 > .kt-inside-inner-col:before{border-top-left-radius:0px;border-top-right-radius:0px;border-bottom-right-radius:0px;border-bottom-left-radius:0px;}.kadence-column3716_0852f2-a3 > .kt-inside-inner-col:before{opacity:0.3;}.kadence-column3716_0852f2-a3{position:relative;}<\/style>\n<div class=\"wp-block-kadence-column kadence-column3716_0852f2-a3\"><div class=\"kt-inside-inner-col\">\n<h2 class=\"wp-block-heading\"><strong>V\u1ec0 S\u1ea2N PH\u1ea8M<\/strong><\/h2>\n\n\n\n<h2 class=\"wp-block-heading\">Con L\u0103n Ch\u1ed1ng L\u1ec7ch Nh\u00e1nh H\u1ed3i<br>D\u1ea1ng Ph\u1eb3ng Ti\u00eau Chu\u1ea9n<\/h2>\n\n\n<style>.wp-block-kadence-spacer.kt-block-spacer-3716_27a9cc-4b .kt-block-spacer{height:34px;}.wp-block-kadence-spacer.kt-block-spacer-3716_27a9cc-4b .kt-divider{border-top-width:12px;border-top-color:#ff0e0e;width:25%;border-top-style:solid;}<\/style>\n<div class=\"wp-block-kadence-spacer aligncenter kt-block-spacer-3716_27a9cc-4b\"><div class=\"kt-block-spacer kt-block-spacer-halign-left\"><hr class=\"kt-divider\"\/><\/div><\/div>\n\n\n\n<p style=\"letter-spacing:1px\">B\u1ed9 con l\u0103n ch\u1ed1ng l\u1ec7ch b\u0103ng t\u1ea3i Tru-Trac\u00ae l\u00e0 thi\u1ebft k\u1ebf \u0111\u00e3 \u0111\u01b0\u1ee3c c\u1ea5p b\u1eb1ng s\u00e1ng ch\u1ebf, mang \u0111\u1ebfn gi\u1ea3i ph\u00e1p c\u0103n ch\u1ec9nh b\u0103ng t\u1ea3i \u0111\u00e1ng tin c\u1eady v\u00e0 hi\u1ec7u qu\u1ea3 nh\u1ea5t tr\u00ean th\u1ecb tr\u01b0\u1eddng to\u00e0n c\u1ea7u. H\u1ec7 th\u1ed1ng xoay trung t\u00e2m \u0111\u1ed9c \u0111\u00e1o v\u1edbi tr\u1ee5c th\u00e9p nh\u1eb9 ch\u1ee9a ch\u1ed1t th\u00e9p kh\u00f4ng g\u1ec9, k\u1ebft h\u1ee3p v\u1edbi tr\u1ed1ng b\u1ecdc cao su v\u00e0 m\u00e9p v\u00e1t gi\u00fap thi\u1ebft b\u1ecb k\u00edch ho\u1ea1t ngay l\u1eadp t\u1ee9c khi b\u0103ng t\u1ea3i l\u1ec7ch h\u01b0\u1edbng, li\u00ean t\u1ee5c \u0111i\u1ec1u ch\u1ec9nh \u0111\u1ec3 gi\u1eef b\u0103ng t\u1ea3i lu\u00f4n \u1edf trung t\u00e2m.<\/p>\n<\/div><\/div>\n\n\n<style>.kadence-column3716_10241c-d8 > .kt-inside-inner-col,.kadence-column3716_10241c-d8 > .kt-inside-inner-col:before{border-top-left-radius:0px;border-top-right-radius:0px;border-bottom-right-radius:0px;border-bottom-left-radius:0px;}.kadence-column3716_10241c-d8 > .kt-inside-inner-col:before{opacity:0.3;}.kadence-column3716_10241c-d8{position:relative;}<\/style>\n<div class=\"wp-block-kadence-column kadence-column3716_10241c-d8\"><div class=\"kt-inside-inner-col\">\n<p><br><\/p>\n\n\n<style>.kb-image3716_dc7fb0-d6.kb-image-is-ratio-size, .kb-image3716_dc7fb0-d6 .kb-image-is-ratio-size{max-width:503px;width:100%;}.kb-image3716_dc7fb0-d6 figure{max-width:503px;}.kb-image3716_dc7fb0-d6 .image-is-svg, .kb-image3716_dc7fb0-d6 .image-is-svg img{width:100%;}.kb-image3716_dc7fb0-d6 .kb-image-has-overlay:after{opacity:0.3;}<\/style>\n<div class=\"wp-block-kadence-image kb-image3716_dc7fb0-d6\"><figure class=\"aligncenter size-full\"><img fetchpriority=\"high\" decoding=\"async\" width=\"1024\" height=\"698\" src=\"https:\/\/congnghebangtai.com\/wp-content\/uploads\/2025\/01\/900-Flat-Return-Standard-Rubber0000-1-1024x698-2.png\" alt=\"\" class=\"kb-img wp-image-3086\" srcset=\"https:\/\/congnghebangtai.com\/wp-content\/uploads\/2025\/01\/900-Flat-Return-Standard-Rubber0000-1-1024x698-2.png 1024w, https:\/\/congnghebangtai.com\/wp-content\/uploads\/2025\/01\/900-Flat-Return-Standard-Rubber0000-1-1024x698-2-300x204.png 300w, https:\/\/congnghebangtai.com\/wp-content\/uploads\/2025\/01\/900-Flat-Return-Standard-Rubber0000-1-1024x698-2-768x524.png 768w, https:\/\/congnghebangtai.com\/wp-content\/uploads\/2025\/01\/900-Flat-Return-Standard-Rubber0000-1-1024x698-2-700x477.png 700w\" sizes=\"(max-width: 1024px) 100vw, 1024px\" \/><\/figure><\/div>\n<\/div><\/div>\n\n<\/div><\/div>\n\n\n<h3 class=\"wp-block-heading\"><strong>\u0110\u1eb7c \u0110i\u1ec3m N\u1ed5i B\u1eadt<\/strong><\/h3>\n\n\n<style>.wp-block-kadence-spacer.kt-block-spacer-3716_ff7d72-5e .kt-block-spacer{height:34px;}.wp-block-kadence-spacer.kt-block-spacer-3716_ff7d72-5e .kt-divider{border-top-width:12px;border-top-color:#ff0e0e;width:12%;border-top-style:solid;}<\/style>\n<div class=\"wp-block-kadence-spacer aligncenter kt-block-spacer-3716_ff7d72-5e\"><div class=\"kt-block-spacer kt-block-spacer-halign-left\"><hr class=\"kt-divider\"\/><\/div><\/div>\n\n\n\n<ul class=\"wp-block-list\">\n<li style=\"letter-spacing:1px\"><strong>Hi\u1ec7u su\u1ea5t \u0111\u00e1ng tin c\u1eady<\/strong> \u2013 V\u1eadn h\u00e0nh \u1ed5n \u0111\u1ecbnh, b\u1ec1n b\u1ec9 trong m\u1ecdi \u0111i\u1ec1u ki\u1ec7n.<\/li>\n\n\n\n<li style=\"letter-spacing:1px\"><strong>V\u00f2ng bi<\/strong> \u2013 T\u00f9y ch\u1ecdn v\u00f2ng bi ti\u00eau chu\u1ea9n ho\u1eb7c v\u00f2ng bi l\u0103n v\u00e0 \u0111\u1ea9y.<\/li>\n\n\n\n<li><strong>B\u1ea3o tr\u00ec t\u1ed1i thi\u1ec3u<\/strong> \u2013 V\u00f2ng bi k\u00edn kh\u00f4ng c\u1ea7n b\u00f4i tr\u01a1n.<\/li>\n\n\n\n<li><strong>L\u1edbp b\u1ecdc b\u1ea3o v\u1ec7<\/strong> \u2013 Cao su ch\u1ed1ng m\u00e0i m\u00f2n, polyurethane ho\u1eb7c v\u1eadt li\u1ec7u ch\u1ed1ng ch\u00e1y (FRAS).<\/li>\n\n\n\n<li><strong>H\u1ec7 th\u1ed1ng l\u00e0m k\u00edn c\u1ea3i ti\u1ebfn<\/strong> \u2013 N\u1eafp cu\u1ed1i \u00e9p v\u00e0o v\u1ecf v\u00f2ng bi, \u0111\u1ed3ng th\u1eddi ho\u1ea1t \u0111\u1ed9ng nh\u01b0 l\u1edbp b\u1ea3o v\u1ec7 ng\u0103n b\u1ee5i b\u1ea9n x\u00e2m nh\u1eadp.<\/li>\n\n\n\n<li><strong>Ho\u1ea1t \u0111\u1ed9ng trong m\u1ecdi \u0111i\u1ec1u ki\u1ec7n<\/strong> \u2013 Ph\u1ea3n \u1ee9ng nhanh tr\u00ean b\u0103ng t\u1ea3i kh\u00f4 v\u00e0 \u01b0\u1edbt, c\u1ea3 tr\u00ean v\u00e0 d\u01b0\u1edbi l\u00f2ng \u0111\u1ea5t.<\/li>\n\n\n\n<li><strong>L\u1eafp \u0111\u1eb7t linh ho\u1ea1t<\/strong> \u2013 C\u00e0i \u0111\u1eb7t d\u1ec5 d\u00e0ng b\u00ean trong b\u0103ng t\u1ea3i, c\u00f3 th\u1ec3 \u0111i\u1ec1u ch\u1ec9nh \u0111\u1ed9 c\u0103ng b\u1eb1ng gi\u00e1 \u0111\u1ee1 \u0111i k\u00e8m.<\/li>\n\n\n\n<li><strong>Th\u00edch h\u1ee3p cho b\u0103ng t\u1ea3i \u0111\u1ea3o chi\u1ec1u<\/strong> \u2013 V\u1eadn h\u00e0nh xu\u1ea5t s\u1eafc.<\/li>\n\n\n\n<li><strong>T\u00f9y ch\u1ecdn gi\u00e1 \u0111\u1ee1 d\u1ea1ng \u1ed1ng<\/strong> \u2013 Ph\u00f9 h\u1ee3p v\u1edbi nhi\u1ec1u ki\u1ec3u b\u0103ng t\u1ea3i.<\/li>\n\n\n\n<li style=\"letter-spacing:1px\"><strong>K\u00edch th\u01b0\u1edbc<\/strong> \u2013 D\u00e0nh cho b\u0103ng t\u1ea3i t\u1eeb 450mm \u0111\u1ebfn 1200mm.<br><br><\/li>\n<\/ul>\n\n\n\n<p><\/p>\n\n\n\n<p><\/p>\n","protected":false},"excerpt":{"rendered":"<p>V\u1ec0 S\u1ea2N PH\u1ea8M Con L\u0103n Ch\u1ed1ng L\u1ec7ch Nh\u00e1nh H\u1ed3iD\u1ea1ng Ph\u1eb3ng Ti\u00eau Chu\u1ea9n B\u1ed9 con l\u0103n ch\u1ed1ng l\u1ec7ch b\u0103ng t\u1ea3i Tru-Trac\u00ae l\u00e0 thi\u1ebft k\u1ebf \u0111\u00e3 \u0111\u01b0\u1ee3c c\u1ea5p b\u1eb1ng s\u00e1ng ch\u1ebf, mang \u0111\u1ebfn gi\u1ea3i ph\u00e1p c\u0103n ch\u1ec9nh b\u0103ng t\u1ea3i \u0111\u00e1ng tin c\u1eady v\u00e0 hi\u1ec7u qu\u1ea3 nh\u1ea5t tr\u00ean th\u1ecb tr\u01b0\u1eddng to\u00e0n c\u1ea7u. H\u1ec7 th\u1ed1ng xoay trung t\u00e2m \u0111\u1ed9c&#8230;<\/p>\n","protected":false},"author":1,"featured_media":0,"parent":0,"menu_order":0,"comment_status":"closed","ping_status":"closed","template":"","meta":{"_kad_blocks_custom_css":"","_kad_blocks_head_custom_js":"","_kad_blocks_body_custom_js":"","_kad_blocks_footer_custom_js":"","_kad_post_transparent":"","_kad_post_title":"","_kad_post_layout":"","_kad_post_sidebar_id":"","_kad_post_content_style":"","_kad_post_vertical_padding":"","_kad_post_feature":"","_kad_post_feature_position":"","_kad_post_header":false,"_kad_post_footer":false,"footnotes":""},"class_list":["post-3716","page","type-page","status-publish","hentry"],"taxonomy_info":[],"featured_image_src_large":false,"author_info":{"display_name":"admin","author_link":"https:\/\/congnghebangtai.com\/?author=1"},"comment_info":0,"_links":{"self":[{"href":"https:\/\/congnghebangtai.com\/index.php?rest_route=\/wp\/v2\/pages\/3716","targetHints":{"allow":["GET"]}}],"collection":[{"href":"https:\/\/congnghebangtai.com\/index.php?rest_route=\/wp\/v2\/pages"}],"about":[{"href":"https:\/\/congnghebangtai.com\/index.php?rest_route=\/wp\/v2\/types\/page"}],"author":[{"embeddable":true,"href":"https:\/\/congnghebangtai.com\/index.php?rest_route=\/wp\/v2\/users\/1"}],"replies":[{"embeddable":true,"href":"https:\/\/congnghebangtai.com\/index.php?rest_route=%2Fwp%2Fv2%2Fcomments&post=3716"}],"version-history":[{"count":1,"href":"https:\/\/congnghebangtai.com\/index.php?rest_route=\/wp\/v2\/pages\/3716\/revisions"}],"predecessor-version":[{"id":3717,"href":"https:\/\/congnghebangtai.com\/index.php?rest_route=\/wp\/v2\/pages\/3716\/revisions\/3717"}],"wp:attachment":[{"href":"https:\/\/congnghebangtai.com\/index.php?rest_route=%2Fwp%2Fv2%2Fmedia&parent=3716"}],"curies":[{"name":"wp","href":"https:\/\/api.w.org\/{rel}","templated":true}]}}