{"id":3718,"date":"2025-02-13T06:41:19","date_gmt":"2025-02-13T06:41:19","guid":{"rendered":"https:\/\/congnghebangtai.com\/?page_id=3718"},"modified":"2025-02-13T06:41:19","modified_gmt":"2025-02-13T06:41:19","slug":"con-lan-chong-lech-nhanh-hoi-dang-phang-hang-nang","status":"publish","type":"page","link":"https:\/\/congnghebangtai.com\/?page_id=3718","title":{"rendered":"Con L\u0103n Ch\u1ed1ng L\u1ec7ch Nh\u00e1nh H\u1ed3i D\u1ea1ng Ph\u1eb3ng H\u1ea1ng N\u1eb7ng"},"content":{"rendered":"<style>.kb-row-layout-id3718_507d5f-3b > .kt-row-column-wrap{align-content:start;}:where(.kb-row-layout-id3718_507d5f-3b > .kt-row-column-wrap) > .wp-block-kadence-column{justify-content:start;}.kb-row-layout-id3718_507d5f-3b > .kt-row-column-wrap{column-gap:var(--global-kb-gap-md, 2rem);row-gap:var(--global-kb-gap-md, 2rem);grid-template-columns:minmax(0, 55%) minmax(0, 45%);}.kb-row-layout-id3718_507d5f-3b > .kt-row-layout-overlay{opacity:0.30;}@media all and (max-width: 1024px){.kb-row-layout-id3718_507d5f-3b > .kt-row-column-wrap{grid-template-columns:repeat(2, minmax(0, 1fr));}}@media all and (max-width: 767px){.kb-row-layout-id3718_507d5f-3b > .kt-row-column-wrap{grid-template-columns:minmax(0, 1fr);}}<\/style><div class=\"kb-row-layout-wrap kb-row-layout-id3718_507d5f-3b alignnone wp-block-kadence-rowlayout\"><div class=\"kt-row-column-wrap kt-has-2-columns kt-row-layout-left-golden kt-tab-layout-inherit kt-mobile-layout-row kt-row-valign-top\">\n<style>.kadence-column3718_e3c212-6e > .kt-inside-inner-col,.kadence-column3718_e3c212-6e > .kt-inside-inner-col:before{border-top-left-radius:0px;border-top-right-radius:0px;border-bottom-right-radius:0px;border-bottom-left-radius:0px;}.kadence-column3718_e3c212-6e > .kt-inside-inner-col:before{opacity:0.3;}.kadence-column3718_e3c212-6e{position:relative;}<\/style>\n<div class=\"wp-block-kadence-column kadence-column3718_e3c212-6e\"><div class=\"kt-inside-inner-col\">\n<h2 class=\"wp-block-heading\"><strong>V\u1ec0 S\u1ea2N PH\u1ea8M<\/strong><\/h2>\n\n\n\n<h2 class=\"wp-block-heading\">Con L\u0103n Ch\u1ed1ng L\u1ec7ch Nh\u00e1nh H\u1ed3i<br>D\u1ea1ng Ph\u1eb3ng H\u1ea1ng N\u1eb7ng<\/h2>\n\n\n<style>.wp-block-kadence-spacer.kt-block-spacer-3718_e91f8b-48 .kt-block-spacer{height:34px;}.wp-block-kadence-spacer.kt-block-spacer-3718_e91f8b-48 .kt-divider{border-top-width:12px;border-top-color:#ff0e0e;width:25%;border-top-style:solid;}<\/style>\n<div class=\"wp-block-kadence-spacer aligncenter kt-block-spacer-3718_e91f8b-48\"><div class=\"kt-block-spacer kt-block-spacer-halign-left\"><hr class=\"kt-divider\"\/><\/div><\/div>\n\n\n\n<p style=\"letter-spacing:1px\"><strong>B\u1ed9 con l\u0103n Tru-Trac\u00ae Heavy Duty Flat Return Tracker<\/strong> \u0111\u01b0\u1ee3c thi\u1ebft k\u1ebf d\u00e0nh ri\u00eang cho c\u00e1c b\u0103ng t\u1ea3i c\u00f4ng nghi\u1ec7p c\u00f3 k\u00edch th\u01b0\u1edbc l\u1edbn v\u00e0 t\u1ea3i tr\u1ecdng n\u1eb7ng. Tr\u1ee5c \u0111\u00e3 \u0111\u01b0\u1ee3c gia c\u1ed1 ch\u1eafc ch\u1eafn, trong khi v\u1ecf v\u00f2ng bi v\u00e0 n\u1eafp cu\u1ed1i \u0111\u01b0\u1ee3c n\u00e2ng c\u1ea5p l\u00ean th\u00e9p \u0111\u1ec3 \u0111\u1ea3m b\u1ea3o \u0111\u1ed9 b\u1ec1n v\u00e0 hi\u1ec7u su\u1ea5t t\u1ed1i \u01b0u.<\/p>\n<\/div><\/div>\n\n\n<style>.kadence-column3718_a57ab9-87 > .kt-inside-inner-col,.kadence-column3718_a57ab9-87 > .kt-inside-inner-col:before{border-top-left-radius:0px;border-top-right-radius:0px;border-bottom-right-radius:0px;border-bottom-left-radius:0px;}.kadence-column3718_a57ab9-87 > .kt-inside-inner-col:before{opacity:0.3;}.kadence-column3718_a57ab9-87{position:relative;}<\/style>\n<div class=\"wp-block-kadence-column kadence-column3718_a57ab9-87\"><div class=\"kt-inside-inner-col\">\n<p><br><\/p>\n\n\n<style>.kb-image3718_619c30-a4.kb-image-is-ratio-size, .kb-image3718_619c30-a4 .kb-image-is-ratio-size{max-width:503px;width:100%;}.kb-image3718_619c30-a4 figure{max-width:503px;}.kb-image3718_619c30-a4 .image-is-svg, .kb-image3718_619c30-a4 .image-is-svg img{width:100%;}.kb-image3718_619c30-a4 .kb-image-has-overlay:after{opacity:0.3;}<\/style>\n<div class=\"wp-block-kadence-image kb-image3718_619c30-a4\"><figure class=\"aligncenter size-full\"><img fetchpriority=\"high\" decoding=\"async\" width=\"1024\" height=\"637\" src=\"https:\/\/congnghebangtai.com\/wp-content\/uploads\/2025\/01\/1500-Flat-Return-HD-PU-Red0000-1024x637-1.png\" alt=\"\" class=\"kb-img wp-image-3085\" srcset=\"https:\/\/congnghebangtai.com\/wp-content\/uploads\/2025\/01\/1500-Flat-Return-HD-PU-Red0000-1024x637-1.png 1024w, https:\/\/congnghebangtai.com\/wp-content\/uploads\/2025\/01\/1500-Flat-Return-HD-PU-Red0000-1024x637-1-300x187.png 300w, https:\/\/congnghebangtai.com\/wp-content\/uploads\/2025\/01\/1500-Flat-Return-HD-PU-Red0000-1024x637-1-768x478.png 768w, https:\/\/congnghebangtai.com\/wp-content\/uploads\/2025\/01\/1500-Flat-Return-HD-PU-Red0000-1024x637-1-700x435.png 700w\" sizes=\"(max-width: 1024px) 100vw, 1024px\" \/><\/figure><\/div>\n<\/div><\/div>\n\n<\/div><\/div>\n\n\n<h3 class=\"wp-block-heading\"><strong>\u0110\u1eb7c \u0110i\u1ec3m N\u1ed5i B\u1eadt<\/strong><\/h3>\n\n\n<style>.wp-block-kadence-spacer.kt-block-spacer-3718_b41722-37 .kt-block-spacer{height:34px;}.wp-block-kadence-spacer.kt-block-spacer-3718_b41722-37 .kt-divider{border-top-width:12px;border-top-color:#ff0e0e;width:12%;border-top-style:solid;}<\/style>\n<div class=\"wp-block-kadence-spacer aligncenter kt-block-spacer-3718_b41722-37\"><div class=\"kt-block-spacer kt-block-spacer-halign-left\"><hr class=\"kt-divider\"\/><\/div><\/div>\n\n\n\n<ul class=\"wp-block-list\">\n<li style=\"letter-spacing:1px\"><strong>Hi\u1ec7u su\u1ea5t v\u01b0\u1ee3t tr\u1ed9i<\/strong> \u2013 Thi\u1ebft k\u1ebf \u0111\u1ed9c \u0111\u00e1o v\u1edbi con l\u0103n c\u00f4n v\u00e0 tr\u1ee5c xoay trung t\u00e2m gi\u00fap \u0111i\u1ec1u ch\u1ec9nh nhanh ch\u00f3ng v\u00e0 li\u00ean t\u1ee5c trong m\u1ecdi \u0111i\u1ec1u ki\u1ec7n.<\/li>\n\n\n\n<li style=\"letter-spacing:1px\"><strong>D\u1ec5 d\u00e0ng thay th\u1ebf<\/strong> \u2013 C\u00e1c con l\u0103n c\u00e1nh c\u00f4n v\u00e0 con l\u0103n trung t\u00e2m c\u00f3 th\u1ec3 thay th\u1ebf ri\u00eang l\u1ebb khi b\u1ecb m\u00e0i m\u00f2n.<\/li>\n\n\n\n<li style=\"letter-spacing:1px\"><strong>Tr\u1ee5c xoay trung t\u00e2m c\u1ea3i ti\u1ebfn<\/strong> \u2013 C\u01a1 ch\u1ebf xoay ch\u1ecbu t\u1ea3i n\u1eb7ng k\u00edch ho\u1ea1t t\u1ee9c th\u00ec, gi\u00fap b\u0103ng t\u1ea3i ch\u1ea1y \u0111\u00fang v\u1ecb tr\u00ed.<\/li>\n\n\n\n<li style=\"letter-spacing:1px\"><strong>V\u00f2ng bi<\/strong> \u2013 S\u1eed d\u1ee5ng v\u00f2ng bi r\u00e3nh s\u00e2u ti\u00eau chu\u1ea9n, b\u1ec1n b\u1ec9<\/li>\n\n\n\n<li style=\"letter-spacing:1px\"><strong>Kh\u00f4ng c\u1ea7n b\u1ea3o tr\u00ec<\/strong> \u2013 V\u00f2ng bi k\u00edn, kh\u00f4ng y\u00eau c\u1ea7u b\u00f4i tr\u01a1n.<\/li>\n\n\n\n<li style=\"letter-spacing:1px\"><strong>L\u1edbp b\u1ecdc b\u1ea3o v\u1ec7<\/strong> \u2013 \u0110\u01b0\u1ee3c ph\u1ee7 cao su t\u1ef1 nhi\u00ean ch\u1ed1ng m\u00e0i m\u00f2n cao, polyurethane ho\u1eb7c v\u1eadt li\u1ec7u ch\u1ed1ng ch\u00e1y (FRAS).<\/li>\n\n\n\n<li style=\"letter-spacing:1px\"><strong>Ho\u1ea1t \u0111\u1ed9ng trong m\u1ecdi \u0111i\u1ec1u ki\u1ec7n<\/strong> \u2013 Ph\u1ea3n \u1ee9ng nhanh v\u1edbi b\u0103ng t\u1ea3i \u01b0\u1edbt ho\u1eb7c kh\u00f4.<\/li>\n\n\n\n<li style=\"letter-spacing:1px\"><strong>L\u1eafp \u0111\u1eb7t linh ho\u1ea1t<\/strong> \u2013 Y\u00eau c\u1ea7u l\u1ef1c c\u0103ng t\u1ed1i thi\u1ec3u tr\u00ean con l\u0103n trung t\u00e2m, d\u1ec5 d\u00e0ng \u0111i\u1ec1u ch\u1ec9nh v\u1edbi gi\u00e1 \u0111\u1ee1 \u0111i k\u00e8m.<\/li>\n\n\n\n<li style=\"letter-spacing:1px\"><strong>B\u0103ng t\u1ea3i \u0111\u1ea3o chi\u1ec1u<\/strong> \u2013 Ho\u1ea1t \u0111\u1ed9ng hi\u1ec7u qu\u1ea3 tr\u00ean c\u1ea3 b\u0103ng t\u1ea3i \u0111\u1ea3o chi\u1ec1u.<\/li>\n\n\n\n<li style=\"letter-spacing:1px\"><strong>K\u00edch th\u01b0\u1edbc \u0111a d\u1ea1ng<\/strong> \u2013 C\u00f3 s\u1eb5n t\u1eeb 450mm \u0111\u1ebfn 1200mm.<br><\/li>\n<\/ul>\n\n\n\n<p><\/p>\n\n\n\n<p><\/p>\n","protected":false},"excerpt":{"rendered":"<p>V\u1ec0 S\u1ea2N PH\u1ea8M Con L\u0103n Ch\u1ed1ng L\u1ec7ch Nh\u00e1nh H\u1ed3iD\u1ea1ng Ph\u1eb3ng H\u1ea1ng N\u1eb7ng B\u1ed9 con l\u0103n Tru-Trac\u00ae Heavy Duty Flat Return Tracker \u0111\u01b0\u1ee3c thi\u1ebft k\u1ebf d\u00e0nh ri\u00eang cho c\u00e1c b\u0103ng t\u1ea3i c\u00f4ng nghi\u1ec7p c\u00f3 k\u00edch th\u01b0\u1edbc l\u1edbn v\u00e0 t\u1ea3i tr\u1ecdng n\u1eb7ng. Tr\u1ee5c \u0111\u00e3 \u0111\u01b0\u1ee3c gia c\u1ed1 ch\u1eafc ch\u1eafn, trong khi v\u1ecf v\u00f2ng bi v\u00e0 n\u1eafp cu\u1ed1i&#8230;<\/p>\n","protected":false},"author":1,"featured_media":0,"parent":0,"menu_order":0,"comment_status":"closed","ping_status":"closed","template":"","meta":{"_kad_blocks_custom_css":"","_kad_blocks_head_custom_js":"","_kad_blocks_body_custom_js":"","_kad_blocks_footer_custom_js":"","_kad_post_transparent":"","_kad_post_title":"","_kad_post_layout":"","_kad_post_sidebar_id":"","_kad_post_content_style":"","_kad_post_vertical_padding":"","_kad_post_feature":"","_kad_post_feature_position":"","_kad_post_header":false,"_kad_post_footer":false,"footnotes":""},"class_list":["post-3718","page","type-page","status-publish","hentry"],"taxonomy_info":[],"featured_image_src_large":false,"author_info":{"display_name":"admin","author_link":"https:\/\/congnghebangtai.com\/?author=1"},"comment_info":0,"_links":{"self":[{"href":"https:\/\/congnghebangtai.com\/index.php?rest_route=\/wp\/v2\/pages\/3718","targetHints":{"allow":["GET"]}}],"collection":[{"href":"https:\/\/congnghebangtai.com\/index.php?rest_route=\/wp\/v2\/pages"}],"about":[{"href":"https:\/\/congnghebangtai.com\/index.php?rest_route=\/wp\/v2\/types\/page"}],"author":[{"embeddable":true,"href":"https:\/\/congnghebangtai.com\/index.php?rest_route=\/wp\/v2\/users\/1"}],"replies":[{"embeddable":true,"href":"https:\/\/congnghebangtai.com\/index.php?rest_route=%2Fwp%2Fv2%2Fcomments&post=3718"}],"version-history":[{"count":1,"href":"https:\/\/congnghebangtai.com\/index.php?rest_route=\/wp\/v2\/pages\/3718\/revisions"}],"predecessor-version":[{"id":3719,"href":"https:\/\/congnghebangtai.com\/index.php?rest_route=\/wp\/v2\/pages\/3718\/revisions\/3719"}],"wp:attachment":[{"href":"https:\/\/congnghebangtai.com\/index.php?rest_route=%2Fwp%2Fv2%2Fmedia&parent=3718"}],"curies":[{"name":"wp","href":"https:\/\/api.w.org\/{rel}","templated":true}]}}