{"id":3730,"date":"2025-02-14T02:15:28","date_gmt":"2025-02-14T02:15:28","guid":{"rendered":"https:\/\/congnghebangtai.com\/?page_id=3730"},"modified":"2025-02-14T02:15:28","modified_gmt":"2025-02-14T02:15:28","slug":"con-lan-chong-lech-nhanh-hoi-nganh-cong-nghiep-thuc-pham","status":"publish","type":"page","link":"https:\/\/congnghebangtai.com\/?page_id=3730","title":{"rendered":"Con L\u0103n Ch\u1ed1ng L\u1ec7ch Nh\u00e1nh H\u1ed3i Ng\u00e0nh C\u00f4ng Nghi\u1ec7p Th\u1ef1c Ph\u1ea9m"},"content":{"rendered":"<style>.kb-row-layout-id3730_5e218d-8c > .kt-row-column-wrap{align-content:start;}:where(.kb-row-layout-id3730_5e218d-8c > .kt-row-column-wrap) > .wp-block-kadence-column{justify-content:start;}.kb-row-layout-id3730_5e218d-8c > .kt-row-column-wrap{column-gap:var(--global-kb-gap-md, 2rem);row-gap:var(--global-kb-gap-md, 2rem);grid-template-columns:minmax(0, 55%) minmax(0, 45%);}.kb-row-layout-id3730_5e218d-8c > .kt-row-layout-overlay{opacity:0.30;}@media all and (max-width: 1024px){.kb-row-layout-id3730_5e218d-8c > .kt-row-column-wrap{grid-template-columns:repeat(2, minmax(0, 1fr));}}@media all and (max-width: 767px){.kb-row-layout-id3730_5e218d-8c > .kt-row-column-wrap{grid-template-columns:minmax(0, 1fr);}}<\/style><div class=\"kb-row-layout-wrap kb-row-layout-id3730_5e218d-8c alignnone wp-block-kadence-rowlayout\"><div class=\"kt-row-column-wrap kt-has-2-columns kt-row-layout-left-golden kt-tab-layout-inherit kt-mobile-layout-row kt-row-valign-top\">\n<style>.kadence-column3730_873b31-14 > .kt-inside-inner-col,.kadence-column3730_873b31-14 > .kt-inside-inner-col:before{border-top-left-radius:0px;border-top-right-radius:0px;border-bottom-right-radius:0px;border-bottom-left-radius:0px;}.kadence-column3730_873b31-14 > .kt-inside-inner-col:before{opacity:0.3;}.kadence-column3730_873b31-14{position:relative;}<\/style>\n<div class=\"wp-block-kadence-column kadence-column3730_873b31-14\"><div class=\"kt-inside-inner-col\">\n<h2 class=\"wp-block-heading\"><strong>V\u1ec0 S\u1ea2N PH\u1ea8M<\/strong><\/h2>\n\n\n\n<h2 class=\"wp-block-heading\">Con L\u0103n Ch\u1ed1ng L\u1ec7ch Nh\u00e1nh H\u1ed3i<br>Ng\u00e0nh C\u00f4ng Nghi\u1ec7p Th\u1ef1c Ph\u1ea9m<\/h2>\n\n\n<style>.wp-block-kadence-spacer.kt-block-spacer-3730_2d59ce-f4 .kt-block-spacer{height:34px;}.wp-block-kadence-spacer.kt-block-spacer-3730_2d59ce-f4 .kt-divider{border-top-width:12px;border-top-color:#ff0e0e;width:25%;border-top-style:solid;}<\/style>\n<div class=\"wp-block-kadence-spacer aligncenter kt-block-spacer-3730_2d59ce-f4\"><div class=\"kt-block-spacer kt-block-spacer-halign-left\"><hr class=\"kt-divider\"\/><\/div><\/div>\n\n\n\n<p style=\"letter-spacing:1px\"><strong>Tru-Trac\u00ae Food Industry Trackers<\/strong> l\u00e0 h\u1ec7 th\u1ed1ng c\u0103n ch\u1ec9nh b\u0103ng t\u1ea3i ti\u00ean ti\u1ebfn, \u0111\u01b0\u1ee3c c\u1ea5p b\u1eb1ng s\u00e1ng ch\u1ebf, gi\u00fap duy tr\u00ec b\u0103ng t\u1ea3i nh\u1eb9 trong ng\u00e0nh th\u1ef1c ph\u1ea9m lu\u00f4n ch\u1ea1y \u0111\u00fang v\u1ecb tr\u00ed. V\u1edbi thi\u1ebft k\u1ebf trung t\u00e2m \u0111\u01a1n gi\u1ea3n nh\u01b0ng hi\u1ec7u qu\u1ea3, b\u1ed9 c\u0103n ch\u1ec9nh ph\u1ea3n \u1ee9ng ngay l\u1eadp t\u1ee9c khi b\u0103ng t\u1ea3i l\u1ec7ch, \u0111\u1ea3m b\u1ea3o ho\u1ea1t \u0111\u1ed9ng \u1ed5n \u0111\u1ecbnh v\u00e0 an to\u00e0n th\u1ef1c ph\u1ea9m.<\/p>\n\n\n\n<p style=\"letter-spacing:1px\"><\/p>\n<\/div><\/div>\n\n\n<style>.kadence-column3730_b3d8a2-03 > .kt-inside-inner-col,.kadence-column3730_b3d8a2-03 > .kt-inside-inner-col:before{border-top-left-radius:0px;border-top-right-radius:0px;border-bottom-right-radius:0px;border-bottom-left-radius:0px;}.kadence-column3730_b3d8a2-03 > .kt-inside-inner-col:before{opacity:0.3;}.kadence-column3730_b3d8a2-03{position:relative;}<\/style>\n<div class=\"wp-block-kadence-column kadence-column3730_b3d8a2-03\"><div class=\"kt-inside-inner-col\">\n<p><br><\/p>\n\n\n<style>.kb-image3730_43512e-38.kb-image-is-ratio-size, .kb-image3730_43512e-38 .kb-image-is-ratio-size{max-width:503px;width:100%;}.kb-image3730_43512e-38 figure{max-width:503px;}.kb-image3730_43512e-38 .image-is-svg, .kb-image3730_43512e-38 .image-is-svg img{width:100%;}.kb-image3730_43512e-38 .kb-image-has-overlay:after{opacity:0.3;}<\/style>\n<div class=\"wp-block-kadence-image kb-image3730_43512e-38\"><figure class=\"aligncenter size-full\"><img fetchpriority=\"high\" decoding=\"async\" width=\"1024\" height=\"1024\" src=\"https:\/\/congnghebangtai.com\/wp-content\/uploads\/2025\/01\/Food-Grade-Tru-Trainer-rev10-14_4-1024x1024-1.png\" alt=\"\" class=\"kb-img wp-image-3054\" srcset=\"https:\/\/congnghebangtai.com\/wp-content\/uploads\/2025\/01\/Food-Grade-Tru-Trainer-rev10-14_4-1024x1024-1.png 1024w, https:\/\/congnghebangtai.com\/wp-content\/uploads\/2025\/01\/Food-Grade-Tru-Trainer-rev10-14_4-1024x1024-1-300x300.png 300w, https:\/\/congnghebangtai.com\/wp-content\/uploads\/2025\/01\/Food-Grade-Tru-Trainer-rev10-14_4-1024x1024-1-150x150.png 150w, https:\/\/congnghebangtai.com\/wp-content\/uploads\/2025\/01\/Food-Grade-Tru-Trainer-rev10-14_4-1024x1024-1-768x768.png 768w, https:\/\/congnghebangtai.com\/wp-content\/uploads\/2025\/01\/Food-Grade-Tru-Trainer-rev10-14_4-1024x1024-1-800x800.png 800w, https:\/\/congnghebangtai.com\/wp-content\/uploads\/2025\/01\/Food-Grade-Tru-Trainer-rev10-14_4-1024x1024-1-700x700.png 700w, https:\/\/congnghebangtai.com\/wp-content\/uploads\/2025\/01\/Food-Grade-Tru-Trainer-rev10-14_4-1024x1024-1-100x100.png 100w\" sizes=\"(max-width: 1024px) 100vw, 1024px\" \/><\/figure><\/div>\n<\/div><\/div>\n\n<\/div><\/div>\n\n\n<h3 class=\"wp-block-heading\"><strong>\u0110\u1eb7c \u0110i\u1ec3m N\u1ed5i B\u1eadt<\/strong><\/h3>\n\n\n<style>.wp-block-kadence-spacer.kt-block-spacer-3730_65a352-d4 .kt-block-spacer{height:34px;}.wp-block-kadence-spacer.kt-block-spacer-3730_65a352-d4 .kt-divider{border-top-width:12px;border-top-color:#ff0e0e;width:12%;border-top-style:solid;}<\/style>\n<div class=\"wp-block-kadence-spacer aligncenter kt-block-spacer-3730_65a352-d4\"><div class=\"kt-block-spacer kt-block-spacer-halign-left\"><hr class=\"kt-divider\"\/><\/div><\/div>\n\n\n\n<ul class=\"wp-block-list\">\n<li style=\"letter-spacing:1px\"><strong>Thi\u1ebft k\u1ebf chuy\u00ean bi\u1ec7t<\/strong> \u2013 D\u00e0nh ri\u00eang cho b\u0103ng t\u1ea3i nh\u1eb9, t\u1ed1c \u0111\u1ed9 ch\u1eadm trong ng\u00e0nh th\u1ef1c ph\u1ea9m.<\/li>\n\n\n\n<li style=\"letter-spacing:1px\"><strong>Hi\u1ec7u su\u1ea5t \u0111\u00e1ng tin c\u1eady<\/strong> \u2013 B\u1ec1n b\u1ec9, \u1ed5n \u0111\u1ecbnh trong m\u1ecdi \u0111i\u1ec1u ki\u1ec7n l\u00e0m vi\u1ec7c.<\/li>\n\n\n\n<li style=\"letter-spacing:1px\"><strong>B\u1ea3o tr\u00ec t\u1ed1i thi\u1ec3u<\/strong> \u2013 V\u00f2ng bi k\u00edn, kh\u00f4ng c\u1ea7n b\u00f4i tr\u01a1n.<\/li>\n\n\n\n<li style=\"letter-spacing:1px\"><strong>Ch\u1ea5t li\u1ec7u cao c\u1ea5p<\/strong> \u2013 To\u00e0n b\u1ed9 s\u1ea3n ph\u1ea9m \u0111\u01b0\u1ee3c s\u1ea3n xu\u1ea5t b\u1eb1ng th\u00e9p kh\u00f4ng g\u1ec9 304 \u2013 316, bao g\u1ed3m c\u1ea3 gi\u00e1 \u0111\u1ee1.<\/li>\n\n\n\n<li style=\"letter-spacing:1px\"><strong>L\u1edbp b\u1ecdc an to\u00e0n th\u1ef1c ph\u1ea9m<\/strong> \u2013 Polyurethane \u0111\u1ea1t ti\u00eau chu\u1ea9n EU v\u1ec1 an to\u00e0n th\u1ef1c ph\u1ea9m.<\/li>\n\n\n\n<li style=\"letter-spacing:1px\"><strong>Ho\u1ea1t \u0111\u1ed9ng trong m\u1ecdi \u0111i\u1ec1u ki\u1ec7n<\/strong> \u2013 Ph\u1ea3n \u1ee9ng nhanh tr\u00ean c\u1ea3 b\u0103ng t\u1ea3i kh\u00f4 v\u00e0 \u01b0\u1edbt.<\/li>\n\n\n\n<li style=\"letter-spacing:1px\"><strong>L\u1eafp \u0111\u1eb7t linh ho\u1ea1t<\/strong> \u2013 D\u1ec5 d\u00e0ng l\u1eafp \u0111\u1eb7t tr\u00ean m\u1eb7t s\u1ea1ch c\u1ee7a b\u0103ng t\u1ea3i, c\u00f3 th\u1ec3 \u0111i\u1ec1u ch\u1ec9nh l\u1ef1c c\u0103ng b\u1eb1ng gi\u00e1 \u0111\u1ee1 \u0111i k\u00e8m.<\/li>\n\n\n\n<li style=\"letter-spacing:1px\"><strong>K\u00edch th\u01b0\u1edbc<\/strong> \u2013 D\u00e0nh cho b\u0103ng t\u1ea3i t\u1eeb 150mm \u0111\u1ebfn 1500mm.<br><br><\/li>\n<\/ul>\n\n\n\n<p><\/p>\n\n\n\n<p><\/p>\n","protected":false},"excerpt":{"rendered":"<p>V\u1ec0 S\u1ea2N PH\u1ea8M Con L\u0103n Ch\u1ed1ng L\u1ec7ch Nh\u00e1nh H\u1ed3iNg\u00e0nh C\u00f4ng Nghi\u1ec7p Th\u1ef1c Ph\u1ea9m Tru-Trac\u00ae Food Industry Trackers l\u00e0 h\u1ec7 th\u1ed1ng c\u0103n ch\u1ec9nh b\u0103ng t\u1ea3i ti\u00ean ti\u1ebfn, \u0111\u01b0\u1ee3c c\u1ea5p b\u1eb1ng s\u00e1ng ch\u1ebf, gi\u00fap duy tr\u00ec b\u0103ng t\u1ea3i nh\u1eb9 trong ng\u00e0nh th\u1ef1c ph\u1ea9m lu\u00f4n ch\u1ea1y \u0111\u00fang v\u1ecb tr\u00ed. V\u1edbi thi\u1ebft k\u1ebf trung t\u00e2m \u0111\u01a1n gi\u1ea3n nh\u01b0ng hi\u1ec7u&#8230;<\/p>\n","protected":false},"author":1,"featured_media":0,"parent":0,"menu_order":0,"comment_status":"closed","ping_status":"closed","template":"","meta":{"_kad_blocks_custom_css":"","_kad_blocks_head_custom_js":"","_kad_blocks_body_custom_js":"","_kad_blocks_footer_custom_js":"","_kad_post_transparent":"","_kad_post_title":"","_kad_post_layout":"","_kad_post_sidebar_id":"","_kad_post_content_style":"","_kad_post_vertical_padding":"","_kad_post_feature":"","_kad_post_feature_position":"","_kad_post_header":false,"_kad_post_footer":false,"footnotes":""},"class_list":["post-3730","page","type-page","status-publish","hentry"],"taxonomy_info":[],"featured_image_src_large":false,"author_info":{"display_name":"admin","author_link":"https:\/\/congnghebangtai.com\/?author=1"},"comment_info":0,"_links":{"self":[{"href":"https:\/\/congnghebangtai.com\/index.php?rest_route=\/wp\/v2\/pages\/3730","targetHints":{"allow":["GET"]}}],"collection":[{"href":"https:\/\/congnghebangtai.com\/index.php?rest_route=\/wp\/v2\/pages"}],"about":[{"href":"https:\/\/congnghebangtai.com\/index.php?rest_route=\/wp\/v2\/types\/page"}],"author":[{"embeddable":true,"href":"https:\/\/congnghebangtai.com\/index.php?rest_route=\/wp\/v2\/users\/1"}],"replies":[{"embeddable":true,"href":"https:\/\/congnghebangtai.com\/index.php?rest_route=%2Fwp%2Fv2%2Fcomments&post=3730"}],"version-history":[{"count":1,"href":"https:\/\/congnghebangtai.com\/index.php?rest_route=\/wp\/v2\/pages\/3730\/revisions"}],"predecessor-version":[{"id":3732,"href":"https:\/\/congnghebangtai.com\/index.php?rest_route=\/wp\/v2\/pages\/3730\/revisions\/3732"}],"wp:attachment":[{"href":"https:\/\/congnghebangtai.com\/index.php?rest_route=%2Fwp%2Fv2%2Fmedia&parent=3730"}],"curies":[{"name":"wp","href":"https:\/\/api.w.org\/{rel}","templated":true}]}}