{"id":3757,"date":"2025-02-14T03:14:47","date_gmt":"2025-02-14T03:14:47","guid":{"rendered":"https:\/\/congnghebangtai.com\/?page_id=3757"},"modified":"2025-02-14T03:14:47","modified_gmt":"2025-02-14T03:14:47","slug":"con-lan-chong-lech-nhanh-hoi-dang-v-cuc-nang","status":"publish","type":"page","link":"https:\/\/congnghebangtai.com\/?page_id=3757","title":{"rendered":"Con L\u0103n Ch\u1ed1ng L\u1ec7ch Nh\u00e1nh H\u1ed3i D\u1ea1ng V C\u1ef1c N\u1eb7ng"},"content":{"rendered":"<style>.kb-row-layout-id3757_ba2f93-59 > .kt-row-column-wrap{align-content:start;}:where(.kb-row-layout-id3757_ba2f93-59 > .kt-row-column-wrap) > .wp-block-kadence-column{justify-content:start;}.kb-row-layout-id3757_ba2f93-59 > .kt-row-column-wrap{column-gap:var(--global-kb-gap-md, 2rem);row-gap:var(--global-kb-gap-md, 2rem);grid-template-columns:minmax(0, 55%) minmax(0, 45%);}.kb-row-layout-id3757_ba2f93-59 > .kt-row-layout-overlay{opacity:0.30;}@media all and (max-width: 1024px){.kb-row-layout-id3757_ba2f93-59 > .kt-row-column-wrap{grid-template-columns:repeat(2, minmax(0, 1fr));}}@media all and (max-width: 767px){.kb-row-layout-id3757_ba2f93-59 > .kt-row-column-wrap{grid-template-columns:minmax(0, 1fr);}}<\/style><div class=\"kb-row-layout-wrap kb-row-layout-id3757_ba2f93-59 alignnone wp-block-kadence-rowlayout\"><div class=\"kt-row-column-wrap kt-has-2-columns kt-row-layout-left-golden kt-tab-layout-inherit kt-mobile-layout-row kt-row-valign-top\">\n<style>.kadence-column3757_9031b3-96 > .kt-inside-inner-col,.kadence-column3757_9031b3-96 > .kt-inside-inner-col:before{border-top-left-radius:0px;border-top-right-radius:0px;border-bottom-right-radius:0px;border-bottom-left-radius:0px;}.kadence-column3757_9031b3-96 > .kt-inside-inner-col:before{opacity:0.3;}.kadence-column3757_9031b3-96{position:relative;}<\/style>\n<div class=\"wp-block-kadence-column kadence-column3757_9031b3-96\"><div class=\"kt-inside-inner-col\">\n<h2 class=\"wp-block-heading\"><strong>V\u1ec0 S\u1ea2N PH\u1ea8M<\/strong><\/h2>\n\n\n\n<h2 class=\"wp-block-heading\">Con L\u0103n Ch\u1ed1ng L\u1ec7ch Nh\u00e1nh H\u1ed3i <br>D\u1ea1ng V C\u1ef1c N\u1eb7ng<\/h2>\n\n\n<style>.wp-block-kadence-spacer.kt-block-spacer-3757_30640d-45 .kt-block-spacer{height:34px;}.wp-block-kadence-spacer.kt-block-spacer-3757_30640d-45 .kt-divider{border-top-width:12px;border-top-color:#ff0e0e;width:25%;border-top-style:solid;}<\/style>\n<div class=\"wp-block-kadence-spacer aligncenter kt-block-spacer-3757_30640d-45\"><div class=\"kt-block-spacer kt-block-spacer-halign-left\"><hr class=\"kt-divider\"\/><\/div><\/div>\n\n\n\n<p style=\"letter-spacing:1px\"><strong>B\u1ed9 con l\u0103n Tru-Trac\u00ae<\/strong> <strong>V-Return Tracker<\/strong> l\u00e0 thi\u1ebft k\u1ebf \u0111\u01b0\u1ee3c c\u1ea5p b\u1eb1ng s\u00e1ng ch\u1ebf, chuy\u00ean d\u1ee5ng cho b\u0103ng t\u1ea3i h\u00ecnh ch\u1eef V. S\u1ea3n ph\u1ea9m n\u00e0y mang l\u1ea1i hi\u1ec7u su\u1ea5t c\u0103n ch\u1ec9nh b\u0103ng t\u1ea3i v\u01b0\u1ee3t tr\u1ed9i m\u00e0 kh\u00f4ng c\u1ea7n l\u00e0m ph\u1eb3ng b\u0103ng tr\u01b0\u1edbc khi l\u1eafp \u0111\u1eb7t, gi\u00fap t\u1ed1i \u01b0u h\u00f3a qu\u00e1 tr\u00ecnh v\u1eadn h\u00e0nh.<\/p>\n<\/div><\/div>\n\n\n<style>.kadence-column3757_363b3d-66 > .kt-inside-inner-col,.kadence-column3757_363b3d-66 > .kt-inside-inner-col:before{border-top-left-radius:0px;border-top-right-radius:0px;border-bottom-right-radius:0px;border-bottom-left-radius:0px;}.kadence-column3757_363b3d-66 > .kt-inside-inner-col:before{opacity:0.3;}.kadence-column3757_363b3d-66{position:relative;}<\/style>\n<div class=\"wp-block-kadence-column kadence-column3757_363b3d-66\"><div class=\"kt-inside-inner-col\"><style>.kb-image3757_bdee2d-48.kb-image-is-ratio-size, .kb-image3757_bdee2d-48 .kb-image-is-ratio-size{max-width:419px;width:100%;}.kb-image3757_bdee2d-48 figure{max-width:419px;}.kb-image3757_bdee2d-48 .image-is-svg, .kb-image3757_bdee2d-48 .image-is-svg img{width:100%;}.kb-image3757_bdee2d-48 .kb-image-has-overlay:after{opacity:0.3;}<\/style>\n<div class=\"wp-block-kadence-image kb-image3757_bdee2d-48\"><figure class=\"aligncenter size-full\"><img fetchpriority=\"high\" decoding=\"async\" width=\"1024\" height=\"1024\" src=\"https:\/\/congnghebangtai.com\/wp-content\/uploads\/2025\/01\/V-return-EXHD-PU-Red0000-1024x1024-1.png\" alt=\"\" class=\"kb-img wp-image-3071\" srcset=\"https:\/\/congnghebangtai.com\/wp-content\/uploads\/2025\/01\/V-return-EXHD-PU-Red0000-1024x1024-1.png 1024w, https:\/\/congnghebangtai.com\/wp-content\/uploads\/2025\/01\/V-return-EXHD-PU-Red0000-1024x1024-1-300x300.png 300w, https:\/\/congnghebangtai.com\/wp-content\/uploads\/2025\/01\/V-return-EXHD-PU-Red0000-1024x1024-1-150x150.png 150w, https:\/\/congnghebangtai.com\/wp-content\/uploads\/2025\/01\/V-return-EXHD-PU-Red0000-1024x1024-1-768x768.png 768w, https:\/\/congnghebangtai.com\/wp-content\/uploads\/2025\/01\/V-return-EXHD-PU-Red0000-1024x1024-1-800x800.png 800w, https:\/\/congnghebangtai.com\/wp-content\/uploads\/2025\/01\/V-return-EXHD-PU-Red0000-1024x1024-1-700x700.png 700w, https:\/\/congnghebangtai.com\/wp-content\/uploads\/2025\/01\/V-return-EXHD-PU-Red0000-1024x1024-1-100x100.png 100w\" sizes=\"(max-width: 1024px) 100vw, 1024px\" \/><\/figure><\/div>\n<\/div><\/div>\n\n<\/div><\/div>\n\n\n<h3 class=\"wp-block-heading\"><strong>\u0110\u1eb7c \u0110i\u1ec3m N\u1ed5i B\u1eadt<\/strong><\/h3>\n\n\n<style>.wp-block-kadence-spacer.kt-block-spacer-3757_da6d41-cc .kt-block-spacer{height:34px;}.wp-block-kadence-spacer.kt-block-spacer-3757_da6d41-cc .kt-divider{border-top-width:12px;border-top-color:#ff0e0e;width:12%;border-top-style:solid;}<\/style>\n<div class=\"wp-block-kadence-spacer aligncenter kt-block-spacer-3757_da6d41-cc\"><div class=\"kt-block-spacer kt-block-spacer-halign-left\"><hr class=\"kt-divider\"\/><\/div><\/div>\n\n\n\n<ul class=\"wp-block-list\">\n<li style=\"letter-spacing:1px\"><strong>Thi\u1ebft k\u1ebf cho b\u0103ng t\u1ea3i h\u00ecnh ch\u1eef V<\/strong> \u2013 G\u00f3c ti\u00eau chu\u1ea9n 10 \u0111\u1ed9, t\u01b0\u01a1ng th\u00edch v\u1edbi b\u0103ng t\u1ea3i c\u00f3 g\u00f3c 5 v\u00e0 15 \u0111\u1ed9.<\/li>\n\n\n\n<li><strong>K\u1ebft c\u1ea5u ch\u1eafc ch\u1eafn, ch\u1ecbu t\u1ea3i n\u1eb7ng<\/strong> \u2013 \u0110\u01b0\u1ee3c thi\u1ebft k\u1ebf \u0111\u1eb7c bi\u1ec7t cho b\u0103ng t\u1ea3i l\u00f5i th\u00e9p c\u01b0\u1eddng \u0111\u1ed9 cao.<\/li>\n\n\n\n<li><strong>H\u1ec7 th\u1ed1ng l\u00e0m k\u00edn b\u1ec1n b\u1ec9<\/strong> \u2013 N\u1eafp th\u00e9p \u00e9p v\u00e0o v\u1ecf v\u00f2ng bi, ho\u1ea1t \u0111\u1ed9ng nh\u01b0 l\u1edbp b\u1ea3o v\u1ec7 ch\u1ed1ng b\u1ee5i b\u1ea9n x\u00e2m nh\u1eadp.<\/li>\n\n\n\n<li><strong>T\u01b0\u01a1ng th\u00edch v\u1edbi b\u0103ng t\u1ea3i t\u1ed1c \u0111\u1ed9 cao<\/strong> \u2013 Ho\u1ea1t \u0111\u1ed9ng hi\u1ec7u qu\u1ea3 v\u1edbi t\u1ed1c \u0111\u1ed9 tr\u00ean 4 m\/s.<\/li>\n\n\n\n<li><strong>D\u1ec5 d\u00e0ng thay th\u1ebf con l\u0103n<\/strong> \u2013 C\u00e1c con l\u0103n theo d\u00f5i \u0111\u01b0\u1ee3c l\u1eafp ri\u00eang bi\u1ec7t tr\u00ean tr\u1ee5c xoay trung t\u00e2m v\u00e0 c\u00f3 th\u1ec3 thay th\u1ebf \u0111\u1ed9c l\u1eadp khi b\u1ecb m\u00f2n.<\/li>\n\n\n\n<li><strong>Tr\u1ee5c xoay trung t\u00e2m c\u1ea3i ti\u1ebfn<\/strong> \u2013 C\u01a1 ch\u1ebf xoay nh\u1ea1y b\u00e9n v\u1edbi v\u00f2ng bi l\u1ef1c \u0111\u1ea9y b\u00ean trong, c\u00f3 th\u1ec3 b\u00f4i tr\u01a1n d\u1ec5 d\u00e0ng t\u1eeb gi\u00e1 \u0111\u1ee1.<\/li>\n\n\n\n<li><strong>Bu l\u00f4ng c\u0103ng ch\u1ec9nh<\/strong> \u2013 Gi\u00fap \u0111i\u1ec1u ch\u1ec9nh l\u1ef1c c\u0103ng d\u1ec5 d\u00e0ng, \u0111\u1ea3m b\u1ea3o hi\u1ec7u su\u1ea5t ho\u1ea1t \u0111\u1ed9ng \u1ed5n \u0111\u1ecbnh.<\/li>\n\n\n\n<li><strong>L\u1edbp b\u1ecdc cao su ch\u1ecbu m\u00e0i m\u00f2n cao<\/strong> \u2013 T\u0103ng c\u01b0\u1eddng \u0111\u1ed9 b\u1ec1n v\u00e0 tu\u1ed5i th\u1ecd c\u1ee7a s\u1ea3n ph\u1ea9m.<\/li>\n\n\n\n<li><strong>V\u00f2ng bi<\/strong> \u2013 S\u1eed d\u1ee5ng v\u00f2ng bi r\u00e3nh s\u00e2u ti\u00eau chu\u1ea9n.<\/li>\n\n\n\n<li><strong>Ho\u1ea1t \u0111\u1ed9ng trong m\u1ecdi \u0111i\u1ec1u ki\u1ec7n<\/strong> \u2013 Ph\u1ea3n \u1ee9ng nhanh tr\u00ean c\u1ea3 b\u0103ng t\u1ea3i kh\u00f4 v\u00e0 \u01b0\u1edbt, s\u1eed d\u1ee5ng t\u1ed1t trong h\u1ea7m m\u1ecf ho\u1eb7c tr\u00ean m\u1eb7t \u0111\u1ea5t.<\/li>\n\n\n\n<li><strong>Hi\u1ec7u su\u1ea5t \u1ed5n \u0111\u1ecbnh v\u1edbi b\u0103ng t\u1ea3i \u0111\u1ea3o chi\u1ec1u<\/strong> \u2013 Gi\u1eef b\u0103ng t\u1ea3i lu\u00f4n \u1edf v\u1ecb tr\u00ed trung t\u00e2m khi ho\u1ea1t \u0111\u1ed9ng theo c\u1ea3 hai h\u01b0\u1edbng.<\/li>\n\n\n\n<li><strong>K\u00edch th\u01b0\u1edbc<\/strong> \u2013 D\u00e0nh cho b\u0103ng t\u1ea3i c\u00f3 \u0111\u1ed9 r\u1ed9ng t\u1eeb 900mm \u0111\u1ebfn 2100mm<br><\/li>\n<\/ul>\n\n\n\n<p><\/p>\n\n\n\n<p><\/p>\n","protected":false},"excerpt":{"rendered":"<p>V\u1ec0 S\u1ea2N PH\u1ea8M Con L\u0103n Ch\u1ed1ng L\u1ec7ch Nh\u00e1nh H\u1ed3i D\u1ea1ng V C\u1ef1c N\u1eb7ng B\u1ed9 con l\u0103n Tru-Trac\u00ae V-Return Tracker l\u00e0 thi\u1ebft k\u1ebf \u0111\u01b0\u1ee3c c\u1ea5p b\u1eb1ng s\u00e1ng ch\u1ebf, chuy\u00ean d\u1ee5ng cho b\u0103ng t\u1ea3i h\u00ecnh ch\u1eef V. S\u1ea3n ph\u1ea9m n\u00e0y mang l\u1ea1i hi\u1ec7u su\u1ea5t c\u0103n ch\u1ec9nh b\u0103ng t\u1ea3i v\u01b0\u1ee3t tr\u1ed9i m\u00e0 kh\u00f4ng c\u1ea7n l\u00e0m ph\u1eb3ng b\u0103ng tr\u01b0\u1edbc&#8230;<\/p>\n","protected":false},"author":1,"featured_media":0,"parent":0,"menu_order":0,"comment_status":"closed","ping_status":"closed","template":"","meta":{"_kad_blocks_custom_css":"","_kad_blocks_head_custom_js":"","_kad_blocks_body_custom_js":"","_kad_blocks_footer_custom_js":"","_kad_post_transparent":"","_kad_post_title":"","_kad_post_layout":"","_kad_post_sidebar_id":"","_kad_post_content_style":"","_kad_post_vertical_padding":"","_kad_post_feature":"","_kad_post_feature_position":"","_kad_post_header":false,"_kad_post_footer":false,"footnotes":""},"class_list":["post-3757","page","type-page","status-publish","hentry"],"taxonomy_info":[],"featured_image_src_large":false,"author_info":{"display_name":"admin","author_link":"https:\/\/congnghebangtai.com\/?author=1"},"comment_info":0,"_links":{"self":[{"href":"https:\/\/congnghebangtai.com\/index.php?rest_route=\/wp\/v2\/pages\/3757","targetHints":{"allow":["GET"]}}],"collection":[{"href":"https:\/\/congnghebangtai.com\/index.php?rest_route=\/wp\/v2\/pages"}],"about":[{"href":"https:\/\/congnghebangtai.com\/index.php?rest_route=\/wp\/v2\/types\/page"}],"author":[{"embeddable":true,"href":"https:\/\/congnghebangtai.com\/index.php?rest_route=\/wp\/v2\/users\/1"}],"replies":[{"embeddable":true,"href":"https:\/\/congnghebangtai.com\/index.php?rest_route=%2Fwp%2Fv2%2Fcomments&post=3757"}],"version-history":[{"count":1,"href":"https:\/\/congnghebangtai.com\/index.php?rest_route=\/wp\/v2\/pages\/3757\/revisions"}],"predecessor-version":[{"id":3758,"href":"https:\/\/congnghebangtai.com\/index.php?rest_route=\/wp\/v2\/pages\/3757\/revisions\/3758"}],"wp:attachment":[{"href":"https:\/\/congnghebangtai.com\/index.php?rest_route=%2Fwp%2Fv2%2Fmedia&parent=3757"}],"curies":[{"name":"wp","href":"https:\/\/api.w.org\/{rel}","templated":true}]}}